{"id":64407,"date":"2024-01-16T14:20:32","date_gmt":"2024-01-16T21:55:12","guid":{"rendered":"https:\/\/factory.sale\/?post_type=product&#038;p=64407"},"modified":"2024-06-26T12:09:16","modified_gmt":"2024-06-26T12:09:16","slug":"grillilauta-leppa-40-cm","status":"publish","type":"product","link":"https:\/\/factory.sale\/fi\/tuote\/grillilauta-leppa-40-cm\/","title":{"rendered":"Grillilauta (lepp\u00e4) 40 cm"},"content":{"rendered":"<p><strong>Tuotekoodi:<\/strong> 13290030<\/p>\n<p>&nbsp;<\/p>\n<p>&nbsp;<\/p>\n<p><strong>K\u00e4ytt\u00f6:<\/strong> Liota lauta vedess\u00e4 v\u00e4hint\u00e4\u00e4n 30 minuuttia ennen sen asettamista grilliin. Jos valmistat nahallista kalaa, sivele nahka ruoka\u00f6ljyll\u00e4 ennen sen asettamista laudalle. Aseta kala nahkapuoli alasp\u00e4in laudalle. Hiiligrilliss\u00e4 ty\u00f6nn\u00e4 valmiit hiilet grillin toiselle puolelle ja aseta lauta ruoan kanssa ritil\u00e4lle grillin toiselle puolelle. Sulje grilli paistamisen ajaksi.<\/p>\n<p>Tarjoile ruoka suoraan laudalta. Grillilautaa voi k\u00e4ytt\u00e4\u00e4 kaksi tai kolme kertaa, ja lopuksi voit murt\u00e4\u00e4 hiiltyneet j\u00e4\u00e4nteet grillille ja k\u00e4ytt\u00e4\u00e4 niit\u00e4 savun tuottamiseen grillaamisen aikana. Uudelleenk\u00e4ytt\u00f6\u00e4 varten huuhtele lauta vedell\u00e4 ja s\u00e4ilyt\u00e4 se puhtaassa, kuivassa paikassa. \u00c4l\u00e4 k\u00e4yt\u00e4 saippuaa, se muuttaa laudan makuominaisuuksia.<\/p>\n<p><strong>HUOM!<\/strong> On normaalia, ett\u00e4 lauta syttyy k\u00e4yt\u00f6n aikana. Pid\u00e4 suihkepullo vett\u00e4 valmiina ja k\u00e4yt\u00e4 sit\u00e4 mahdollisesti syttyvien liekkien sammuttamiseen ja laudan palamisen hidastamiseen. Kasta k\u00e4ytetty lauta veteen grillaamisen j\u00e4lkeen, sill\u00e4 laudassa voi olla kek\u00e4leit\u00e4 ja hehkuvia hiukkasia, jotka voivat my\u00f6hemmin sytty\u00e4 uudelleen.<\/p>\n<p>&nbsp;<\/p>\n<p><strong>Tuotetiedot:<\/strong><\/p>\n<ul>\n<li>Pakkauksen mitat: 12-22 \u00d7 40 \u00d7 1.5 cm (P\/L\/K)<\/li>\n<li>Paino: 0.7 kg<\/li>\n<\/ul>\n<p>&nbsp;<\/p>\n<p>&nbsp;<\/p>\n<p>&nbsp;<\/p>\n","protected":false},"excerpt":{"rendered":"<p>Grillilauta kalan tai lihan grillaamiseen.<\/p>\n","protected":false},"featured_media":64137,"comment_status":"open","ping_status":"closed","template":"","meta":{"_acf_changed":false},"factory":[],"free-shipment":[],"product_brand":[],"product_cat":[2754,997],"product_tag":[1488,1489],"class_list":{"0":"post-64407","1":"product","2":"type-product","3":"status-publish","4":"has-post-thumbnail","6":"product_cat-grillit-ja-uunit","7":"product_cat-piha-puutarha-fi","8":"product_tag-garden-fi","9":"product_tag-yard-fi","11":"first","12":"instock","13":"sale","14":"taxable","15":"shipping-taxable","16":"purchasable","17":"product-type-simple"},"acf":[],"_links":{"self":[{"href":"https:\/\/factory.sale\/fi\/wp-json\/wp\/v2\/product\/64407","targetHints":{"allow":["GET"]}}],"collection":[{"href":"https:\/\/factory.sale\/fi\/wp-json\/wp\/v2\/product"}],"about":[{"href":"https:\/\/factory.sale\/fi\/wp-json\/wp\/v2\/types\/product"}],"replies":[{"embeddable":true,"href":"https:\/\/factory.sale\/fi\/wp-json\/wp\/v2\/comments?post=64407"}],"wp:featuredmedia":[{"embeddable":true,"href":"https:\/\/factory.sale\/fi\/wp-json\/wp\/v2\/media\/64137"}],"wp:attachment":[{"href":"https:\/\/factory.sale\/fi\/wp-json\/wp\/v2\/media?parent=64407"}],"wp:term":[{"taxonomy":"factory","embeddable":true,"href":"https:\/\/factory.sale\/fi\/wp-json\/wp\/v2\/factory?post=64407"},{"taxonomy":"free-shipment","embeddable":true,"href":"https:\/\/factory.sale\/fi\/wp-json\/wp\/v2\/free-shipment?post=64407"},{"taxonomy":"product_brand","embeddable":true,"href":"https:\/\/factory.sale\/fi\/wp-json\/wp\/v2\/product_brand?post=64407"},{"taxonomy":"product_cat","embeddable":true,"href":"https:\/\/factory.sale\/fi\/wp-json\/wp\/v2\/product_cat?post=64407"},{"taxonomy":"product_tag","embeddable":true,"href":"https:\/\/factory.sale\/fi\/wp-json\/wp\/v2\/product_tag?post=64407"}],"curies":[{"name":"wp","href":"https:\/\/api.w.org\/{rel}","templated":true}]}}