{"id":64112,"date":"2024-01-16T13:41:29","date_gmt":"2024-01-16T13:50:01","guid":{"rendered":"https:\/\/factory.sale\/?post_type=product&#038;p=64112"},"modified":"2024-06-25T21:16:11","modified_gmt":"2024-06-25T21:16:11","slug":"savustuslastu-leppa-pakkaus-3l","status":"publish","type":"product","link":"https:\/\/factory.sale\/fi\/tuote\/savustuslastu-leppa-pakkaus-3l\/","title":{"rendered":"Savustuslastu lepp\u00e4 (pakkaus 3L)"},"content":{"rendered":"<p><strong>Tuotekoodi:<\/strong> 20900340<\/p>\n<p>&nbsp;<\/p>\n<p>Erityisesti grillauksen yst\u00e4ville suunniteltuina n\u00e4m\u00e4 lastut antavat lihallesi ja kasviksillesi hienovaraisen, miedosti makean savun maun, tuoden aidon ulkona ruoanlaiton maun suoraan takapihallesi. Olitpa sitten savustamassa lohta, naudanlihaa, kanaa tai kasviksia, meid\u00e4n lepp\u00e4lastumme takaavat t\u00e4ydellisesti tasapainoisen maun, joka tekee vaikutuksen vieraisiisi. Helppok\u00e4ytt\u00f6isi\u00e4 ja sopivia kaikenlaisiin savustimiin ja grilleihin, n\u00e4m\u00e4 lastut ovat sinun valintasi unohtumattomien ruokailukokemusten luomiseen.<\/p>\n<p>&nbsp;<\/p>\n<p><strong>Tuotetiedot:<\/strong><\/p>\n<ul>\n<li>Laatikko: 24 kpl<\/li>\n<li>Hinta per pakkaus<\/li>\n<li>Pakkauksen mitat: 30 \u00d7 18 \u00d7 6 cm (P\/L\/K)<\/li>\n<li>Paino: 0.5 kg<\/li>\n<\/ul>\n<p>&nbsp;<\/p>\n<p>&nbsp;<\/p>\n<p>&nbsp;<\/p>\n","protected":false},"excerpt":{"rendered":"<p>Erityisesti grillauksen yst\u00e4ville suunniteltuina n\u00e4m\u00e4 lastut antavat lihallesi ja kasviksillesi hienovaraisen, miedosti makean savun maun, tuoden aidon ulkona ruoanlaiton maun suoraan takapihallesi. Olitpa sitten savustamassa lohta, naudanlihaa, kanaa tai kasviksia, meid\u00e4n lepp\u00e4lastumme takaavat t\u00e4ydellisesti tasapainoisen maun, joka tekee vaikutuksen vieraisiisi. Helppok\u00e4ytt\u00f6isi\u00e4 ja sopivia kaikenlaisiin savustimiin ja grilleihin, n\u00e4m\u00e4 lastut ovat sinun valintasi unohtumattomien ruokailukokemusten luomiseen.<\/p>\n","protected":false},"featured_media":64105,"comment_status":"open","ping_status":"closed","template":"","meta":{"_acf_changed":false},"factory":[],"free-shipment":[],"product_brand":[],"product_cat":[2754,997],"product_tag":[1488],"class_list":{"0":"post-64112","1":"product","2":"type-product","3":"status-publish","4":"has-post-thumbnail","6":"product_cat-grillit-ja-uunit","7":"product_cat-piha-puutarha-fi","8":"product_tag-garden-fi","10":"first","11":"instock","12":"sale","13":"taxable","14":"shipping-taxable","15":"purchasable","16":"product-type-simple"},"acf":[],"_links":{"self":[{"href":"https:\/\/factory.sale\/fi\/wp-json\/wp\/v2\/product\/64112","targetHints":{"allow":["GET"]}}],"collection":[{"href":"https:\/\/factory.sale\/fi\/wp-json\/wp\/v2\/product"}],"about":[{"href":"https:\/\/factory.sale\/fi\/wp-json\/wp\/v2\/types\/product"}],"replies":[{"embeddable":true,"href":"https:\/\/factory.sale\/fi\/wp-json\/wp\/v2\/comments?post=64112"}],"wp:featuredmedia":[{"embeddable":true,"href":"https:\/\/factory.sale\/fi\/wp-json\/wp\/v2\/media\/64105"}],"wp:attachment":[{"href":"https:\/\/factory.sale\/fi\/wp-json\/wp\/v2\/media?parent=64112"}],"wp:term":[{"taxonomy":"factory","embeddable":true,"href":"https:\/\/factory.sale\/fi\/wp-json\/wp\/v2\/factory?post=64112"},{"taxonomy":"free-shipment","embeddable":true,"href":"https:\/\/factory.sale\/fi\/wp-json\/wp\/v2\/free-shipment?post=64112"},{"taxonomy":"product_brand","embeddable":true,"href":"https:\/\/factory.sale\/fi\/wp-json\/wp\/v2\/product_brand?post=64112"},{"taxonomy":"product_cat","embeddable":true,"href":"https:\/\/factory.sale\/fi\/wp-json\/wp\/v2\/product_cat?post=64112"},{"taxonomy":"product_tag","embeddable":true,"href":"https:\/\/factory.sale\/fi\/wp-json\/wp\/v2\/product_tag?post=64112"}],"curies":[{"name":"wp","href":"https:\/\/api.w.org\/{rel}","templated":true}]}}