{"id":64026,"date":"2024-01-16T12:00:45","date_gmt":"2024-01-16T12:09:45","guid":{"rendered":"https:\/\/factory.sale\/?post_type=product&#038;p=64026"},"modified":"2025-02-25T09:30:31","modified_gmt":"2025-02-25T06:30:31","slug":"tulisija-grillauskotaan-kuvulla-ja-savupiipulla","status":"publish","type":"product","link":"https:\/\/factory.sale\/fi\/tuote\/tulisija-grillauskotaan-kuvulla-ja-savupiipulla\/","title":{"rendered":"Tulisija grillauskotaan kuvulla ja savupiipulla"},"content":{"rendered":"<p><strong>Tuotekoodi:<\/strong> 12120120<\/p>\n<p>&nbsp;<\/p>\n<p>Stoveman Tulisija grillauskotaan on tarkoitettu avoimen tulen tekoon ja grillaukseen grillikotaan tai lehtimajaan. Tulisija koostuu monista eri osista, ollessa samalla helposti koottava kokoamisohjeden avulla.<\/p>\n<p><strong>Kokoonpanossa on<\/strong> kahdesta osasta koostuva jalkaosa, tuhkapannu ja ruostumattomasta materiaalista k\u00e4\u00e4nnett\u00e4v\u00e4 grillausritil\u00e4, ripustuskaari ripustuskoukkuineen, puinen reunalauta (6 kpl), savupiippuputki kupuineen ja riiputusketinkeineen. K\u00e4\u00e4nnett\u00e4v\u00e4n grillausritil\u00e4n voi s\u00e4\u00e4t\u00e4\u00e4 kolmeen eri korkeuteen.<\/p>\n<p>Nuotioalusta on valmistettu 2 mm ter\u00e4slevyst\u00e4 (tuhkaritil\u00e4 4 mm) ja viimeistelty korkeita l\u00e4mp\u00f6tiloja kest\u00e4v\u00e4ll\u00e4 maalilla.<\/p>\n<p>Tulisija saa tulentekoon k\u00e4ytt\u00e4\u00e4 ainoastaan laadukasta puuta tai erillisia grillaushiilia. On kielletty muunlaisen palavan materiaalin k\u00e4ytt\u00f6!<br \/>\nK\u00e4yt\u00f6n aikana ja k\u00e4yt\u00f6n j\u00e4lkeen ei saa j\u00e4tt\u00e4\u00e4 nuotio alusta ilman seurantaa kunnes palava materiaali (puu, hiilet tms) on loppuun palannut ja palamisj\u00e4tteet on sammutettu vedell\u00e4!<\/p>\n<p>&nbsp;<\/p>\n<p><strong>Yleistietoja:<\/strong><\/p>\n<ul>\n<li>Pakkauksen mittat: 100 \u00d7 120 \u00d7 150 cm (p\/l\/k)<\/li>\n<li>Paino: 95 kg (kilogramma)<\/li>\n<\/ul>\n<p>&nbsp;<\/p>\n<p>&nbsp;<\/p>\n<p><a href=\"https:\/\/factory.sale\/wp-content\/uploads\/2024\/01\/Grillkoja_lokkeaseme_paigaldus_kasutusjuhend_FIN_.pdf\" target=\"_blank\" rel=\"noopener\">Ohjeet<\/a><\/p>\n","protected":false},"excerpt":{"rendered":"<p>Stoveman Tulisija grillauskotaan on tarkoitettu avoimen tulen tekoon ja grillaukseen grillikotaan tai lehtimajaan. Tulisija koostuu monista eri osista, ollessa samalla helposti koottava kokoamisohjeden avulla.<\/p>\n<p>&nbsp;<\/p>\n<p>EI OLE T\u00c4LL\u00c4 HETKELL\u00c4 SAATAVILLA!<\/p>\n","protected":false},"featured_media":64019,"comment_status":"open","ping_status":"closed","template":"","meta":{"_acf_changed":false},"factory":[],"free-shipment":[],"product_brand":[],"product_cat":[2754,997],"product_tag":[1488],"class_list":{"0":"post-64026","1":"product","2":"type-product","3":"status-publish","4":"has-post-thumbnail","6":"product_cat-grillit-ja-uunit","7":"product_cat-piha-puutarha-fi","8":"product_tag-garden-fi","10":"first","11":"instock","12":"sale","13":"taxable","14":"shipping-taxable","15":"purchasable","16":"product-type-simple"},"acf":[],"_links":{"self":[{"href":"https:\/\/factory.sale\/fi\/wp-json\/wp\/v2\/product\/64026","targetHints":{"allow":["GET"]}}],"collection":[{"href":"https:\/\/factory.sale\/fi\/wp-json\/wp\/v2\/product"}],"about":[{"href":"https:\/\/factory.sale\/fi\/wp-json\/wp\/v2\/types\/product"}],"replies":[{"embeddable":true,"href":"https:\/\/factory.sale\/fi\/wp-json\/wp\/v2\/comments?post=64026"}],"wp:featuredmedia":[{"embeddable":true,"href":"https:\/\/factory.sale\/fi\/wp-json\/wp\/v2\/media\/64019"}],"wp:attachment":[{"href":"https:\/\/factory.sale\/fi\/wp-json\/wp\/v2\/media?parent=64026"}],"wp:term":[{"taxonomy":"factory","embeddable":true,"href":"https:\/\/factory.sale\/fi\/wp-json\/wp\/v2\/factory?post=64026"},{"taxonomy":"free-shipment","embeddable":true,"href":"https:\/\/factory.sale\/fi\/wp-json\/wp\/v2\/free-shipment?post=64026"},{"taxonomy":"product_brand","embeddable":true,"href":"https:\/\/factory.sale\/fi\/wp-json\/wp\/v2\/product_brand?post=64026"},{"taxonomy":"product_cat","embeddable":true,"href":"https:\/\/factory.sale\/fi\/wp-json\/wp\/v2\/product_cat?post=64026"},{"taxonomy":"product_tag","embeddable":true,"href":"https:\/\/factory.sale\/fi\/wp-json\/wp\/v2\/product_tag?post=64026"}],"curies":[{"name":"wp","href":"https:\/\/api.w.org\/{rel}","templated":true}]}}