{"id":64005,"date":"2024-01-16T11:37:53","date_gmt":"2024-01-16T11:50:30","guid":{"rendered":"https:\/\/factory.sale\/?post_type=product&#038;p=64005"},"modified":"2024-06-26T04:21:40","modified_gmt":"2024-06-26T04:21:40","slug":"stoveman-tulisija-kuutiolla-premium","status":"publish","type":"product","link":"https:\/\/factory.sale\/fi\/tuote\/stoveman-tulisija-kuutiolla-premium\/","title":{"rendered":"Stoveman tulisija kuutiolla Premium"},"content":{"rendered":"<p><strong>Tuotekoodi:<\/strong> 12120134<\/p>\n<p>&nbsp;<\/p>\n<p>&nbsp;<\/p>\n<p>Stoveman tulisija kuutiolla Premium on suunniteltu avotulen tekemiseen ja grillaamiseen kotipuutarhaan, kes\u00e4m\u00f6kille, turismifarmiin ja maakotiin. Tulisija koostuu monista eri osista, mutta sen kokoaminen on helppoa asennusohjeen avulla. Tuote on valmistettu vahvasta ja kest\u00e4v\u00e4st\u00e4 ter\u00e4ksest\u00e4 ja viimeistelty korkeita l\u00e4mp\u00f6tiloja kest\u00e4v\u00e4ll\u00e4 l\u00e4mp\u00f6kest\u00e4v\u00e4ll\u00e4 maalilla.<\/p>\n<p>Pakkaukseen sis\u00e4ltyy kaksi tuulensuojalevy\u00e4, grillausritil\u00f6it\u00e4 (2 kpl) ja grillivartaita (5 kpl).<\/p>\n<p>Ulkoilmagrilliss\u00e4 polttoaineeksi saa k\u00e4ytt\u00e4\u00e4 vain laadukasta puuta tai erityist\u00e4 grillihiilt\u00e4. Muiden palavien materiaalien k\u00e4ytt\u00f6 on kielletty!<br \/>\nGrillin k\u00e4yt\u00f6n aikana ja k\u00e4yt\u00f6n p\u00e4\u00e4tytty\u00e4 ei saa j\u00e4tt\u00e4\u00e4 ulkoilmagrilli\u00e4 valvomatta, ennen kuin palavat materiaalit (puu, hiilet jne.) ovat t\u00e4ysin palaneet tai palamisj\u00e4\u00e4m\u00e4t on sammutettu vedell\u00e4!<\/p>\n<p>&nbsp;<\/p>\n<p><strong>Tuotetiedot:<\/strong><\/p>\n<ul>\n<li>Mitat: 80 x 70 x 250 cm<\/li>\n<li>Pakkauksen mitat: 100 \u00d7 120 \u00d7 85 cm (P\/L\/K)<\/li>\n<li>Paino: 90 kg<\/li>\n<\/ul>\n","protected":false},"excerpt":{"rendered":"<p>Stoveman tulisija kuutiolla Premium on suunniteltu avotulen tekemiseen ja grillaamiseen kotipuutarhaan, kes\u00e4m\u00f6kille, turismifarmiin ja maakotiin. Tulisija koostuu monista eri osista, mutta sen kokoaminen on helppoa asennusohjeen avulla. Tuote on valmistettu vahvasta ja kest\u00e4v\u00e4st\u00e4 ter\u00e4ksest\u00e4 ja viimeistelty korkeita l\u00e4mp\u00f6tiloja kest\u00e4v\u00e4ll\u00e4 l\u00e4mp\u00f6kest\u00e4v\u00e4ll\u00e4 maalilla.<\/p>\n","protected":false},"featured_media":63998,"comment_status":"open","ping_status":"closed","template":"","meta":{"_acf_changed":false},"factory":[],"free-shipment":[],"product_brand":[],"product_cat":[2754,997],"product_tag":[1489],"class_list":{"0":"post-64005","1":"product","2":"type-product","3":"status-publish","4":"has-post-thumbnail","6":"product_cat-grillit-ja-uunit","7":"product_cat-piha-puutarha-fi","8":"product_tag-yard-fi","10":"first","11":"instock","12":"sale","13":"taxable","14":"shipping-taxable","15":"purchasable","16":"product-type-simple"},"acf":[],"_links":{"self":[{"href":"https:\/\/factory.sale\/fi\/wp-json\/wp\/v2\/product\/64005","targetHints":{"allow":["GET"]}}],"collection":[{"href":"https:\/\/factory.sale\/fi\/wp-json\/wp\/v2\/product"}],"about":[{"href":"https:\/\/factory.sale\/fi\/wp-json\/wp\/v2\/types\/product"}],"replies":[{"embeddable":true,"href":"https:\/\/factory.sale\/fi\/wp-json\/wp\/v2\/comments?post=64005"}],"wp:featuredmedia":[{"embeddable":true,"href":"https:\/\/factory.sale\/fi\/wp-json\/wp\/v2\/media\/63998"}],"wp:attachment":[{"href":"https:\/\/factory.sale\/fi\/wp-json\/wp\/v2\/media?parent=64005"}],"wp:term":[{"taxonomy":"factory","embeddable":true,"href":"https:\/\/factory.sale\/fi\/wp-json\/wp\/v2\/factory?post=64005"},{"taxonomy":"free-shipment","embeddable":true,"href":"https:\/\/factory.sale\/fi\/wp-json\/wp\/v2\/free-shipment?post=64005"},{"taxonomy":"product_brand","embeddable":true,"href":"https:\/\/factory.sale\/fi\/wp-json\/wp\/v2\/product_brand?post=64005"},{"taxonomy":"product_cat","embeddable":true,"href":"https:\/\/factory.sale\/fi\/wp-json\/wp\/v2\/product_cat?post=64005"},{"taxonomy":"product_tag","embeddable":true,"href":"https:\/\/factory.sale\/fi\/wp-json\/wp\/v2\/product_tag?post=64005"}],"curies":[{"name":"wp","href":"https:\/\/api.w.org\/{rel}","templated":true}]}}