{"id":63774,"date":"2024-01-15T22:14:45","date_gmt":"2024-01-15T22:22:30","guid":{"rendered":"https:\/\/factory.sale\/?post_type=product&#038;p=63774"},"modified":"2024-06-27T17:00:24","modified_gmt":"2024-06-27T17:00:24","slug":"stovemanin-tulisija-profi","status":"publish","type":"product","link":"https:\/\/factory.sale\/fi\/tuote\/stovemanin-tulisija-profi\/","title":{"rendered":"Stoveman:in Tulisija Profi"},"content":{"rendered":"<p><strong>Tuotekoodi:<\/strong> 12120160<\/p>\n<p>&nbsp;<\/p>\n<p>Stoveman:in TULISIJA PROFI on tarkoitettu avoimen tulen tekoon ja grillaukseen kotipihalle, kes\u00e4m\u00f6kille, turistitiloihin ja maalaistiloihin. Tulisija koostuu monista eri osista, ollessa samalla helposti koottava kokoamisohjeiden avulla.<\/p>\n<p>Kokoonpanossa on kahdesta osasta koostuva jalkaosa, tuhkapannu, ruostumattomasta materialista kulmikas grillausritil\u00e4, 2x k\u00e4\u00e4nnett\u00e4v\u00e4\u00e4 py\u00f6re\u00e4\u00e4 ruostumattomasta materiaalista grillausritil\u00e4\u00e4 ja ripustuskaari ripustussilmukkaineen. Py\u00f6re\u00e4t k\u00e4\u00e4nnett\u00e4v\u00e4t grillausritil\u00e4t on mahdollista kiinnitt\u00e4\u00e4 kolmelle eri tasolle. Nuotioalusta on valmistettu 2mm ter\u00e4slevyst\u00e4 (tuhkapannu 4mm) ja viimeistelty korkeita l\u00e4mp\u00f6tiloja kest\u00e4v\u00e4ll\u00e4 maalilla.<\/p>\n<p>Tulisija saa tulentekoon k\u00e4ytt\u00e4\u00e4 ainoastaan laadukasta puuta tai erillisia grillaushiilia. On kielletty muunlaisen palavan materiaalin k\u00e4ytt\u00f6!<\/p>\n<p>K\u00e4yt\u00f6n aikana ja k\u00e4yt\u00f6n j\u00e4lkeen ei saa j\u00e4tt\u00e4\u00e4 nuotion alusta ilman seurantaa kunnes palava materiaali (puu, hiilet tms) on loppuun palannut ja palamisj\u00e4tteet on sammutettu vedell\u00e4!<\/p>\n<p>&nbsp;<\/p>\n<p>&nbsp;<\/p>\n<p><strong>Yleistietoja:<\/strong><\/p>\n<ul>\n<li>Jalkojen korkeus: 64 cm<\/li>\n<li>Nuotionalustan l\u00e4pimitta: 105 cm (syvyys keskelt\u00e4 \u00a016 cm, reunasta 10 cm)<\/li>\n<li>Ruostumattomasta materiaalista grillausritil\u00e4: 39 \u00d7 36,5 cm<\/li>\n<li>Ruostumattomasta materiaalista py\u00f6re\u00e4t grillausritil\u00e4t l\u00e4pimitalla 35 cm<\/li>\n<li>Nuotioalustan yleinen korkeus: 79 cm<\/li>\n<li>Ripustuskaaren korkeus :120 cm (tulisijan ja ripustuskaaren v\u00e4li 55 cm)<\/li>\n<li>Pakkauksen mittat: 105 \u00d7 90 \u00d7 43 cm (p\/l\/k)<\/li>\n<li>Paino: 50 kg (kilogramma)<\/li>\n<\/ul>\n<p>&nbsp;<\/p>\n<p>&nbsp;<\/p>\n<p><a href=\"https:\/\/factory.sale\/wp-content\/uploads\/2024\/01\/Lokkease-PROFI.pdf\" target=\"_blank\" rel=\"noopener\">Ohjeet<\/a><\/p>\n","protected":false},"excerpt":{"rendered":"<p>Stoveman:in TULISIJA PROFI on tarkoitettu avoimen tulen tekoon ja grillaukseen kotipihalle, kes\u00e4m\u00f6kille, turistitiloihin ja maalaistiloihin. Tulisija koostuu monista eri osista, ollessa samalla helposti koottava kokoamisohjeiden avulla.<\/p>\n","protected":false},"featured_media":63764,"comment_status":"open","ping_status":"closed","template":"","meta":{"_acf_changed":false},"factory":[],"free-shipment":[],"product_brand":[],"product_cat":[2754,997],"product_tag":[1488,1489],"class_list":{"0":"post-63774","1":"product","2":"type-product","3":"status-publish","4":"has-post-thumbnail","6":"product_cat-grillit-ja-uunit","7":"product_cat-piha-puutarha-fi","8":"product_tag-garden-fi","9":"product_tag-yard-fi","11":"first","12":"instock","13":"sale","14":"taxable","15":"shipping-taxable","16":"purchasable","17":"product-type-simple"},"acf":[],"_links":{"self":[{"href":"https:\/\/factory.sale\/fi\/wp-json\/wp\/v2\/product\/63774","targetHints":{"allow":["GET"]}}],"collection":[{"href":"https:\/\/factory.sale\/fi\/wp-json\/wp\/v2\/product"}],"about":[{"href":"https:\/\/factory.sale\/fi\/wp-json\/wp\/v2\/types\/product"}],"replies":[{"embeddable":true,"href":"https:\/\/factory.sale\/fi\/wp-json\/wp\/v2\/comments?post=63774"}],"wp:featuredmedia":[{"embeddable":true,"href":"https:\/\/factory.sale\/fi\/wp-json\/wp\/v2\/media\/63764"}],"wp:attachment":[{"href":"https:\/\/factory.sale\/fi\/wp-json\/wp\/v2\/media?parent=63774"}],"wp:term":[{"taxonomy":"factory","embeddable":true,"href":"https:\/\/factory.sale\/fi\/wp-json\/wp\/v2\/factory?post=63774"},{"taxonomy":"free-shipment","embeddable":true,"href":"https:\/\/factory.sale\/fi\/wp-json\/wp\/v2\/free-shipment?post=63774"},{"taxonomy":"product_brand","embeddable":true,"href":"https:\/\/factory.sale\/fi\/wp-json\/wp\/v2\/product_brand?post=63774"},{"taxonomy":"product_cat","embeddable":true,"href":"https:\/\/factory.sale\/fi\/wp-json\/wp\/v2\/product_cat?post=63774"},{"taxonomy":"product_tag","embeddable":true,"href":"https:\/\/factory.sale\/fi\/wp-json\/wp\/v2\/product_tag?post=63774"}],"curies":[{"name":"wp","href":"https:\/\/api.w.org\/{rel}","templated":true}]}}