{"id":63619,"date":"2024-01-15T15:11:09","date_gmt":"2024-01-15T15:19:22","guid":{"rendered":"https:\/\/factory.sale\/?post_type=product&#038;p=63619"},"modified":"2024-06-27T11:46:18","modified_gmt":"2024-06-27T11:46:18","slug":"stovemanin-tulisija","status":"publish","type":"product","link":"https:\/\/factory.sale\/fi\/tuote\/stovemanin-tulisija\/","title":{"rendered":"Stoveman:in Tulisija"},"content":{"rendered":"<p><strong>Tuotekoodi:<\/strong> 12120360<\/p>\n<p>&nbsp;<\/p>\n<p>Stoveman:in TULISIJA on tarkoitettu avoimen tulen tekoon ja grillaukseen kotipihalle, kes\u00e4m\u00f6kille, turistitiloihin ja maalaistiloihin. Tulisija koostuu monista eri osista, ollessa samalla helposti koottava kokoamisohjeiden avulla.<\/p>\n<p>Kokoonpanossa on kahdesta osasta koostuva jalkaosa, tuhkapannu ja ruostumattomasta materiaalista grillausritil\u00e4. Nuotioalusta on valmistettu 2mm ter\u00e4slevyst\u00e4 (tuhkaritil\u00e4 4mm) ja viimeistelty korkeita l\u00e4mp\u00f6tiloja kest\u00e4v\u00e4ll\u00e4 maalilla.<\/p>\n<p>Nuotioalustalla saa tulentekoon k\u00e4ytt\u00e4\u00e4 ainoastaan laadukasta puuta tai erillisia grillaushiilia. On kielletty muunlaisen palavan materiaalin k\u00e4ytt\u00f6!<\/p>\n<p>K\u00e4yt\u00f6n aikana ja k\u00e4yt\u00f6n j\u00e4lkeen ei saa j\u00e4tt\u00e4\u00e4 tulisija ilman seurantaa kunnes palava materiaali (puu, hiilet tms) on loppuun palannut ja palamisj\u00e4tteet on sammutettu vedell\u00e4!<\/p>\n<p>&nbsp;<\/p>\n<p><strong>Yleistietoja:<\/strong><\/p>\n<ul>\n<li>Jalkojen korkeus: 40 cm<\/li>\n<li>Nuotionalustan l\u00e4pimitta: 91 cm (syvyys keskelt\u00e4 16cm, reunasta 10cm)<\/li>\n<li>Ruostumattomasta materiaalista grillausritil\u00e4: 39\u00d736,5 cm<\/li>\n<li>Nuotionalustan yleinen korkeus: 57 cm<\/li>\n<li>Pakkauksen mittat: 100 \u00d7 90 \u00d7 37 cm (p\/l\/k)<\/li>\n<li>Paino: 38 kg (kilogramma)<\/li>\n<\/ul>\n<p>&nbsp;<\/p>\n<p>&nbsp;<\/p>\n<p>&nbsp;<\/p>\n<p><a href=\"https:\/\/factory.sale\/wp-content\/uploads\/2024\/01\/Lokkease-kasutusjuhend_fin.pdf\" target=\"_blank\" rel=\"noopener\">Ohjeet<\/a><\/p>\n","protected":false},"excerpt":{"rendered":"<p>Stoveman:in TULISIJA on tarkoitettu avoimen tulen tekoon ja grillaukseen kotipihalle, kes\u00e4m\u00f6kille, turistitiloihin ja maalaistiloihin. Tulisija koostuu monista eri osista, ollessa samalla helposti koottava kokoamisohjeiden avulla.<\/p>\n","protected":false},"featured_media":63616,"comment_status":"open","ping_status":"closed","template":"","meta":{"_acf_changed":false},"factory":[],"free-shipment":[],"product_brand":[],"product_cat":[2754,997],"product_tag":[1488],"class_list":{"0":"post-63619","1":"product","2":"type-product","3":"status-publish","4":"has-post-thumbnail","6":"product_cat-grillit-ja-uunit","7":"product_cat-piha-puutarha-fi","8":"product_tag-garden-fi","10":"first","11":"instock","12":"sale","13":"taxable","14":"shipping-taxable","15":"purchasable","16":"product-type-simple"},"acf":[],"_links":{"self":[{"href":"https:\/\/factory.sale\/fi\/wp-json\/wp\/v2\/product\/63619","targetHints":{"allow":["GET"]}}],"collection":[{"href":"https:\/\/factory.sale\/fi\/wp-json\/wp\/v2\/product"}],"about":[{"href":"https:\/\/factory.sale\/fi\/wp-json\/wp\/v2\/types\/product"}],"replies":[{"embeddable":true,"href":"https:\/\/factory.sale\/fi\/wp-json\/wp\/v2\/comments?post=63619"}],"wp:featuredmedia":[{"embeddable":true,"href":"https:\/\/factory.sale\/fi\/wp-json\/wp\/v2\/media\/63616"}],"wp:attachment":[{"href":"https:\/\/factory.sale\/fi\/wp-json\/wp\/v2\/media?parent=63619"}],"wp:term":[{"taxonomy":"factory","embeddable":true,"href":"https:\/\/factory.sale\/fi\/wp-json\/wp\/v2\/factory?post=63619"},{"taxonomy":"free-shipment","embeddable":true,"href":"https:\/\/factory.sale\/fi\/wp-json\/wp\/v2\/free-shipment?post=63619"},{"taxonomy":"product_brand","embeddable":true,"href":"https:\/\/factory.sale\/fi\/wp-json\/wp\/v2\/product_brand?post=63619"},{"taxonomy":"product_cat","embeddable":true,"href":"https:\/\/factory.sale\/fi\/wp-json\/wp\/v2\/product_cat?post=63619"},{"taxonomy":"product_tag","embeddable":true,"href":"https:\/\/factory.sale\/fi\/wp-json\/wp\/v2\/product_tag?post=63619"}],"curies":[{"name":"wp","href":"https:\/\/api.w.org\/{rel}","templated":true}]}}