{"id":63609,"date":"2024-01-15T13:50:00","date_gmt":"2024-01-15T14:54:04","guid":{"rendered":"https:\/\/factory.sale\/?post_type=product&#038;p=63609"},"modified":"2024-06-29T20:24:45","modified_gmt":"2024-06-29T20:24:45","slug":"stoveman-tulikori","status":"publish","type":"product","link":"https:\/\/factory.sale\/fi\/tuote\/stoveman-tulikori\/","title":{"rendered":"Stoveman tulikori"},"content":{"rendered":"<p><strong>Tuotekoodi:\u00a0<\/strong>12120200<\/p>\n<p>&nbsp;<\/p>\n<p>&nbsp;<\/p>\n<p>Tulikori on suunniteltu avotulen tekoon kotipuutarhassa, m\u00f6kiss\u00e4, matkailutilalla ja maalaistalossa.<\/p>\n<p>Tulipes\u00e4, joka on helppo asentaa ja s\u00e4ilytt\u00e4\u00e4.<\/p>\n<p>K\u00e4yt\u00f6n aikana ja k\u00e4yt\u00f6n p\u00e4\u00e4tytty\u00e4 tulipaikkaa ei saa j\u00e4tt\u00e4\u00e4 valvomatta ennen kuin palava materiaali (puu, hiilet jne.) on palanut kokonaan tai palamisj\u00e4\u00e4nn\u00f6kset on sammutettu vedell\u00e4!<\/p>\n<p>&nbsp;<\/p>\n<p><strong>Yleistietoja:<\/strong><\/p>\n<ul>\n<li>Pakkauksen mittat: 25 \u00d7 25 \u00d7 75 cm (p\/l\/k)<\/li>\n<li>Paino: 8 kg (kilogramma)<\/li>\n<\/ul>\n","protected":false},"excerpt":{"rendered":"<p>Tulikori on suunniteltu avotulen tekoon kotipuutarhassa, m\u00f6kiss\u00e4, matkailutilalla ja maalaistalossa.<\/p>\n","protected":false},"featured_media":63594,"comment_status":"open","ping_status":"closed","template":"","meta":{"_acf_changed":false},"factory":[],"free-shipment":[],"product_brand":[],"product_cat":[2754,997],"product_tag":[1488],"class_list":{"0":"post-63609","1":"product","2":"type-product","3":"status-publish","4":"has-post-thumbnail","6":"product_cat-grillit-ja-uunit","7":"product_cat-piha-puutarha-fi","8":"product_tag-garden-fi","10":"first","11":"instock","12":"sale","13":"taxable","14":"shipping-taxable","15":"purchasable","16":"product-type-simple"},"acf":[],"_links":{"self":[{"href":"https:\/\/factory.sale\/fi\/wp-json\/wp\/v2\/product\/63609","targetHints":{"allow":["GET"]}}],"collection":[{"href":"https:\/\/factory.sale\/fi\/wp-json\/wp\/v2\/product"}],"about":[{"href":"https:\/\/factory.sale\/fi\/wp-json\/wp\/v2\/types\/product"}],"replies":[{"embeddable":true,"href":"https:\/\/factory.sale\/fi\/wp-json\/wp\/v2\/comments?post=63609"}],"wp:featuredmedia":[{"embeddable":true,"href":"https:\/\/factory.sale\/fi\/wp-json\/wp\/v2\/media\/63594"}],"wp:attachment":[{"href":"https:\/\/factory.sale\/fi\/wp-json\/wp\/v2\/media?parent=63609"}],"wp:term":[{"taxonomy":"factory","embeddable":true,"href":"https:\/\/factory.sale\/fi\/wp-json\/wp\/v2\/factory?post=63609"},{"taxonomy":"free-shipment","embeddable":true,"href":"https:\/\/factory.sale\/fi\/wp-json\/wp\/v2\/free-shipment?post=63609"},{"taxonomy":"product_brand","embeddable":true,"href":"https:\/\/factory.sale\/fi\/wp-json\/wp\/v2\/product_brand?post=63609"},{"taxonomy":"product_cat","embeddable":true,"href":"https:\/\/factory.sale\/fi\/wp-json\/wp\/v2\/product_cat?post=63609"},{"taxonomy":"product_tag","embeddable":true,"href":"https:\/\/factory.sale\/fi\/wp-json\/wp\/v2\/product_tag?post=63609"}],"curies":[{"name":"wp","href":"https:\/\/api.w.org\/{rel}","templated":true}]}}