{"id":63586,"date":"2024-01-15T13:33:57","date_gmt":"2024-01-15T13:40:25","guid":{"rendered":"https:\/\/factory.sale\/?post_type=product&#038;p=63586"},"modified":"2024-06-27T13:41:27","modified_gmt":"2024-06-27T13:41:27","slug":"tulipesa-stoveman-700","status":"publish","type":"product","link":"https:\/\/factory.sale\/fi\/tuote\/tulipesa-stoveman-700\/","title":{"rendered":"Tulipes\u00e4 Stoveman 700"},"content":{"rendered":"<p><strong>Tuotekoodi:<\/strong> 12120165<\/p>\n<p>&nbsp;<\/p>\n<p>Tulipaikka on tarkoitettu avotulen tekoon ja grillaukseen kotipuutarhassa, m\u00f6kiss\u00e4, matkailutilalla ja maalaistalossa.<\/p>\n<p>Tulipes\u00e4, joka on helppo asentaa ja s\u00e4ilytt\u00e4\u00e4.<\/p>\n<p>K\u00e4yt\u00f6n aikana ja k\u00e4yt\u00f6n p\u00e4\u00e4tytty\u00e4 tulipaikkaa ei saa j\u00e4tt\u00e4\u00e4 valvomatta ennen kuin palava materiaali (puu, hiilet jne.) on palanut kokonaan tai palamisj\u00e4\u00e4nn\u00f6kset on sammutettu vedell\u00e4!<\/p>\n<p>&nbsp;<\/p>\n<p>&nbsp;<\/p>\n<p><strong>Yleistietoja:<\/strong><\/p>\n<ul>\n<li>Pakkauksen mittat: 75 \u00d7 75 \u00d7 40 cm (p\/l\/k)<\/li>\n<li>Paino: 40 kg (kilogramma)<\/li>\n<\/ul>\n<p>&nbsp;<\/p>\n<p>&nbsp;<\/p>\n","protected":false},"excerpt":{"rendered":"<p>Tulipaikka on tarkoitettu avotulen tekoon ja grillaukseen kotipuutarhassa, m\u00f6kiss\u00e4, matkailutilalla ja maalaistalossa.<\/p>\n","protected":false},"featured_media":63574,"comment_status":"open","ping_status":"closed","template":"","meta":{"_acf_changed":false},"factory":[],"free-shipment":[],"product_brand":[],"product_cat":[2754,997],"product_tag":[],"class_list":{"0":"post-63586","1":"product","2":"type-product","3":"status-publish","4":"has-post-thumbnail","6":"product_cat-grillit-ja-uunit","7":"product_cat-piha-puutarha-fi","9":"first","10":"instock","11":"sale","12":"taxable","13":"shipping-taxable","14":"purchasable","15":"product-type-simple"},"acf":[],"_links":{"self":[{"href":"https:\/\/factory.sale\/fi\/wp-json\/wp\/v2\/product\/63586","targetHints":{"allow":["GET"]}}],"collection":[{"href":"https:\/\/factory.sale\/fi\/wp-json\/wp\/v2\/product"}],"about":[{"href":"https:\/\/factory.sale\/fi\/wp-json\/wp\/v2\/types\/product"}],"replies":[{"embeddable":true,"href":"https:\/\/factory.sale\/fi\/wp-json\/wp\/v2\/comments?post=63586"}],"wp:featuredmedia":[{"embeddable":true,"href":"https:\/\/factory.sale\/fi\/wp-json\/wp\/v2\/media\/63574"}],"wp:attachment":[{"href":"https:\/\/factory.sale\/fi\/wp-json\/wp\/v2\/media?parent=63586"}],"wp:term":[{"taxonomy":"factory","embeddable":true,"href":"https:\/\/factory.sale\/fi\/wp-json\/wp\/v2\/factory?post=63586"},{"taxonomy":"free-shipment","embeddable":true,"href":"https:\/\/factory.sale\/fi\/wp-json\/wp\/v2\/free-shipment?post=63586"},{"taxonomy":"product_brand","embeddable":true,"href":"https:\/\/factory.sale\/fi\/wp-json\/wp\/v2\/product_brand?post=63586"},{"taxonomy":"product_cat","embeddable":true,"href":"https:\/\/factory.sale\/fi\/wp-json\/wp\/v2\/product_cat?post=63586"},{"taxonomy":"product_tag","embeddable":true,"href":"https:\/\/factory.sale\/fi\/wp-json\/wp\/v2\/product_tag?post=63586"}],"curies":[{"name":"wp","href":"https:\/\/api.w.org\/{rel}","templated":true}]}}