{"id":63564,"date":"2024-01-15T13:12:54","date_gmt":"2024-01-15T13:24:26","guid":{"rendered":"https:\/\/factory.sale\/?post_type=product&#038;p=63564"},"modified":"2024-06-27T17:00:35","modified_gmt":"2024-06-27T17:00:35","slug":"tulisija-verkolla","status":"publish","type":"product","link":"https:\/\/factory.sale\/fi\/tuote\/tulisija-verkolla\/","title":{"rendered":"Tulisija verkolla"},"content":{"rendered":"<p><strong>Tuotekoodi:<\/strong> 13120153<\/p>\n<p>&nbsp;<\/p>\n<p>&nbsp;<\/p>\n<p>Tulisija verkolla on tarkoitettu avotuleen ja grillaukseen kotipuutarhassa, m\u00f6kiss\u00e4, maatilalla ja maalaistalossa. Tulipes\u00e4n sein\u00e4n muodostavat kivet, jotka sijaitsevat kahden verkon v\u00e4liss\u00e4. Kivet eiv\u00e4t sis\u00e4lly sarjaan.<\/p>\n<p>K\u00e4yt\u00f6n aikana ja sen j\u00e4lkeen ulkogrilli\u00e4 ei saa j\u00e4tt\u00e4\u00e4 ilman valvontaa, ennen kuin palava materiaali (puu, hiili jne.) On t\u00e4ysin palanut tai palamisj\u00e4\u00e4m\u00e4t on sammutettu vedell\u00e4!<\/p>\n<p>&nbsp;<\/p>\n<p>&nbsp;<\/p>\n<p><strong>Tuotetiedot:<\/strong><\/p>\n<ul>\n<li>Materiaali: Metalli<\/li>\n<li>V\u00e4ri: musta<\/li>\n<li>Pakkauksen mittat: 75 \u00d7 75 \u00d7 61 cm (p\/l\/k)<\/li>\n<li>Paino: 29.3 kg (kilogramma)<\/li>\n<\/ul>\n<p>&nbsp;<\/p>\n<p><strong>K\u00e4ytt\u00e4\u00e4<\/strong><\/p>\n<p>1. Tulisija on tarkoitettu nuotion nauttimiseen ja \/ tai ruoanlaittoon avotulella tai tulessa ulkona.<\/p>\n<p>2. K\u00e4yt\u00f6n aikana ja sen j\u00e4lkeen nuotion saa j\u00e4tt\u00e4\u00e4 ilman valvontaa, ennen kuin palava materiaali (puu, hiili jne.) On t\u00e4ysin palanut tai palamisj\u00e4\u00e4m\u00e4t on sammutettu vedell\u00e4.<\/p>\n<p>3. Tulisija on puhdistettava palamisj\u00e4\u00e4mist\u00e4 k\u00e4yt\u00f6n j\u00e4lkeen.<\/p>\n<p>4. Tuotteissamme saa k\u00e4ytt\u00e4\u00e4 l\u00e4mmitykseen vain puuta tai erikoishiilt\u00e4. Muiden palavien materiaalien k\u00e4ytt\u00f6 on kielletty.<\/p>\n<p>5. Jos nuotiota ei k\u00e4ytet\u00e4 yli kuukauteen, on suositeltavaa s\u00e4ilytt\u00e4\u00e4 se katteen alla tai peitt\u00e4\u00e4, mik\u00e4 varmistaa tuotteen paremman kest\u00e4vyyden ulkona.<\/p>\n<p>&nbsp;<\/p>\n","protected":false},"excerpt":{"rendered":"<p>Tulisija verkolla on tarkoitettu avotuleen ja grillaukseen kotipuutarhassa, m\u00f6kiss\u00e4, maatilalla ja maalaistalossa. Tulipes\u00e4n sein\u00e4n muodostavat kivet, jotka sijaitsevat kahden verkon v\u00e4liss\u00e4. Kivet eiv\u00e4t sis\u00e4lly sarjaan.<\/p>\n","protected":false},"featured_media":63552,"comment_status":"open","ping_status":"closed","template":"","meta":{"_acf_changed":false},"factory":[],"free-shipment":[],"product_brand":[],"product_cat":[2754,997],"product_tag":[],"class_list":{"0":"post-63564","1":"product","2":"type-product","3":"status-publish","4":"has-post-thumbnail","6":"product_cat-grillit-ja-uunit","7":"product_cat-piha-puutarha-fi","9":"first","10":"instock","11":"sale","12":"taxable","13":"shipping-taxable","14":"purchasable","15":"product-type-simple"},"acf":[],"_links":{"self":[{"href":"https:\/\/factory.sale\/fi\/wp-json\/wp\/v2\/product\/63564","targetHints":{"allow":["GET"]}}],"collection":[{"href":"https:\/\/factory.sale\/fi\/wp-json\/wp\/v2\/product"}],"about":[{"href":"https:\/\/factory.sale\/fi\/wp-json\/wp\/v2\/types\/product"}],"replies":[{"embeddable":true,"href":"https:\/\/factory.sale\/fi\/wp-json\/wp\/v2\/comments?post=63564"}],"wp:featuredmedia":[{"embeddable":true,"href":"https:\/\/factory.sale\/fi\/wp-json\/wp\/v2\/media\/63552"}],"wp:attachment":[{"href":"https:\/\/factory.sale\/fi\/wp-json\/wp\/v2\/media?parent=63564"}],"wp:term":[{"taxonomy":"factory","embeddable":true,"href":"https:\/\/factory.sale\/fi\/wp-json\/wp\/v2\/factory?post=63564"},{"taxonomy":"free-shipment","embeddable":true,"href":"https:\/\/factory.sale\/fi\/wp-json\/wp\/v2\/free-shipment?post=63564"},{"taxonomy":"product_brand","embeddable":true,"href":"https:\/\/factory.sale\/fi\/wp-json\/wp\/v2\/product_brand?post=63564"},{"taxonomy":"product_cat","embeddable":true,"href":"https:\/\/factory.sale\/fi\/wp-json\/wp\/v2\/product_cat?post=63564"},{"taxonomy":"product_tag","embeddable":true,"href":"https:\/\/factory.sale\/fi\/wp-json\/wp\/v2\/product_tag?post=63564"}],"curies":[{"name":"wp","href":"https:\/\/api.w.org\/{rel}","templated":true}]}}