{"id":63484,"date":"2024-01-15T11:22:04","date_gmt":"2024-01-15T11:30:49","guid":{"rendered":"https:\/\/factory.sale\/?post_type=product&#038;p=63484"},"modified":"2024-06-26T11:05:36","modified_gmt":"2024-06-26T11:05:36","slug":"stoveman-grilli-piknik","status":"publish","type":"product","link":"https:\/\/factory.sale\/fi\/tuote\/stoveman-grilli-piknik\/","title":{"rendered":"Stoveman grilli Piknik"},"content":{"rendered":"<p><strong>Tuotekoodi:<\/strong> 13120450<\/p>\n<p>&nbsp;<\/p>\n<p>&nbsp;<\/p>\n<p>\u201dPiknik\u201d grilli on tarkoitettu ruoanlaittoon avotulella puutarhassa tai muualla ulkona.<\/p>\n<p>GRILLI on valmistettu korkealaatuisesta 2 mm ter\u00e4slevyst\u00e4<\/p>\n<p>Grilli on pieni ja helppo koota.<\/p>\n<p>Grillaamiseen saa k\u00e4ytt\u00e4\u00e4 vain korkealaatuista puuta tai erikoishiilt\u00e4. Muiden palavien materiaalien k\u00e4ytt\u00f6 on kielletty!<\/p>\n<p>&nbsp;<\/p>\n<p>&nbsp;<\/p>\n<p><strong>Yleistietoja:<\/strong><\/p>\n<ul>\n<li>Pakkauksen mittat: 28 \u00d7 40 \u00d7 37.5 cm (p\/l\/k)<\/li>\n<li>Paino: 7 kg (kilogramma)<\/li>\n<\/ul>\n","protected":false},"excerpt":{"rendered":"<p>\u201dPiknik\u201d grilli on tarkoitettu ruoanlaittoon avotulella puutarhassa tai muualla ulkona.<\/p>\n","protected":false},"featured_media":63480,"comment_status":"open","ping_status":"closed","template":"","meta":{"_acf_changed":false},"factory":[],"free-shipment":[],"product_brand":[],"product_cat":[2754,997],"product_tag":[1488,1489],"class_list":{"0":"post-63484","1":"product","2":"type-product","3":"status-publish","4":"has-post-thumbnail","6":"product_cat-grillit-ja-uunit","7":"product_cat-piha-puutarha-fi","8":"product_tag-garden-fi","9":"product_tag-yard-fi","11":"first","12":"instock","13":"sale","14":"taxable","15":"shipping-taxable","16":"purchasable","17":"product-type-simple"},"acf":[],"_links":{"self":[{"href":"https:\/\/factory.sale\/fi\/wp-json\/wp\/v2\/product\/63484","targetHints":{"allow":["GET"]}}],"collection":[{"href":"https:\/\/factory.sale\/fi\/wp-json\/wp\/v2\/product"}],"about":[{"href":"https:\/\/factory.sale\/fi\/wp-json\/wp\/v2\/types\/product"}],"replies":[{"embeddable":true,"href":"https:\/\/factory.sale\/fi\/wp-json\/wp\/v2\/comments?post=63484"}],"wp:featuredmedia":[{"embeddable":true,"href":"https:\/\/factory.sale\/fi\/wp-json\/wp\/v2\/media\/63480"}],"wp:attachment":[{"href":"https:\/\/factory.sale\/fi\/wp-json\/wp\/v2\/media?parent=63484"}],"wp:term":[{"taxonomy":"factory","embeddable":true,"href":"https:\/\/factory.sale\/fi\/wp-json\/wp\/v2\/factory?post=63484"},{"taxonomy":"free-shipment","embeddable":true,"href":"https:\/\/factory.sale\/fi\/wp-json\/wp\/v2\/free-shipment?post=63484"},{"taxonomy":"product_brand","embeddable":true,"href":"https:\/\/factory.sale\/fi\/wp-json\/wp\/v2\/product_brand?post=63484"},{"taxonomy":"product_cat","embeddable":true,"href":"https:\/\/factory.sale\/fi\/wp-json\/wp\/v2\/product_cat?post=63484"},{"taxonomy":"product_tag","embeddable":true,"href":"https:\/\/factory.sale\/fi\/wp-json\/wp\/v2\/product_tag?post=63484"}],"curies":[{"name":"wp","href":"https:\/\/api.w.org\/{rel}","templated":true}]}}