{"id":63471,"date":"2024-01-15T11:01:58","date_gmt":"2024-01-15T11:10:10","guid":{"rendered":"https:\/\/factory.sale\/?post_type=product&#038;p=63471"},"modified":"2024-06-26T08:47:02","modified_gmt":"2024-06-26T08:47:02","slug":"stoveman-grilli-turimso","status":"publish","type":"product","link":"https:\/\/factory.sale\/fi\/tuote\/stoveman-grilli-turimso\/","title":{"rendered":"Stoveman Grilli Turimso"},"content":{"rendered":"<p><strong>Tuotekoodi:<\/strong> 13120090<\/p>\n<p>&nbsp;<\/p>\n<p>Stoveman GRILL TURISMO on suunniteltu avotulen tekoon ja ruoan grillaukseen kotipuutarhassa, m\u00f6kiss\u00e4, turistitilan maalaistalossa tai vaikka vaellukselle<\/p>\n<p>&nbsp;<\/p>\n<p><strong>Grill Turismo -paketti sis\u00e4lt\u00e4\u00e4:<\/strong><\/p>\n<p>\u2013 GRILLI valmistettu korkealaatuisesta 2mm ter\u00e4slevyst\u00e4<br \/>\n\u2013 GRILLI, valmistettu mustasta metalliverkosta<br \/>\n\u2013 JALAT<\/p>\n<p>&nbsp;<\/p>\n<p>Grilli on pieni ja helppo koota.<\/p>\n<p>Grillaamiseen saa k\u00e4ytt\u00e4\u00e4 vain korkealaatuista puuta tai erikoishiilt\u00e4. Muiden palavien materiaalien k\u00e4ytt\u00f6 on kielletty!<\/p>\n<p>&nbsp;<\/p>\n<p><strong>Yleistietoja:<\/strong><\/p>\n<ul>\n<li>Pakkauksen mittat: 42 \u00d7 26 \u00d7 18 cm (p\/l\/k)<\/li>\n<li>Paino: 8 kg (kilogramma)<\/li>\n<\/ul>\n","protected":false},"excerpt":{"rendered":"<p>Stoveman GRILL TURISMO on suunniteltu avotulen tekoon ja ruoan grillaukseen kotipuutarhassa, m\u00f6kiss\u00e4, turistitilan maalaistalossa tai vaikka vaellukselle<\/p>\n","protected":false},"featured_media":63468,"comment_status":"open","ping_status":"closed","template":"","meta":{"_acf_changed":false},"factory":[],"free-shipment":[],"product_brand":[],"product_cat":[2754,997],"product_tag":[1488,1489],"class_list":{"0":"post-63471","1":"product","2":"type-product","3":"status-publish","4":"has-post-thumbnail","6":"product_cat-grillit-ja-uunit","7":"product_cat-piha-puutarha-fi","8":"product_tag-garden-fi","9":"product_tag-yard-fi","11":"first","12":"instock","13":"sale","14":"taxable","15":"shipping-taxable","16":"purchasable","17":"product-type-simple"},"acf":[],"_links":{"self":[{"href":"https:\/\/factory.sale\/fi\/wp-json\/wp\/v2\/product\/63471","targetHints":{"allow":["GET"]}}],"collection":[{"href":"https:\/\/factory.sale\/fi\/wp-json\/wp\/v2\/product"}],"about":[{"href":"https:\/\/factory.sale\/fi\/wp-json\/wp\/v2\/types\/product"}],"replies":[{"embeddable":true,"href":"https:\/\/factory.sale\/fi\/wp-json\/wp\/v2\/comments?post=63471"}],"wp:featuredmedia":[{"embeddable":true,"href":"https:\/\/factory.sale\/fi\/wp-json\/wp\/v2\/media\/63468"}],"wp:attachment":[{"href":"https:\/\/factory.sale\/fi\/wp-json\/wp\/v2\/media?parent=63471"}],"wp:term":[{"taxonomy":"factory","embeddable":true,"href":"https:\/\/factory.sale\/fi\/wp-json\/wp\/v2\/factory?post=63471"},{"taxonomy":"free-shipment","embeddable":true,"href":"https:\/\/factory.sale\/fi\/wp-json\/wp\/v2\/free-shipment?post=63471"},{"taxonomy":"product_brand","embeddable":true,"href":"https:\/\/factory.sale\/fi\/wp-json\/wp\/v2\/product_brand?post=63471"},{"taxonomy":"product_cat","embeddable":true,"href":"https:\/\/factory.sale\/fi\/wp-json\/wp\/v2\/product_cat?post=63471"},{"taxonomy":"product_tag","embeddable":true,"href":"https:\/\/factory.sale\/fi\/wp-json\/wp\/v2\/product_tag?post=63471"}],"curies":[{"name":"wp","href":"https:\/\/api.w.org\/{rel}","templated":true}]}}