{"id":63458,"date":"2024-01-15T10:45:49","date_gmt":"2024-01-15T10:55:58","guid":{"rendered":"https:\/\/factory.sale\/?post_type=product&#038;p=63458"},"modified":"2024-06-26T08:37:49","modified_gmt":"2024-06-26T08:37:49","slug":"stovemanin-grilli-villu","status":"publish","type":"product","link":"https:\/\/factory.sale\/fi\/tuote\/stovemanin-grilli-villu\/","title":{"rendered":"Stoveman:in Grilli \u201dVillu\u201d"},"content":{"rendered":"<p><strong>Tuotekoodi:<\/strong> 12120070<\/p>\n<p>&nbsp;<\/p>\n<p>Stoveman:in GRILLI VILLU on tarkoitettu avoimen nuotion tekemiseen ja elintarvikkeiden grillaukseen kotipihalle, kes\u00e4m\u00f6kille, turismitiloille ja maalaiskodeihin.<\/p>\n<p>&nbsp;<\/p>\n<p><strong>Grillin Villu kokoonpanoon sis\u00e4ltyv\u00e4t:<\/strong><\/p>\n<p>\u2013 GRILLIPANNU joka on valmistettu laadukkaasta 2mm ter\u00e4slevyst\u00e4<br \/>\n\u2013 GRILLAUSRITIL\u00c4 mitoilla 31\u00d735 joka on valmistettu mustasta ter\u00e4sverkosta<br \/>\n\u2013 JALAT jotka on valmistettu nelikolmaisesta putkesta 20\u00d720<\/p>\n<p>Grillissa on my\u00f6s kaksi koivusta tehty\u00e4 lakattua pidint\u00e4. Mik\u00e4li kokoonpanoon sis\u00e4ltyv\u00e4 yksi grillausritil\u00e4\u00e4 ei riit\u00e4, voi kysy\u00e4 lis\u00e4ritil\u00e4\u00e4.<\/p>\n<p>Tuote on valmistettu 2mm ter\u00e4slevyst\u00e4 ja viimeistelty korkeita l\u00e4mp\u00f6tiloja kest\u00e4v\u00e4ll\u00e4 maalilla.<\/p>\n<p>Grillissa saa k\u00e4ytt\u00e4\u00e4 ainoastaan laatuklapeja tai erillisi\u00e4 grillihiili\u00e4. Ei saa k\u00e4ytt\u00e4\u00e4 muunlaista palavaa materiaalia!<\/p>\n<p>&nbsp;<\/p>\n<p><strong>Yleistietoja:<\/strong><\/p>\n<ul>\n<li>Grillauspannu: 70 x 32 x 15 cm (P\/S\/K)<\/li>\n<li>Yleinen leveys pitimineen: 94 cm<\/li>\n<li>Yleinen korkeus: 75 cm<\/li>\n<li>Pakkauksen mittat: 94 \u00d7 32 \u00d7 17 cm (p\/l\/k)<\/li>\n<li>Paino: 13 kg (kilogramma)<\/li>\n<\/ul>\n","protected":false},"excerpt":{"rendered":"<p>Stoveman:in GRILLI VILLU on tarkoitettu avoimen nuotion tekemiseen ja elintarvikkeiden grillaukseen kotipihalle, kes\u00e4m\u00f6kille, turismitiloille ja maalaiskodeihin.<\/p>\n","protected":false},"featured_media":63454,"comment_status":"open","ping_status":"closed","template":"","meta":{"_acf_changed":false},"factory":[],"free-shipment":[],"product_brand":[],"product_cat":[2754,997],"product_tag":[],"class_list":{"0":"post-63458","1":"product","2":"type-product","3":"status-publish","4":"has-post-thumbnail","6":"product_cat-grillit-ja-uunit","7":"product_cat-piha-puutarha-fi","9":"first","10":"instock","11":"sale","12":"taxable","13":"shipping-taxable","14":"purchasable","15":"product-type-simple"},"acf":[],"_links":{"self":[{"href":"https:\/\/factory.sale\/fi\/wp-json\/wp\/v2\/product\/63458","targetHints":{"allow":["GET"]}}],"collection":[{"href":"https:\/\/factory.sale\/fi\/wp-json\/wp\/v2\/product"}],"about":[{"href":"https:\/\/factory.sale\/fi\/wp-json\/wp\/v2\/types\/product"}],"replies":[{"embeddable":true,"href":"https:\/\/factory.sale\/fi\/wp-json\/wp\/v2\/comments?post=63458"}],"wp:featuredmedia":[{"embeddable":true,"href":"https:\/\/factory.sale\/fi\/wp-json\/wp\/v2\/media\/63454"}],"wp:attachment":[{"href":"https:\/\/factory.sale\/fi\/wp-json\/wp\/v2\/media?parent=63458"}],"wp:term":[{"taxonomy":"factory","embeddable":true,"href":"https:\/\/factory.sale\/fi\/wp-json\/wp\/v2\/factory?post=63458"},{"taxonomy":"free-shipment","embeddable":true,"href":"https:\/\/factory.sale\/fi\/wp-json\/wp\/v2\/free-shipment?post=63458"},{"taxonomy":"product_brand","embeddable":true,"href":"https:\/\/factory.sale\/fi\/wp-json\/wp\/v2\/product_brand?post=63458"},{"taxonomy":"product_cat","embeddable":true,"href":"https:\/\/factory.sale\/fi\/wp-json\/wp\/v2\/product_cat?post=63458"},{"taxonomy":"product_tag","embeddable":true,"href":"https:\/\/factory.sale\/fi\/wp-json\/wp\/v2\/product_tag?post=63458"}],"curies":[{"name":"wp","href":"https:\/\/api.w.org\/{rel}","templated":true}]}}