{"id":63447,"date":"2024-01-15T10:29:11","date_gmt":"2024-01-15T10:37:52","guid":{"rendered":"https:\/\/factory.sale\/?post_type=product&#038;p=63447"},"modified":"2024-06-26T08:37:56","modified_gmt":"2024-06-26T08:37:56","slug":"stovemanin-grillin-profi-katto","status":"publish","type":"product","link":"https:\/\/factory.sale\/fi\/tuote\/stovemanin-grillin-profi-katto\/","title":{"rendered":"Stoveman:in Grill:in \u201dProfi\u201d katto"},"content":{"rendered":"<p><strong>Tuotekoodi:<\/strong> 12120050<\/p>\n<p>&nbsp;<\/p>\n<p>KATTO nelj\u00e4n tukijalan kanssa on lis\u00e4tarvike Profi grilliin, joka antaa grillille toisenlaisen ulkon\u00e4\u00f6n ja est\u00e4\u00e4 sateiden sattumisen grillauspannolle.<\/p>\n<p>Katto valmistetaan 2mm ter\u00e4slevyst\u00e4 ja viimeistell\u00e4\u00e4n korkeita l\u00e4mp\u00f6tiloja kest\u00e4v\u00e4ll\u00e4 maalilla.<\/p>\n<p>&nbsp;<\/p>\n<p><strong>Yleistietoja:<\/strong><\/p>\n<ul>\n<li>Yleinen korkeus sijoitettuna grillauspannun p\u00e4\u00e4lle. 141 cm<\/li>\n<li>Pakkauksen mittat: 88 \u00d7 48 \u00d7 15 cm (p\/l\/k)<\/li>\n<li>Paino: 15 kg (kilogramma)<\/li>\n<\/ul>\n","protected":false},"excerpt":{"rendered":"<p>KATTO nelj\u00e4n tukijalan kanssa on lis\u00e4tarvike Profi grilliin, joka antaa grillille toisenlaisen ulkon\u00e4\u00f6n ja est\u00e4\u00e4 sateiden sattumisen grillauspannolle.\u00a0Katto valmistetaan 2mm ter\u00e4slevyst\u00e4 ja viimeistell\u00e4\u00e4n korkeita l\u00e4mp\u00f6tiloja kest\u00e4v\u00e4ll\u00e4 maalilla.<\/p>\n","protected":false},"featured_media":63443,"comment_status":"open","ping_status":"closed","template":"","meta":{"_acf_changed":false},"factory":[],"free-shipment":[],"product_brand":[],"product_cat":[2754,997],"product_tag":[1488,1489],"class_list":{"0":"post-63447","1":"product","2":"type-product","3":"status-publish","4":"has-post-thumbnail","6":"product_cat-grillit-ja-uunit","7":"product_cat-piha-puutarha-fi","8":"product_tag-garden-fi","9":"product_tag-yard-fi","11":"first","12":"instock","13":"sale","14":"taxable","15":"shipping-taxable","16":"purchasable","17":"product-type-simple"},"acf":[],"_links":{"self":[{"href":"https:\/\/factory.sale\/fi\/wp-json\/wp\/v2\/product\/63447","targetHints":{"allow":["GET"]}}],"collection":[{"href":"https:\/\/factory.sale\/fi\/wp-json\/wp\/v2\/product"}],"about":[{"href":"https:\/\/factory.sale\/fi\/wp-json\/wp\/v2\/types\/product"}],"replies":[{"embeddable":true,"href":"https:\/\/factory.sale\/fi\/wp-json\/wp\/v2\/comments?post=63447"}],"wp:featuredmedia":[{"embeddable":true,"href":"https:\/\/factory.sale\/fi\/wp-json\/wp\/v2\/media\/63443"}],"wp:attachment":[{"href":"https:\/\/factory.sale\/fi\/wp-json\/wp\/v2\/media?parent=63447"}],"wp:term":[{"taxonomy":"factory","embeddable":true,"href":"https:\/\/factory.sale\/fi\/wp-json\/wp\/v2\/factory?post=63447"},{"taxonomy":"free-shipment","embeddable":true,"href":"https:\/\/factory.sale\/fi\/wp-json\/wp\/v2\/free-shipment?post=63447"},{"taxonomy":"product_brand","embeddable":true,"href":"https:\/\/factory.sale\/fi\/wp-json\/wp\/v2\/product_brand?post=63447"},{"taxonomy":"product_cat","embeddable":true,"href":"https:\/\/factory.sale\/fi\/wp-json\/wp\/v2\/product_cat?post=63447"},{"taxonomy":"product_tag","embeddable":true,"href":"https:\/\/factory.sale\/fi\/wp-json\/wp\/v2\/product_tag?post=63447"}],"curies":[{"name":"wp","href":"https:\/\/api.w.org\/{rel}","templated":true}]}}