{"id":63415,"date":"2024-01-15T09:40:18","date_gmt":"2024-01-15T09:53:53","guid":{"rendered":"https:\/\/factory.sale\/?post_type=product&#038;p=63415"},"modified":"2025-08-06T08:56:39","modified_gmt":"2025-08-06T05:56:39","slug":"stoveman-grilli-profi","status":"publish","type":"product","link":"https:\/\/factory.sale\/fi\/tuote\/stoveman-grilli-profi\/","title":{"rendered":"Stoveman Grilli \u201dProfi\u201d"},"content":{"rendered":"<p><strong>Tuotekoodi:<\/strong> 12120040<\/p>\n<p>&nbsp;<\/p>\n<p>Stoveman:in GRILLI PROFI on on tarkoitettu avotulen tekemiseen ja elintarvikkeiden grillaukseen kotipihalla, kes\u00e4m\u00f6kill\u00e4, turismitiloilla ja maalaiskodeissa.<\/p>\n<p>Profi on grilli, jota arvostavat my\u00f6s todelliset grillausasiantuntijat! Sen grillauspannussa on ilmaaukkoja sek\u00e4 reunaosien alareunoissa ett\u00e4 pannun pohjassa, jotka takaavat pysyv\u00e4n ilmanvaihdon sek\u00e4 puilla ett\u00e4 grillihiilill\u00e4 toimiessa. Parhaan tuloksen saamiseksi neuvomme ostamaan lis\u00e4ksi my\u00f6s kannen!<\/p>\n<p>&nbsp;<\/p>\n<p>&nbsp;<\/p>\n<p><strong>Grillin PROFI kokoonpanoon sis\u00e4ltyv\u00e4t: <\/strong><\/p>\n<p>\u2013 GRILLIPANNU joka on valmistettu laadukkaasta 3mm ter\u00e4slevyst\u00e4<br \/>\n\u2013 RUOSTUMATTOMASTA TER\u00c4KSEST\u00c4 GRILLAUSRITIL\u00c4 mitoilla 39\u00d736,5cm<br \/>\n\u2013 JALAT jotka on valmistettu py\u00f6re\u00e4st\u00e4 putkesta l\u00e4pimitalla \u2026mm<br \/>\n\u2013 APUP\u00d6YT\u00c4 joka on valmistettu 2mm ter\u00e4slevyst\u00e4<br \/>\n\u2013 Grillauspannun alle on asennettu tuhkapannu, joka on valmistettu 2mm ter\u00e4slevyst\u00e4<\/p>\n<p>&nbsp;<\/p>\n<p><strong>Lis\u00e4t \/ valinnat:<\/strong> Halutessa voi Profi grilliins\u00e4 ostaa lis\u00e4ksi yleiskokoonpanoon t\u00e4ydent\u00e4v\u00e4n KATON tai KANNEN<\/p>\n<p>Grillissa on my\u00f6s kaksi koivusta tehty\u00e4 lakattua pidint\u00e4. Mik\u00e4li kokoonpanoon sis\u00e4ltyv\u00e4 yksi grillausritil\u00e4\u00e4 ei riit\u00e4, voi kysy\u00e4 lis\u00e4ritil\u00e4\u00e4.<\/p>\n<p>Tuote on valmistettu 2mm ter\u00e4slevyst\u00e4 ja viimeistelty korkeita l\u00e4mp\u00f6tiloja kest\u00e4v\u00e4ll\u00e4 maalilla.<\/p>\n<p>Grillissa saa k\u00e4ytt\u00e4\u00e4 ainoastaan laatuklapeja tai erillisi\u00e4 grillihiili\u00e4. Ei saa k\u00e4ytt\u00e4\u00e4 muunlaista palavaa materiaalia!<\/p>\n<p>&nbsp;<\/p>\n<p><strong>Yleistietoja:<\/strong><\/p>\n<ul>\n<li>Grillauspannu: 80 x 40 x 15 cm (P\/S\/K)<\/li>\n<li>Yleinen leveys pitimineen: 101 cm<\/li>\n<li>Yleinen korkeus: \u00a078 cm<\/li>\n<li>Pakkauksen mittat: 102 \u00d7 41 \u00d7 22 cm (p\/l\/k)<\/li>\n<li>Paino 33 kg (kilogramma)<\/li>\n<\/ul>\n","protected":false},"excerpt":{"rendered":"<p>Stoveman:in GRILLI PROFI on on tarkoitettu avoimen nuotion tekemiseen ja elintarvikkeiden grillaukseen kotipihalle, kes\u00e4m\u00f6kille, turismitiloille ja maalaiskodeihin.<\/p>\n<p>Profi on grilli, jota arvostavat my\u00f6s todelliset grillausasiantuntijat! Sen grillauspannussa on ilmaaukkoja sek\u00e4 reunaosien alareunoissa ett\u00e4 pannun pohjassa, jotka takaavat pysyv\u00e4n ilmanvaihdon sek\u00e4 puilla ett\u00e4 grillihiilill\u00e4 toimiessa. Parhaan tuloksen saamiseksi neuvomme ostamaan lis\u00e4ksi my\u00f6s kannen!<\/p>\n","protected":false},"featured_media":63399,"comment_status":"open","ping_status":"closed","template":"","meta":{"_acf_changed":false},"factory":[],"free-shipment":[],"product_brand":[],"product_cat":[2752,4802,917,4796,4529],"product_tag":[],"class_list":{"0":"post-63415","1":"product","2":"type-product","3":"status-publish","4":"has-post-thumbnail","6":"product_cat-grills-and-ovens","7":"product_cat-grills-and-ovens-2","8":"product_cat-garden-yard","9":"product_cat-yard-and-garden","10":"product_cat-stock-products","12":"first","13":"instock","14":"sale","15":"taxable","16":"shipping-taxable","17":"purchasable","18":"product-type-simple"},"acf":[],"_links":{"self":[{"href":"https:\/\/factory.sale\/fi\/wp-json\/wp\/v2\/product\/63415","targetHints":{"allow":["GET"]}}],"collection":[{"href":"https:\/\/factory.sale\/fi\/wp-json\/wp\/v2\/product"}],"about":[{"href":"https:\/\/factory.sale\/fi\/wp-json\/wp\/v2\/types\/product"}],"replies":[{"embeddable":true,"href":"https:\/\/factory.sale\/fi\/wp-json\/wp\/v2\/comments?post=63415"}],"wp:featuredmedia":[{"embeddable":true,"href":"https:\/\/factory.sale\/fi\/wp-json\/wp\/v2\/media\/63399"}],"wp:attachment":[{"href":"https:\/\/factory.sale\/fi\/wp-json\/wp\/v2\/media?parent=63415"}],"wp:term":[{"taxonomy":"factory","embeddable":true,"href":"https:\/\/factory.sale\/fi\/wp-json\/wp\/v2\/factory?post=63415"},{"taxonomy":"free-shipment","embeddable":true,"href":"https:\/\/factory.sale\/fi\/wp-json\/wp\/v2\/free-shipment?post=63415"},{"taxonomy":"product_brand","embeddable":true,"href":"https:\/\/factory.sale\/fi\/wp-json\/wp\/v2\/product_brand?post=63415"},{"taxonomy":"product_cat","embeddable":true,"href":"https:\/\/factory.sale\/fi\/wp-json\/wp\/v2\/product_cat?post=63415"},{"taxonomy":"product_tag","embeddable":true,"href":"https:\/\/factory.sale\/fi\/wp-json\/wp\/v2\/product_tag?post=63415"}],"curies":[{"name":"wp","href":"https:\/\/api.w.org\/{rel}","templated":true}]}}