{"id":62735,"date":"2024-01-12T10:05:12","date_gmt":"2024-01-12T10:16:53","guid":{"rendered":"https:\/\/factory.sale\/?post_type=product&#038;p=62735"},"modified":"2026-04-02T13:58:55","modified_gmt":"2026-04-02T10:58:55","slug":"kuumsavu-uuni-turismo","status":"publish","type":"product","link":"https:\/\/factory.sale\/fi\/tuote\/kuumsavu-uuni-turismo\/","title":{"rendered":"Kuumasavu-uuni Turismo"},"content":{"rendered":"<p><strong>Tuotekoodi:<\/strong> 13120330<\/p>\n<p>&nbsp;<\/p>\n<p>Kuumasavu-uuni &#8220;TURISMO&#8221; on tarkoitettu kalan, lihan ja siipikarjan savustukseen. Sen pienikokoisuuden ja keveytens\u00e4 ansiosta se on k\u00e4tev\u00e4 ottaa mukaan m\u00f6kille, maakotiin, kalastamaan tai merenrantaan lomalle menness\u00e4. Kuumsavu-uunin asennuksessa ja k\u00e4yt\u00f6ss\u00e4 on noudatettava paloturvallisuusm\u00e4\u00e4r\u00e4yksi\u00e4 ja tarvittavia et\u00e4isyyksi\u00e4. Tarkemmat tiedot k\u00e4ytt\u00f6ohjeesta.<\/p>\n<p>Kuumasavu-uuni on kaksikammioinen, ja molemmat kammiot ovat ovella suljettavia. Alin kammio on tarkoitettu l\u00e4mmitykseen, jonka kautta saadaan aikaan savustamiseen tarvittava l\u00e4mp\u00f6tila. Ylempi osa on savustustila, jossa on kolme paistoritil\u00e4\u00e4 ja tulipes\u00e4n yl\u00e4puolella oleva rasvapannu, joka est\u00e4\u00e4 savustettaessa rasvan tippumisen tulipes\u00e4n kattoon ja sen palamisen.<\/p>\n<p>Kuumasavu-uunin ty\u00f6l\u00e4mp\u00f6tila on yli 110 astetta!<\/p>\n<p>L\u00e4mmitykseen voi k\u00e4ytt\u00e4\u00e4 kaikkia puulajeja! Paistokammion pohjalla saa k\u00e4ytt\u00e4\u00e4 vain savustukseen tarkoitettuja puulajien lastuja!<\/p>\n<p>Savustusuunien sis\u00e4- ja ulkosein\u00e4t on valmistettu 2 mm:n peltiter\u00e4ksest\u00e4, tulipes\u00e4n pohja ja katto 2,5 mm:n peltiter\u00e4ksest\u00e4 ja ovet, rasvapannu ja savupiipunhattu on valmistettu 2 mm:n peltiter\u00e4ksest\u00e4. Ulkoisesti Stoveman savustusuunit on viimeistelty korkeita l\u00e4mp\u00f6tiloja kest\u00e4v\u00e4ll\u00e4 l\u00e4mp\u00f6kest\u00e4v\u00e4ll\u00e4 maalilla.<\/p>\n<p>&nbsp;<\/p>\n<p>&nbsp;<\/p>\n<p><strong>Yleistiedot:<\/strong><\/p>\n<ul>\n<li>Ulkomitat: 45 \u00d7 45 \u00d7 78 cm (pituus\/leveys\/korkeus)<\/li>\n<li>Paino: 32 kg<\/li>\n<\/ul>\n<p>&nbsp;<\/p>\n<p>&nbsp;<\/p>\n<p><a href=\"https:\/\/factory.sale\/wp-content\/uploads\/2024\/01\/Kuumsuitsuahi-TURISMO-juhend_est.pdf\" target=\"_blank\" rel=\"noopener\">Ohjeet<\/a><\/p>\n","protected":false},"excerpt":{"rendered":"<p>Kuumsavu-uuni &#8220;TURISMO&#8221; on tarkoitettu kalan, lihan ja siipikarjan savustukseen. Sen pienikokoisuuden ja keveytens\u00e4 ansiosta se on k\u00e4tev\u00e4 ottaa mukaan m\u00f6kille, maakotiin, kalastamaan tai merenrantaan lomalle menness\u00e4. Kuumsavu-uunin asennuksessa ja k\u00e4yt\u00f6ss\u00e4 on noudatettava paloturvallisuusm\u00e4\u00e4r\u00e4yksi\u00e4 ja tarvittavia et\u00e4isyyksi\u00e4. Tarkemmat tiedot k\u00e4ytt\u00f6ohjeesta.<\/p>\n","protected":false},"featured_media":62739,"comment_status":"open","ping_status":"closed","template":"","meta":{"_acf_changed":false},"factory":[],"free-shipment":[],"product_brand":[],"product_cat":[2754,997],"product_tag":[],"class_list":{"0":"post-62735","1":"product","2":"type-product","3":"status-publish","4":"has-post-thumbnail","6":"product_cat-grillit-ja-uunit","7":"product_cat-piha-puutarha-fi","9":"first","10":"instock","11":"sale","12":"taxable","13":"shipping-taxable","14":"purchasable","15":"product-type-simple"},"acf":[],"_links":{"self":[{"href":"https:\/\/factory.sale\/fi\/wp-json\/wp\/v2\/product\/62735","targetHints":{"allow":["GET"]}}],"collection":[{"href":"https:\/\/factory.sale\/fi\/wp-json\/wp\/v2\/product"}],"about":[{"href":"https:\/\/factory.sale\/fi\/wp-json\/wp\/v2\/types\/product"}],"replies":[{"embeddable":true,"href":"https:\/\/factory.sale\/fi\/wp-json\/wp\/v2\/comments?post=62735"}],"wp:featuredmedia":[{"embeddable":true,"href":"https:\/\/factory.sale\/fi\/wp-json\/wp\/v2\/media\/62739"}],"wp:attachment":[{"href":"https:\/\/factory.sale\/fi\/wp-json\/wp\/v2\/media?parent=62735"}],"wp:term":[{"taxonomy":"factory","embeddable":true,"href":"https:\/\/factory.sale\/fi\/wp-json\/wp\/v2\/factory?post=62735"},{"taxonomy":"free-shipment","embeddable":true,"href":"https:\/\/factory.sale\/fi\/wp-json\/wp\/v2\/free-shipment?post=62735"},{"taxonomy":"product_brand","embeddable":true,"href":"https:\/\/factory.sale\/fi\/wp-json\/wp\/v2\/product_brand?post=62735"},{"taxonomy":"product_cat","embeddable":true,"href":"https:\/\/factory.sale\/fi\/wp-json\/wp\/v2\/product_cat?post=62735"},{"taxonomy":"product_tag","embeddable":true,"href":"https:\/\/factory.sale\/fi\/wp-json\/wp\/v2\/product_tag?post=62735"}],"curies":[{"name":"wp","href":"https:\/\/api.w.org\/{rel}","templated":true}]}}