{"id":62725,"date":"2024-01-12T09:50:18","date_gmt":"2024-01-12T09:57:28","guid":{"rendered":"https:\/\/factory.sale\/?post_type=product&#038;p=62725"},"modified":"2024-06-27T18:23:22","modified_gmt":"2024-06-27T18:23:22","slug":"kylmasavustusuuni-iso","status":"publish","type":"product","link":"https:\/\/factory.sale\/fi\/tuote\/kylmasavustusuuni-iso\/","title":{"rendered":"Kylm\u00e4savustusuuni iso"},"content":{"rendered":"<p><strong>Tuotekoodi:<\/strong> 12120350<\/p>\n<p>&nbsp;<\/p>\n<p>Kylm\u00e4savustusuuni \u201eStoveman\u201d on tarkoitettu kalan, lihan ja linnunlihan savustukseen. Sopii k\u00e4ytt\u00f6\u00f6n kotipihalle, kes\u00e4m\u00f6kille, turistitilalle ja maalaiskotiin. Kylm\u00e4savustusuunissa on kaksi kamaria, molemmat ovat suljettavissa ovella. Alimmainen tulisijan puoli on tarkoitettu l\u00e4mmitt\u00e4miseen, jonka kautta tapahtuu savustamiseen tarpeellisen l\u00e4mp\u00f6tilan ja savun takaaminen. Ylempi puoli on savustustila, jossa sijaitsevat nelj\u00e4 ruostumattomasta ter\u00e4ksest\u00e4 kypsennysritil\u00e4\u00e4 ja kiukaankivet, jotka takaavat tasaisen l\u00e4mp\u00f6tilan yll\u00e4pidon savustusuunissa ja kiukaankivien yl\u00e4puolella\/p\u00e4\u00e4ll\u00e4 on rasvapannu, joka est\u00e4\u00e4 savustaessa rasvan tippumisen kiukaalle ja sen syttymisen. Kypsennystilan katossa on tuotteiden ripustamiseen kaksi 8mm py\u00f6re\u00e4st\u00e4 ter\u00e4ksest\u00e4 puikkoa. Stoveman kylm\u00e4savustusuunin ty\u00f6l\u00e4mp\u00f6tila on alkaen 50 asteesta yl\u00f6sp\u00e4in (riippuen savustajan osaamisesta ja tietysti polttoaineen m\u00e4\u00e4r\u00e4st\u00e4). Kylm\u00e4savustusuunin yksi puoli (tulisijan yl\u00e4puolelle, ritilan p\u00e4\u00e4lle) on t\u00e4ytett\u00e4v\u00e4 kiuaskivill\u00e4 (noin 60kg), jotka akumuloivat energiaa, pit\u00e4en siten uunin l\u00e4mp\u00f6tilan matalana ja tasaisena. Savustusuunissa on my\u00f6s mekaaninen l\u00e4mp\u00f6tilamittari 0 \u2013 220 asteeseen.<\/p>\n<p>L\u00e4mmitykseen saa k\u00e4ytt\u00e4\u00e4 ainoastaan siihen tarkoitettuja puulajeja!<\/p>\n<p>Stoveman kylm\u00e4savustusuunin ty\u00f6l\u00e4mp\u00f6tila on 50 asteesta yl\u00f6sp\u00e4in (ei yli 70 astetta)!<br \/>\nSavustusuunien sis\u00e4- ja ulkosein\u00e4t on valmistettu 3mm ter\u00e4slevyst\u00e4, tulisijan pohja ja katto 4mm ter\u00e4slevyst\u00e4 ja ovet, rasvapannu ja savupiipun hattu on valmistettu 2mm ter\u00e4slevyst\u00e4. Ulkopuolelta ovat Stoveman kylm\u00e4savustusuunit viimeistelty korkeita l\u00e4mp\u00f6tiloja kest\u00e4v\u00e4ll\u00e4 maalilla.<\/p>\n<p>&nbsp;<\/p>\n<p><strong>Yleistietoja:<\/strong><\/p>\n<ul>\n<li>Uunin ulkomitat: 52 x 50 x 45 cm (K\/L\/S)<\/li>\n<li>Kypsennystilan mitat: 52 x 50 x 45 cm (K\/L\/S)<\/li>\n<li>Kypsennysritil\u00e4n mitat: 49 x 42 cm (4tk) (L\/S)<\/li>\n<li>Ritil\u00f6iden v\u00e4li: 11 cm<\/li>\n<li>Pakkauksen mittat: 156 \u00d7 60 \u00d7 50 cm (p\/l\/k)<\/li>\n<li>Paino: 129 kg (kilogramma)<\/li>\n<\/ul>\n<p>&nbsp;<\/p>\n<p><a href=\"https:\/\/factory.sale\/wp-content\/uploads\/2024\/01\/Kulmsuitsuahju-kasutusjuhend_fin-1.pdf\" target=\"_blank\" rel=\"noopener\">Ohjeet<\/a><\/p>\n","protected":false},"excerpt":{"rendered":"<p>Kylm\u00e4savustusuuni \u201eStoveman\u201d on tarkoitettu kalan, lihan ja linnunlihan savustukseen. Sopii k\u00e4ytt\u00f6\u00f6n kotipihalle, kes\u00e4m\u00f6kille, turistitilalle ja maalaiskotiin. Kylm\u00e4savustusuunissa on kaksi kamaria, molemmat ovat suljettavissa ovella. Alimmainen tulisijan puoli on tarkoitettu l\u00e4mmitt\u00e4miseen, jonka kautta tapahtuu savustamiseen tarpeellisen l\u00e4mp\u00f6tilan ja savun takaaminen. Ylempi puoli on savustustila, jossa sijaitsevat nelj\u00e4 ruostumattomasta ter\u00e4ksest\u00e4 kypsennysritil\u00e4\u00e4 ja kiukaankivet, jotka takaavat tasaisen l\u00e4mp\u00f6tilan yll\u00e4pidon savustusuunissa ja kiukaankivien yl\u00e4puolella\/p\u00e4\u00e4ll\u00e4 on rasvapannu, joka est\u00e4\u00e4 savustaessa rasvan tippumisen kiukaalle ja sen syttymisen. Kypsennystilan katossa on tuotteiden ripustamiseen kaksi 8mm py\u00f6re\u00e4st\u00e4 ter\u00e4ksest\u00e4 puikkoa.<\/p>\n","protected":false},"featured_media":62703,"comment_status":"open","ping_status":"closed","template":"","meta":{"_acf_changed":false},"factory":[],"free-shipment":[],"product_brand":[],"product_cat":[4804,2754,997,4798,4541],"product_tag":[2011],"class_list":{"0":"post-62725","1":"product","2":"type-product","3":"status-publish","4":"has-post-thumbnail","6":"product_cat-grillit-ja-uunit-fi","7":"product_cat-grillit-ja-uunit","8":"product_cat-piha-puutarha-fi","9":"product_cat-piha-ja-puutarha","10":"product_cat-varastotuotteet","11":"product_tag-stove-fi","13":"first","14":"instock","15":"sale","16":"taxable","17":"shipping-taxable","18":"purchasable","19":"product-type-simple"},"acf":[],"_links":{"self":[{"href":"https:\/\/factory.sale\/fi\/wp-json\/wp\/v2\/product\/62725","targetHints":{"allow":["GET"]}}],"collection":[{"href":"https:\/\/factory.sale\/fi\/wp-json\/wp\/v2\/product"}],"about":[{"href":"https:\/\/factory.sale\/fi\/wp-json\/wp\/v2\/types\/product"}],"replies":[{"embeddable":true,"href":"https:\/\/factory.sale\/fi\/wp-json\/wp\/v2\/comments?post=62725"}],"wp:featuredmedia":[{"embeddable":true,"href":"https:\/\/factory.sale\/fi\/wp-json\/wp\/v2\/media\/62703"}],"wp:attachment":[{"href":"https:\/\/factory.sale\/fi\/wp-json\/wp\/v2\/media?parent=62725"}],"wp:term":[{"taxonomy":"factory","embeddable":true,"href":"https:\/\/factory.sale\/fi\/wp-json\/wp\/v2\/factory?post=62725"},{"taxonomy":"free-shipment","embeddable":true,"href":"https:\/\/factory.sale\/fi\/wp-json\/wp\/v2\/free-shipment?post=62725"},{"taxonomy":"product_brand","embeddable":true,"href":"https:\/\/factory.sale\/fi\/wp-json\/wp\/v2\/product_brand?post=62725"},{"taxonomy":"product_cat","embeddable":true,"href":"https:\/\/factory.sale\/fi\/wp-json\/wp\/v2\/product_cat?post=62725"},{"taxonomy":"product_tag","embeddable":true,"href":"https:\/\/factory.sale\/fi\/wp-json\/wp\/v2\/product_tag?post=62725"}],"curies":[{"name":"wp","href":"https:\/\/api.w.org\/{rel}","templated":true}]}}