{"id":62696,"date":"2024-01-12T09:07:38","date_gmt":"2024-01-12T09:19:52","guid":{"rendered":"https:\/\/factory.sale\/?post_type=product&#038;p=62696"},"modified":"2024-06-27T17:14:02","modified_gmt":"2024-06-27T17:14:02","slug":"kuumasavustusuuni-iso","status":"publish","type":"product","link":"https:\/\/factory.sale\/fi\/tuote\/kuumasavustusuuni-iso\/","title":{"rendered":"Kuumasavustusuuni iso"},"content":{"rendered":"<p><strong>Tuotekoodi:<\/strong> 12120320<\/p>\n<p>&nbsp;<\/p>\n<p>Kuumasavustusuuni \u201eStoveman\u201d on tarkoitettu kalan, lihan ja linnunlihan savustukseen. Sopii k\u00e4ytt\u00f6\u00f6n kotipihalle, kes\u00e4m\u00f6kille, turistitilalle ja maalaiskotiin. Kuumasavustusuuni on kaksikamarinen, molemmat ovat suljettavissa ovella. Alimmainen on tarkoitettu l\u00e4mmitt\u00e4miseen, jonka kautta tapahtuu savustukseen tarpeellisen l\u00e4mp\u00f6tilan takaaminen. Ylempi tila on savustustila, jossa sijaitsee viisi ruostumattomasta ter\u00e4ksest\u00e4 savustusritil\u00e4\u00e4 ja tulisijan katon p\u00e4\u00e4ll\u00e4 rasvapannu, joka est\u00e4\u00e4 savustaessa rasvan tippumisen tulisijan katolle ja sen syttymisen. Kypsennystilan katossa on tuotteiden ripustukseen kaksi 8mm py\u00f6re\u00e4st\u00e4 ter\u00e4ksest\u00e4 puikkoa. Savustusuunissa on my\u00f6s mekaaninen l\u00e4mp\u00f6tilamittari 0 \u2013 220 asteeseen.<\/p>\n<p>L\u00e4mmitykseen saa k\u00e4ytt\u00e4\u00e4 kaikkia puulajeja! Kypsytyskamarin pohjalla saa k\u00e4ytt\u00e4\u00e4 ainoastaan savustamiseen tarkoitettujen puulajien lastuja! Stoveman kuumasavustusuunin ty\u00f6l\u00e4mp\u00f6tila on 110 asteesta yl\u00f6sp\u00e4in!<\/p>\n<p>Savustusuunien sis\u00e4- ja ulkosein\u00e4t on valmistettu 3mm ter\u00e4slevyst\u00e4, tulisijan pohja ja katto 4mm ter\u00e4slevyst\u00e4 ja ovet, rasvapannu ja savupiipun hattu on valmistettu 2mm ter\u00e4slevyst\u00e4. Ulkopuolelta ovat Stoveman kuumasavustusuunit viimeistelty korkeita l\u00e4mp\u00f6tiloja kest\u00e4v\u00e4ll\u00e4 maalilla.<\/p>\n<p>&nbsp;<\/p>\n<p><strong>Yleistietoja:<\/strong><\/p>\n<ul>\n<li>Uunin ulkomitat: 156 x 60 x 50 cm (K\/L\/S)<\/li>\n<li>Kypsennystilan mitat: 77 x 50 x 45 cm (K\/L\/S)<\/li>\n<li>Kypsennysritil\u00e4n mitat: 49 x 42 cm (5tk) (L\/S)<\/li>\n<li>Ritil\u00f6iden v\u00e4li: 11 cm<\/li>\n<li>Pakkauksen mittat: 156 \u00d7 60 \u00d7 50 cm (p\/l\/k)<\/li>\n<li>Paino: 130 kg (kilogramma)<\/li>\n<\/ul>\n<p>&nbsp;<\/p>\n<p><a href=\"https:\/\/factory.sale\/wp-content\/uploads\/2024\/01\/Kuumsuitsuahju-juhend_fin.pdf\" target=\"_blank\" rel=\"noopener\">Ohjeet<\/a><\/p>\n","protected":false},"excerpt":{"rendered":"<p>Kuumasavustusuuni \u201eStoveman\u201d on tarkoitettu kalan, lihan ja linnunlihan savustukseen. Sopii k\u00e4ytt\u00f6\u00f6n kotipihalle, kes\u00e4m\u00f6kille, turistitilalle ja maalaiskotiin. Kuumasavustusuuni on kaksikamarinen, molemmat ovat suljettavissa ovella. Alimmainen on tarkoitettu l\u00e4mmitt\u00e4miseen, jonka kautta tapahtuu savustukseen tarpeellisen l\u00e4mp\u00f6tilan takaaminen. Ylempi tila on savustustila, jossa sijaitsee viisi ruostumattomasta ter\u00e4ksest\u00e4 savustusritil\u00e4\u00e4 ja tulisijan katon p\u00e4\u00e4ll\u00e4 rasvapannu, joka est\u00e4\u00e4 savustaessa rasvan tippumisen tulisijan katolle ja sen syttymisen. Kypsennystilan katossa on tuotteiden ripustukseen kaksi 8mm py\u00f6re\u00e4st\u00e4 ter\u00e4ksest\u00e4 puikkoa. Savustusuunissa on my\u00f6s mekaaninen l\u00e4mp\u00f6tilamittari 0 \u2013 220 asteeseen.<\/p>\n","protected":false},"featured_media":62692,"comment_status":"open","ping_status":"closed","template":"","meta":{"_acf_changed":false},"factory":[],"free-shipment":[],"product_brand":[],"product_cat":[2754,4804,997,4798,4541],"product_tag":[],"class_list":{"0":"post-62696","1":"product","2":"type-product","3":"status-publish","4":"has-post-thumbnail","6":"product_cat-grillit-ja-uunit","7":"product_cat-grillit-ja-uunit-fi","8":"product_cat-piha-puutarha-fi","9":"product_cat-piha-ja-puutarha","10":"product_cat-varastotuotteet","12":"first","13":"instock","14":"sale","15":"taxable","16":"shipping-taxable","17":"purchasable","18":"product-type-simple"},"acf":[],"_links":{"self":[{"href":"https:\/\/factory.sale\/fi\/wp-json\/wp\/v2\/product\/62696","targetHints":{"allow":["GET"]}}],"collection":[{"href":"https:\/\/factory.sale\/fi\/wp-json\/wp\/v2\/product"}],"about":[{"href":"https:\/\/factory.sale\/fi\/wp-json\/wp\/v2\/types\/product"}],"replies":[{"embeddable":true,"href":"https:\/\/factory.sale\/fi\/wp-json\/wp\/v2\/comments?post=62696"}],"wp:featuredmedia":[{"embeddable":true,"href":"https:\/\/factory.sale\/fi\/wp-json\/wp\/v2\/media\/62692"}],"wp:attachment":[{"href":"https:\/\/factory.sale\/fi\/wp-json\/wp\/v2\/media?parent=62696"}],"wp:term":[{"taxonomy":"factory","embeddable":true,"href":"https:\/\/factory.sale\/fi\/wp-json\/wp\/v2\/factory?post=62696"},{"taxonomy":"free-shipment","embeddable":true,"href":"https:\/\/factory.sale\/fi\/wp-json\/wp\/v2\/free-shipment?post=62696"},{"taxonomy":"product_brand","embeddable":true,"href":"https:\/\/factory.sale\/fi\/wp-json\/wp\/v2\/product_brand?post=62696"},{"taxonomy":"product_cat","embeddable":true,"href":"https:\/\/factory.sale\/fi\/wp-json\/wp\/v2\/product_cat?post=62696"},{"taxonomy":"product_tag","embeddable":true,"href":"https:\/\/factory.sale\/fi\/wp-json\/wp\/v2\/product_tag?post=62696"}],"curies":[{"name":"wp","href":"https:\/\/api.w.org\/{rel}","templated":true}]}}