{"id":62680,"date":"2024-01-12T08:43:38","date_gmt":"2024-01-12T08:56:25","guid":{"rendered":"https:\/\/factory.sale\/?post_type=product&#038;p=62680"},"modified":"2024-06-26T17:30:29","modified_gmt":"2024-06-26T17:30:29","slug":"kuumasavustusuuni-pieni","status":"publish","type":"product","link":"https:\/\/factory.sale\/fi\/tuote\/kuumasavustusuuni-pieni\/","title":{"rendered":"Kuumasavustusuuni pieni"},"content":{"rendered":"<p><strong>Tuotekoodi:<\/strong> 12120310<\/p>\n<p>&nbsp;<\/p>\n<p>Kuumasavustusuuni \u201eStoveman\u201d on tarkoitettu kalan, lihan ja linnunlihan savustukseen. Sopii k\u00e4ytt\u00f6\u00f6n kotipihalle, kes\u00e4m\u00f6kille, turistitilalle ja maalaiskotiin. Kuumasavustusuuni on kaksikamarinen, molemmat ovat suljettavissa ovella. Alimmainen on tarkoitettu l\u00e4mmitt\u00e4miseen, jonka kautta tapahtuu savustukseen tarpeellisen l\u00e4mp\u00f6tilan takaaminen. Ylempi tila on savustustila, jossa sijaitsee viisi ruostumattomasta ter\u00e4ksest\u00e4 savustusritil\u00e4\u00e4 ja tulisijan katon p\u00e4\u00e4ll\u00e4 rasvapannu, joka est\u00e4\u00e4 savustaessa rasvan tippumisen tulisijan katolle ja sen syttymisen.<\/p>\n<p>Kypsennystilan katossa on tuotteiden ripustukseen yksi 8mm py\u00f6re\u00e4st\u00e4 ter\u00e4ksest\u00e4 puikko. Savustusuunissa on my\u00f6s mekaaninen l\u00e4mp\u00f6tilamittari 0 \u2013 220 asteeseen. Stoveman kuumasavustusuunin ty\u00f6l\u00e4mp\u00f6tila on 110 asteesta yl\u00f6sp\u00e4in!<\/p>\n<p>L\u00e4mmitykseen saa k\u00e4ytt\u00e4\u00e4 kaikkia puulajeja! Kypsytyskamarin pohjalla saa k\u00e4ytt\u00e4\u00e4 ainoastaan savustamiseen tarkoitettujen puulajien lastuja!<\/p>\n<p>Savustusuunien sis\u00e4- ja ulkosein\u00e4t on valmistettu 3mm ter\u00e4slevyst\u00e4, tulisijan pohja ja katto 4mm ter\u00e4slevyst\u00e4 ja ovet, rasvapannu ja savupiipun hattu on valmistettu 2mm ter\u00e4slevyst\u00e4. Ulkopuolelta ovat Stoveman kuumasavustusuunit viimeistelty korkeita l\u00e4mp\u00f6tiloja kest\u00e4v\u00e4ll\u00e4 maalilla.<\/p>\n<p>&nbsp;<\/p>\n<p><strong>Yleistietoja:<\/strong><\/p>\n<ul>\n<li>Uunin ulkomitat: 120 x 45 x 45 cm (K\/L\/S)<\/li>\n<li>Kypsennystilan mitat 52 x 38 x 41 cm (K\/L\/S)<\/li>\n<li>Kypsennysritil\u00e4n mitat 36,5 \u00d7 39 cm (5tk) (L\/S)<\/li>\n<li>Ritil\u00f6iden v\u00e4li: 6 cm<\/li>\n<li>Pakkauksen mittat: 120 \u00d7 45 \u00d7 45 cm (p\/l\/k)<\/li>\n<li>Paino: 82 kg (kilogramma)<\/li>\n<\/ul>\n<p>&nbsp;<\/p>\n<p><a href=\"https:\/\/factory.sale\/wp-content\/uploads\/2024\/01\/Kuumsuitsuahju-juhend_fin.pdf\" target=\"_blank\" rel=\"noopener\">Ohjeet<\/a><\/p>\n","protected":false},"excerpt":{"rendered":"<p>Kuumasavustusuuni \u201eStoveman\u201d on tarkoitettu kalan, lihan ja linnunlihan savustukseen. Sopii k\u00e4ytt\u00f6\u00f6n kotipihalle, kes\u00e4m\u00f6kille, turistitilalle ja maalaiskotiin. Kuumasavustusuuni on kaksikamarinen, molemmat ovat suljettavissa ovella. Alimmainen on tarkoitettu l\u00e4mmitt\u00e4miseen, jonka kautta tapahtuu savustukseen tarpeellisen l\u00e4mp\u00f6tilan takaaminen. Ylempi tila on savustustila, jossa sijaitsee viisi ruostumattomasta ter\u00e4ksest\u00e4 savustusritil\u00e4\u00e4 ja tulisijan katon p\u00e4\u00e4ll\u00e4 rasvapannu, joka est\u00e4\u00e4 savustaessa rasvan tippumisen tulisijan katolle ja sen syttymisen.<\/p>\n","protected":false},"featured_media":62666,"comment_status":"open","ping_status":"closed","template":"","meta":{"_acf_changed":false},"factory":[],"free-shipment":[],"product_brand":[],"product_cat":[2752,4802,917,4796,4529],"product_tag":[1035],"class_list":{"0":"post-62680","1":"product","2":"type-product","3":"status-publish","4":"has-post-thumbnail","6":"product_cat-grills-and-ovens","7":"product_cat-grills-and-ovens-2","8":"product_cat-garden-yard","9":"product_cat-yard-and-garden","10":"product_cat-stock-products","11":"product_tag-garden","13":"first","14":"instock","15":"sale","16":"taxable","17":"shipping-taxable","18":"purchasable","19":"product-type-simple"},"acf":[],"_links":{"self":[{"href":"https:\/\/factory.sale\/fi\/wp-json\/wp\/v2\/product\/62680","targetHints":{"allow":["GET"]}}],"collection":[{"href":"https:\/\/factory.sale\/fi\/wp-json\/wp\/v2\/product"}],"about":[{"href":"https:\/\/factory.sale\/fi\/wp-json\/wp\/v2\/types\/product"}],"replies":[{"embeddable":true,"href":"https:\/\/factory.sale\/fi\/wp-json\/wp\/v2\/comments?post=62680"}],"wp:featuredmedia":[{"embeddable":true,"href":"https:\/\/factory.sale\/fi\/wp-json\/wp\/v2\/media\/62666"}],"wp:attachment":[{"href":"https:\/\/factory.sale\/fi\/wp-json\/wp\/v2\/media?parent=62680"}],"wp:term":[{"taxonomy":"factory","embeddable":true,"href":"https:\/\/factory.sale\/fi\/wp-json\/wp\/v2\/factory?post=62680"},{"taxonomy":"free-shipment","embeddable":true,"href":"https:\/\/factory.sale\/fi\/wp-json\/wp\/v2\/free-shipment?post=62680"},{"taxonomy":"product_brand","embeddable":true,"href":"https:\/\/factory.sale\/fi\/wp-json\/wp\/v2\/product_brand?post=62680"},{"taxonomy":"product_cat","embeddable":true,"href":"https:\/\/factory.sale\/fi\/wp-json\/wp\/v2\/product_cat?post=62680"},{"taxonomy":"product_tag","embeddable":true,"href":"https:\/\/factory.sale\/fi\/wp-json\/wp\/v2\/product_tag?post=62680"}],"curies":[{"name":"wp","href":"https:\/\/api.w.org\/{rel}","templated":true}]}}