{"id":62479,"date":"2024-01-11T13:08:54","date_gmt":"2024-01-11T13:27:57","guid":{"rendered":"https:\/\/factory.sale\/?post_type=product&#038;p=62479"},"modified":"2025-11-28T13:18:43","modified_gmt":"2025-11-28T10:18:43","slug":"helo-sahkokiuas-rocher-70-pure","status":"publish","type":"product","link":"https:\/\/factory.sale\/fi\/tuote\/helo-sahkokiuas-rocher-70-pure\/","title":{"rendered":"Helo s\u00e4hk\u00f6kiuas ROCHER 70 Pure"},"content":{"rendered":"<p><strong>Tuotekoodi:<\/strong> 002735<\/p>\n<p>&nbsp;<\/p>\n<p>Rocher takaa ihanan pehme\u00e4n, pisaramaisen l\u00f6ylyn ja nautinnollisen saunatunnelman 100 kg:n kivill\u00e4 varustetussa kiukaassa. Rocherin py\u00f6re\u00e4, ajaton ja tyylik\u00e4s muotoilu ihastuttaa joka kulmasta. Kiuas tulee nyt uusien tyylikk\u00e4iden ohjauspaneelien kanssa, Elite (sis\u00e4ltyy).<\/p>\n<p>\u2022 Ajaton muotoilu<br \/>\n\u2022 Jykev\u00e4 100 kiloa saunakivi\u00e4 tuottaa aitoa saunatunnelmaa<br \/>\n\u2022 T\u00e4yspitk\u00e4t l\u00e4mp\u00f6elementit l\u00e4mmitt\u00e4v\u00e4t koko kiukaan<\/p>\n<p>&nbsp;<\/p>\n<p>&nbsp;<\/p>\n<p>&nbsp;<\/p>\n<p><strong>Tekniset tiedot:<\/strong><\/p>\n<ul>\n<li>V\u00e4ri: KROMI<\/li>\n<li>Paino (kg): 21,0<\/li>\n<li>Kivien m\u00e4\u00e4r\u00e4 (kg): 100<\/li>\n<li>Teho (kW): 6,8<\/li>\n<li>Mitat (LxKxS): 425 x 1130 x 425<\/li>\n<li>Saunan koko (m\u00b3): 5-9<\/li>\n<li>Turvaet\u00e4isyys, taakse: 60<\/li>\n<li>Turvaet\u00e4isyys, yl\u00f6s: 770<\/li>\n<li>Turvaet\u00e4isyys, sivulle: 60<\/li>\n<li>Turvaet\u00e4isyys, eteen: 60<\/li>\n<\/ul>\n<p>&nbsp;<\/p>\n<p>&nbsp;<\/p>\n<p><a href=\"https:\/\/factory.sale\/wp-content\/uploads\/2024\/01\/Rocher-Pure-Installation-manual-and-user-guide.pdf\" target=\"_blank\" rel=\"noopener\">ROCHER PURE &#8211; Asennusohje ja k\u00e4ytt\u00f6opas<\/a><\/p>\n<p><a href=\"https:\/\/factory.sale\/wp-content\/uploads\/2023\/12\/Warranty-policy.pdf\" target=\"_blank\" rel=\"noopener\">Takuupolitiikka<\/a><\/p>\n","protected":false},"excerpt":{"rendered":"<p>Rocher takaa ihanan pehme\u00e4n, pisaramaisen l\u00f6ylyn ja nautinnollisen saunatunnelman 100 kg:n kivill\u00e4 varustetussa kiukaassa. Rocherin py\u00f6re\u00e4, ajaton ja tyylik\u00e4s muotoilu ihastuttaa joka kulmasta. Kiuas tulee nyt uusien tyylikk\u00e4iden ohjauspaneelien kanssa, Elite (sis\u00e4ltyy).<\/p>\n","protected":false},"featured_media":62438,"comment_status":"open","ping_status":"closed","template":"","meta":{"_acf_changed":false},"factory":[],"free-shipment":[],"product_brand":[],"product_cat":[2639,484],"product_tag":[3162,1153,2106],"class_list":{"0":"post-62479","1":"product","2":"type-product","3":"status-publish","4":"has-post-thumbnail","6":"product_cat-helo-fi","7":"product_cat-saunan-kiukaat","8":"product_tag-electric-heater-fi","9":"product_tag-sahkokiuas","10":"product_tag-sauna-fi","12":"first","13":"instock","14":"sale","15":"taxable","16":"shipping-taxable","17":"purchasable","18":"product-type-simple"},"acf":[],"_links":{"self":[{"href":"https:\/\/factory.sale\/fi\/wp-json\/wp\/v2\/product\/62479","targetHints":{"allow":["GET"]}}],"collection":[{"href":"https:\/\/factory.sale\/fi\/wp-json\/wp\/v2\/product"}],"about":[{"href":"https:\/\/factory.sale\/fi\/wp-json\/wp\/v2\/types\/product"}],"replies":[{"embeddable":true,"href":"https:\/\/factory.sale\/fi\/wp-json\/wp\/v2\/comments?post=62479"}],"wp:featuredmedia":[{"embeddable":true,"href":"https:\/\/factory.sale\/fi\/wp-json\/wp\/v2\/media\/62438"}],"wp:attachment":[{"href":"https:\/\/factory.sale\/fi\/wp-json\/wp\/v2\/media?parent=62479"}],"wp:term":[{"taxonomy":"factory","embeddable":true,"href":"https:\/\/factory.sale\/fi\/wp-json\/wp\/v2\/factory?post=62479"},{"taxonomy":"free-shipment","embeddable":true,"href":"https:\/\/factory.sale\/fi\/wp-json\/wp\/v2\/free-shipment?post=62479"},{"taxonomy":"product_brand","embeddable":true,"href":"https:\/\/factory.sale\/fi\/wp-json\/wp\/v2\/product_brand?post=62479"},{"taxonomy":"product_cat","embeddable":true,"href":"https:\/\/factory.sale\/fi\/wp-json\/wp\/v2\/product_cat?post=62479"},{"taxonomy":"product_tag","embeddable":true,"href":"https:\/\/factory.sale\/fi\/wp-json\/wp\/v2\/product_tag?post=62479"}],"curies":[{"name":"wp","href":"https:\/\/api.w.org\/{rel}","templated":true}]}}