{"id":62426,"date":"2024-01-11T11:48:32","date_gmt":"2024-01-11T11:54:02","guid":{"rendered":"https:\/\/factory.sale\/?post_type=product&#038;p=62426"},"modified":"2025-11-28T13:18:44","modified_gmt":"2025-11-28T10:18:44","slug":"helo-sahkokiuas-laava-15011","status":"publish","type":"product","link":"https:\/\/factory.sale\/fi\/tuote\/helo-sahkokiuas-laava-15011\/","title":{"rendered":"Helo s\u00e4hk\u00f6kiuas LAAVA 15011"},"content":{"rendered":"<p><strong>Tuotekoodi:<\/strong> 000918<\/p>\n<p>&nbsp;<\/p>\n<p>Vapaasti seisova Laava-saunan kiuas on asettanut alan standardin yli 25 vuoden ajan. Sen kapasiteetti tekee siit\u00e4 t\u00e4ydellisen vaihtoehdon 8-24 kuutiometrin saunatiloihin. Korkealaatuinen suunnittelu ja teknologia takaavat pitk\u00e4ik\u00e4isen kiukaan klassisella ilmeell\u00e4. Elite\/Pure + WE40 ei sis\u00e4lly.<\/p>\n<p>\u2022 Helo-WT-teknologia saatavilla vaihtoehtona<br \/>\n\u2022 Kustannustehokas energiank\u00e4ytt\u00f6<br \/>\n\u2022 Ongelmattomasti k\u00e4ytett\u00e4v\u00e4<br \/>\n\u2022 Helppo huolto<\/p>\n<p>&nbsp;<\/p>\n<p><strong>Tekniset tiedot:<\/strong><\/p>\n<ul>\n<li>V\u00e4ri: GRAFIITINHARMAA<\/li>\n<li>Paino (kg): 31,0<\/li>\n<li>Kivien m\u00e4\u00e4r\u00e4 (kg): 60<\/li>\n<li>Teho (kW): 15,0<\/li>\n<li>Mitat (LxKxS)<\/li>\n<li>Saunan koko (m\u00b3): 14-24<\/li>\n<li>Turvaet\u00e4isyys, taakse: 120<\/li>\n<li>Turvaet\u00e4isyys, yl\u00f6s: 1400<\/li>\n<li>Turvaet\u00e4isyys, sivulle: 120<\/li>\n<li>Turvaet\u00e4isyys, eteen: 50<\/li>\n<\/ul>\n<p>&nbsp;<\/p>\n<p>&nbsp;<\/p>\n<p><a href=\"https:\/\/factory.sale\/wp-content\/uploads\/2024\/01\/Laava-Installation-manual-and-user-guide.pdf\" target=\"_blank\" rel=\"noopener\">LAAVA &#8211; Asennusohje ja k\u00e4ytt\u00f6opas<\/a><\/p>\n<p><a href=\"https:\/\/factory.sale\/wp-content\/uploads\/2024\/01\/Stone-Set-Stone-Cassette-Installation-manual-and-user-guide.pdf\" target=\"_blank\" rel=\"noopener\">Kivisarja ja Kivikasetti &#8211; Asennusohje ja k\u00e4ytt\u00f6opas<\/a><\/p>\n<p><a href=\"https:\/\/factory.sale\/wp-content\/uploads\/2023\/12\/Warranty-policy.pdf\" target=\"_blank\" rel=\"noopener\">Takuupolitiikka<\/a><\/p>\n","protected":false},"excerpt":{"rendered":"<p>Vapaasti seisova Laava-saunan kiuas on asettanut alan standardin yli 25 vuoden ajan. Sen kapasiteetti tekee siit\u00e4 t\u00e4ydellisen vaihtoehdon 8-24 kuutiometrin saunatiloihin. Korkealaatuinen suunnittelu ja teknologia takaavat pitk\u00e4ik\u00e4isen kiukaan klassisella ilmeell\u00e4. Elite\/Pure + WE40 ei sis\u00e4lly.<\/p>\n","protected":false},"featured_media":62383,"comment_status":"open","ping_status":"closed","template":"","meta":{"_acf_changed":false},"factory":[],"free-shipment":[],"product_brand":[],"product_cat":[2637,265],"product_tag":[1149,1153,809],"class_list":{"0":"post-62426","1":"product","2":"type-product","3":"status-publish","4":"has-post-thumbnail","6":"product_cat-helo","7":"product_cat-sauna-heaters","8":"product_tag-electric-heater","9":"product_tag-sahkokiuas","10":"product_tag-sauna","12":"first","13":"instock","14":"sale","15":"taxable","16":"shipping-taxable","17":"purchasable","18":"product-type-simple"},"acf":[],"_links":{"self":[{"href":"https:\/\/factory.sale\/fi\/wp-json\/wp\/v2\/product\/62426","targetHints":{"allow":["GET"]}}],"collection":[{"href":"https:\/\/factory.sale\/fi\/wp-json\/wp\/v2\/product"}],"about":[{"href":"https:\/\/factory.sale\/fi\/wp-json\/wp\/v2\/types\/product"}],"replies":[{"embeddable":true,"href":"https:\/\/factory.sale\/fi\/wp-json\/wp\/v2\/comments?post=62426"}],"wp:featuredmedia":[{"embeddable":true,"href":"https:\/\/factory.sale\/fi\/wp-json\/wp\/v2\/media\/62383"}],"wp:attachment":[{"href":"https:\/\/factory.sale\/fi\/wp-json\/wp\/v2\/media?parent=62426"}],"wp:term":[{"taxonomy":"factory","embeddable":true,"href":"https:\/\/factory.sale\/fi\/wp-json\/wp\/v2\/factory?post=62426"},{"taxonomy":"free-shipment","embeddable":true,"href":"https:\/\/factory.sale\/fi\/wp-json\/wp\/v2\/free-shipment?post=62426"},{"taxonomy":"product_brand","embeddable":true,"href":"https:\/\/factory.sale\/fi\/wp-json\/wp\/v2\/product_brand?post=62426"},{"taxonomy":"product_cat","embeddable":true,"href":"https:\/\/factory.sale\/fi\/wp-json\/wp\/v2\/product_cat?post=62426"},{"taxonomy":"product_tag","embeddable":true,"href":"https:\/\/factory.sale\/fi\/wp-json\/wp\/v2\/product_tag?post=62426"}],"curies":[{"name":"wp","href":"https:\/\/api.w.org\/{rel}","templated":true}]}}