{"id":61891,"date":"2024-01-09T09:43:24","date_gmt":"2024-01-09T09:51:00","guid":{"rendered":"https:\/\/factory.sale\/?post_type=product&#038;p=61891"},"modified":"2025-11-28T13:19:13","modified_gmt":"2025-11-28T10:19:13","slug":"helo-sahkokiuas-magma-1811","status":"publish","type":"product","link":"https:\/\/factory.sale\/fi\/tuote\/helo-sahkokiuas-magma-1811\/","title":{"rendered":"Helo s\u00e4hk\u00f6kiuas MAGMA 1811"},"content":{"rendered":"<p><strong>Tuotekoodi:<\/strong> 000911<\/p>\n<p>&nbsp;<\/p>\n<p>Magma-saunan kiuas on mestari tuottamaan suuria l\u00e4mp\u00f6m\u00e4\u00e4ri\u00e4 suurille saunatiloille kaupallisissa sovelluksissa ja muissa tilanteissa, joissa vaatimukset ovat korkeat. Kest\u00e4vyys, tehokkuus ja v\u00e4h\u00e4inen huoltotarve ovat tietysti sen p\u00e4\u00e4ominaisuuksia. Pure\/Elite + WE50 ei sis\u00e4lly.<\/p>\n<p>\u2022 Suunniteltu t\u00e4ytt\u00e4m\u00e4\u00e4n eritt\u00e4in korkeat vaatimukset<br \/>\n\u2022 Kest\u00e4vyys, suorituskyky ja tehokkuus<br \/>\n\u2022 Digitaalisesti hallittu<\/p>\n<p>&nbsp;<\/p>\n<p>&nbsp;<\/p>\n<p><strong>Tekniset tiedot:<\/strong><\/p>\n<ul>\n<li>V\u00e4ri: GRAFIITINHARMAA<\/li>\n<li>Paino (kg): 48,2<\/li>\n<li>Kivien m\u00e4\u00e4r\u00e4 (kg): 80<\/li>\n<li>Teho (kW): 18,0<\/li>\n<li>Mitat (LxKxS): 900 x 715 x 520<\/li>\n<li>Saunan koko (m\u00b3): 18-30<\/li>\n<li>Turvaet\u00e4isyys, taakse: 160<\/li>\n<li>Turvaet\u00e4isyys, yl\u00f6s: 1400<\/li>\n<li>Turvaet\u00e4isyys, sivulle: 140<\/li>\n<li>Turvaet\u00e4isyys, eteen: 160<\/li>\n<\/ul>\n<p>&nbsp;<\/p>\n<p><a href=\"https:\/\/factory.sale\/wp-content\/uploads\/2024\/01\/Magma-Installation-manual-and-user-guide.pdf\" target=\"_blank\" rel=\"noopener\">MAGMA &#8211; Asennusohje ja k\u00e4ytt\u00f6opas<\/a><\/p>\n<p><a href=\"https:\/\/factory.sale\/wp-content\/uploads\/2024\/01\/Stone-Set-Stone-Cassette-Installation-manual-and-user-guide.pdf\" target=\"_blank\" rel=\"noopener\">Kivisarja ja Kivikasetti &#8211; Asennusohje ja k\u00e4ytt\u00f6opas<\/a><\/p>\n<p><a href=\"https:\/\/factory.sale\/wp-content\/uploads\/2023\/12\/Warranty-policy.pdf\" target=\"_blank\" rel=\"noopener\">Takuupolitiikka<\/a><\/p>\n","protected":false},"excerpt":{"rendered":"<p>Magma-saunan kiuas on mestari tuottamaan suuria l\u00e4mp\u00f6m\u00e4\u00e4ri\u00e4 suurille saunatiloille kaupallisissa sovelluksissa ja muissa tilanteissa, joissa vaatimukset ovat korkeat. Kest\u00e4vyys, tehokkuus ja v\u00e4h\u00e4inen huoltotarve ovat tietysti sen p\u00e4\u00e4ominaisuuksia. Pure\/Elite + WE50 ei sis\u00e4lly.<\/p>\n","protected":false},"featured_media":61878,"comment_status":"open","ping_status":"closed","template":"","meta":{"_acf_changed":false},"factory":[],"free-shipment":[],"product_brand":[],"product_cat":[2639,484],"product_tag":[3162,1153],"class_list":{"0":"post-61891","1":"product","2":"type-product","3":"status-publish","4":"has-post-thumbnail","6":"product_cat-helo-fi","7":"product_cat-saunan-kiukaat","8":"product_tag-electric-heater-fi","9":"product_tag-sahkokiuas","11":"first","12":"instock","13":"sale","14":"taxable","15":"shipping-taxable","16":"purchasable","17":"product-type-simple"},"acf":[],"_links":{"self":[{"href":"https:\/\/factory.sale\/fi\/wp-json\/wp\/v2\/product\/61891","targetHints":{"allow":["GET"]}}],"collection":[{"href":"https:\/\/factory.sale\/fi\/wp-json\/wp\/v2\/product"}],"about":[{"href":"https:\/\/factory.sale\/fi\/wp-json\/wp\/v2\/types\/product"}],"replies":[{"embeddable":true,"href":"https:\/\/factory.sale\/fi\/wp-json\/wp\/v2\/comments?post=61891"}],"wp:featuredmedia":[{"embeddable":true,"href":"https:\/\/factory.sale\/fi\/wp-json\/wp\/v2\/media\/61878"}],"wp:attachment":[{"href":"https:\/\/factory.sale\/fi\/wp-json\/wp\/v2\/media?parent=61891"}],"wp:term":[{"taxonomy":"factory","embeddable":true,"href":"https:\/\/factory.sale\/fi\/wp-json\/wp\/v2\/factory?post=61891"},{"taxonomy":"free-shipment","embeddable":true,"href":"https:\/\/factory.sale\/fi\/wp-json\/wp\/v2\/free-shipment?post=61891"},{"taxonomy":"product_brand","embeddable":true,"href":"https:\/\/factory.sale\/fi\/wp-json\/wp\/v2\/product_brand?post=61891"},{"taxonomy":"product_cat","embeddable":true,"href":"https:\/\/factory.sale\/fi\/wp-json\/wp\/v2\/product_cat?post=61891"},{"taxonomy":"product_tag","embeddable":true,"href":"https:\/\/factory.sale\/fi\/wp-json\/wp\/v2\/product_tag?post=61891"}],"curies":[{"name":"wp","href":"https:\/\/api.w.org\/{rel}","templated":true}]}}