{"id":61855,"date":"2024-01-09T09:06:11","date_gmt":"2024-01-09T09:16:10","guid":{"rendered":"https:\/\/factory.sale\/?post_type=product&#038;p=61855"},"modified":"2025-11-28T13:19:14","modified_gmt":"2025-11-28T10:19:14","slug":"helo-sahkokiuas-skla-260","status":"publish","type":"product","link":"https:\/\/factory.sale\/fi\/tuote\/helo-sahkokiuas-skla-260\/","title":{"rendered":"Helo s\u00e4hk\u00f6kiuas SKLA 260"},"content":{"rendered":"<p><strong>Tuotekoodi:<\/strong> 000907<\/p>\n<p>&nbsp;<\/p>\n<p>&nbsp;<\/p>\n<p>Helo SKLA -kiukaat on suunniteltu voimakkaina, kest\u00e4vin\u00e4 ja tehokkaina suurille saunatiloille. Sen vaikuttava 80 kilon kivikomero tarjoaa erinomaisen saunakokemuksen pitk\u00e4ll\u00e4 ja tasaisella l\u00e4mm\u00f6njaolla. Pure\/Elite + WE50 ei sis\u00e4lly.<\/p>\n<p>\u2022 Digitaalisesti ohjattava helppoa valvontaa varten<br \/>\n\u2022 Energiatehokas teknologia<br \/>\n\u2022 Useita vaihtoehtoja r\u00e4\u00e4t\u00e4l\u00f6ityyn saunakokemukseen<br \/>\n\u2022 V\u00e4h\u00e4huoltoinen vaihtoehto vilkkaille paikoille<\/p>\n<p>&nbsp;<\/p>\n<p><strong>Tekniset tiedot:<\/strong><\/p>\n<ul>\n<li>V\u00e4ri: KROMI<\/li>\n<li>Paino (kg): 47,6<\/li>\n<li>Kivien m\u00e4\u00e4r\u00e4 (kg): 80<\/li>\n<li>Teho (kW): 26,0<\/li>\n<li>Mitat (LxKxS): 880 x 700 x 510<\/li>\n<li>Saunan koko (m\u00b3): 30-45<\/li>\n<li>Turvaet\u00e4isyys, taakse: 160<\/li>\n<li>Turvaet\u00e4isyys, yl\u00f6s: 1500<\/li>\n<li>Turvaet\u00e4isyys, sivulle: 140<\/li>\n<li>Turvaet\u00e4isyys, eteen: 160<\/li>\n<\/ul>\n<p>&nbsp;<\/p>\n<p>&nbsp;<\/p>\n<p><a href=\"https:\/\/factory.sale\/wp-content\/uploads\/2024\/01\/SKLAMAGMA-Installation-manual-and-user-guide.pdf\" target=\"_blank\" rel=\"noopener\">SKLA &#8211; Asennusohje ja k\u00e4ytt\u00f6opas<\/a><\/p>\n<p><a href=\"https:\/\/factory.sale\/wp-content\/uploads\/2024\/01\/Stone-Set-Stone-Cassette-Installation-manual-and-user-guide.pdf\" target=\"_blank\" rel=\"noopener\">Kivisarja ja Kivikasetti &#8211; Asennusohje ja k\u00e4ytt\u00f6opas<\/a><\/p>\n<p><a href=\"https:\/\/factory.sale\/wp-content\/uploads\/2023\/12\/Warranty-policy.pdf\" target=\"_blank\" rel=\"noopener\">Takuupolitiikka<\/a><\/p>\n","protected":false},"excerpt":{"rendered":"<p>Helo SKLA -kiukaat on suunniteltu voimakkaina, kest\u00e4vin\u00e4 ja tehokkaina suurille saunatiloille. Sen vaikuttava 80 kilon kivikomero tarjoaa erinomaisen saunakokemuksen pitk\u00e4ll\u00e4 ja tasaisella l\u00e4mm\u00f6njaolla. Pure\/Elite + WE50 ei sis\u00e4lly.<\/p>\n","protected":false},"featured_media":61294,"comment_status":"open","ping_status":"closed","template":"","meta":{"_acf_changed":false},"factory":[],"free-shipment":[],"product_brand":[],"product_cat":[2639,484],"product_tag":[3162,4987,2106],"class_list":{"0":"post-61855","1":"product","2":"type-product","3":"status-publish","4":"has-post-thumbnail","6":"product_cat-helo-fi","7":"product_cat-saunan-kiukaat","8":"product_tag-electric-heater-fi","9":"product_tag-sahkokiuas-fi","10":"product_tag-sauna-fi","12":"first","13":"instock","14":"sale","15":"taxable","16":"shipping-taxable","17":"purchasable","18":"product-type-simple"},"acf":[],"_links":{"self":[{"href":"https:\/\/factory.sale\/fi\/wp-json\/wp\/v2\/product\/61855","targetHints":{"allow":["GET"]}}],"collection":[{"href":"https:\/\/factory.sale\/fi\/wp-json\/wp\/v2\/product"}],"about":[{"href":"https:\/\/factory.sale\/fi\/wp-json\/wp\/v2\/types\/product"}],"replies":[{"embeddable":true,"href":"https:\/\/factory.sale\/fi\/wp-json\/wp\/v2\/comments?post=61855"}],"wp:featuredmedia":[{"embeddable":true,"href":"https:\/\/factory.sale\/fi\/wp-json\/wp\/v2\/media\/61294"}],"wp:attachment":[{"href":"https:\/\/factory.sale\/fi\/wp-json\/wp\/v2\/media?parent=61855"}],"wp:term":[{"taxonomy":"factory","embeddable":true,"href":"https:\/\/factory.sale\/fi\/wp-json\/wp\/v2\/factory?post=61855"},{"taxonomy":"free-shipment","embeddable":true,"href":"https:\/\/factory.sale\/fi\/wp-json\/wp\/v2\/free-shipment?post=61855"},{"taxonomy":"product_brand","embeddable":true,"href":"https:\/\/factory.sale\/fi\/wp-json\/wp\/v2\/product_brand?post=61855"},{"taxonomy":"product_cat","embeddable":true,"href":"https:\/\/factory.sale\/fi\/wp-json\/wp\/v2\/product_cat?post=61855"},{"taxonomy":"product_tag","embeddable":true,"href":"https:\/\/factory.sale\/fi\/wp-json\/wp\/v2\/product_tag?post=61855"}],"curies":[{"name":"wp","href":"https:\/\/api.w.org\/{rel}","templated":true}]}}