{"id":60851,"date":"2024-01-05T13:34:17","date_gmt":"2024-01-05T13:40:38","guid":{"rendered":"https:\/\/factory.sale\/?post_type=product&#038;p=60851"},"modified":"2025-11-28T13:19:16","modified_gmt":"2025-11-28T10:19:16","slug":"helo-sahkokiuas-skle-1051-kromi","status":"publish","type":"product","link":"https:\/\/factory.sale\/fi\/tuote\/helo-sahkokiuas-skle-1051-kromi\/","title":{"rendered":"Helo S\u00e4hk\u00f6kiuas SKLE 1051 Kromi"},"content":{"rendered":"<p><strong>Tuotekoodi:<\/strong> 000902<\/p>\n<p>&nbsp;<\/p>\n<p>Vapaasti seisova SKLE-saunakiuas soveltuu suuriin, kaupallisiin saunoihin. 60 kilon kivikomeroilla varustettu SKLE tarjoaa miellytt\u00e4v\u00e4n ja rentouttavan saunakokemuksen. Pure\/Elite + WE40 ei sis\u00e4lly.<\/p>\n<p>\u2022 Digitaalisesti ohjattava helppoa seurantaa varten<br \/>\n\u2022 Energiatehokas teknologia<br \/>\n\u2022 Helppok\u00e4ytt\u00f6isyys ja tehokas suorituskyky<br \/>\n\u2022 V\u00e4h\u00e4n huoltoa vaativa vaihtoehto suurille k\u00e4vij\u00e4m\u00e4\u00e4rille<\/p>\n<p>&nbsp;<\/p>\n<p>&nbsp;<\/p>\n<p><strong>Tekniset tiedot:<\/strong><\/p>\n<ul>\n<li>V\u00e4ri: KROMI<\/li>\n<li>Paino (kg): 28,0<\/li>\n<li>Kivien m\u00e4\u00e4r\u00e4 (kg): 60<\/li>\n<li>Teho (kW): 10,5<\/li>\n<li>Mitat (LxKxS): 510 x 700 x 475<\/li>\n<li>Saunan koko (m\u00b3): 9-15<\/li>\n<li>Turvaet\u00e4isyys, takaa: 110<\/li>\n<li>Turvaet\u00e4isyys, ylh\u00e4\u00e4lt\u00e4: 1200<\/li>\n<li>Turvaet\u00e4isyys, sivulta: 80<\/li>\n<li>Turvaet\u00e4isyys, edest\u00e4: 80<\/li>\n<\/ul>\n<p>&nbsp;<\/p>\n<p>&nbsp;<\/p>\n<p><a href=\"https:\/\/factory.sale\/wp-content\/uploads\/2024\/01\/SKLE-Installation-manual-and-user-guide.pdf\" target=\"_blank\" rel=\"noopener\">SKLE &#8211; Asennusohje ja k\u00e4ytt\u00f6opas<\/a><\/p>\n<p><a href=\"https:\/\/factory.sale\/wp-content\/uploads\/2024\/01\/Stone-Set-Stone-Cassette-Installation-manual-and-user-guide.pdf\" target=\"_blank\" rel=\"noopener\">Kivisarja ja Kivikasetti &#8211; Asennusohje ja k\u00e4ytt\u00f6opas<\/a><\/p>\n<p><a href=\"https:\/\/factory.sale\/wp-content\/uploads\/2023\/12\/Warranty-policy.pdf\" target=\"_blank\" rel=\"noopener\">Takuupolitiikka<\/a><\/p>\n","protected":false},"excerpt":{"rendered":"<p>Vapaasti seisova SKLE-saunakiuas soveltuu suuriin, kaupallisiin saunoihin. 60 kilon kivikomeroilla varustettu SKLE tarjoaa miellytt\u00e4v\u00e4n ja rentouttavan saunakokemuksen. Pure\/Elite + WE40 ei sis\u00e4lly.<\/p>\n","protected":false},"featured_media":60830,"comment_status":"open","ping_status":"closed","template":"","meta":{"_acf_changed":false},"factory":[],"free-shipment":[],"product_brand":[],"product_cat":[2639,484],"product_tag":[],"class_list":{"0":"post-60851","1":"product","2":"type-product","3":"status-publish","4":"has-post-thumbnail","6":"product_cat-helo-fi","7":"product_cat-saunan-kiukaat","9":"first","10":"instock","11":"sale","12":"taxable","13":"shipping-taxable","14":"purchasable","15":"product-type-simple"},"acf":[],"_links":{"self":[{"href":"https:\/\/factory.sale\/fi\/wp-json\/wp\/v2\/product\/60851","targetHints":{"allow":["GET"]}}],"collection":[{"href":"https:\/\/factory.sale\/fi\/wp-json\/wp\/v2\/product"}],"about":[{"href":"https:\/\/factory.sale\/fi\/wp-json\/wp\/v2\/types\/product"}],"replies":[{"embeddable":true,"href":"https:\/\/factory.sale\/fi\/wp-json\/wp\/v2\/comments?post=60851"}],"wp:featuredmedia":[{"embeddable":true,"href":"https:\/\/factory.sale\/fi\/wp-json\/wp\/v2\/media\/60830"}],"wp:attachment":[{"href":"https:\/\/factory.sale\/fi\/wp-json\/wp\/v2\/media?parent=60851"}],"wp:term":[{"taxonomy":"factory","embeddable":true,"href":"https:\/\/factory.sale\/fi\/wp-json\/wp\/v2\/factory?post=60851"},{"taxonomy":"free-shipment","embeddable":true,"href":"https:\/\/factory.sale\/fi\/wp-json\/wp\/v2\/free-shipment?post=60851"},{"taxonomy":"product_brand","embeddable":true,"href":"https:\/\/factory.sale\/fi\/wp-json\/wp\/v2\/product_brand?post=60851"},{"taxonomy":"product_cat","embeddable":true,"href":"https:\/\/factory.sale\/fi\/wp-json\/wp\/v2\/product_cat?post=60851"},{"taxonomy":"product_tag","embeddable":true,"href":"https:\/\/factory.sale\/fi\/wp-json\/wp\/v2\/product_tag?post=60851"}],"curies":[{"name":"wp","href":"https:\/\/api.w.org\/{rel}","templated":true}]}}