{"id":60482,"date":"2024-01-04T10:49:58","date_gmt":"2024-01-04T10:55:13","guid":{"rendered":"https:\/\/factory.sale\/?post_type=product&#038;p=60482"},"modified":"2024-06-28T13:00:00","modified_gmt":"2024-06-28T13:00:00","slug":"biofiltterilla-varustettu-jateastian-kansi-120-140l","status":"publish","type":"product","link":"https:\/\/factory.sale\/fi\/tuote\/biofiltterilla-varustettu-jateastian-kansi-120-140l\/","title":{"rendered":"Biofiltterill\u00e4 varustettu j\u00e4teastian kansi 120\/140L"},"content":{"rendered":"<p><strong>Tuotekoodi:<\/strong> 120B_polt<\/p>\n<p>&nbsp;<\/p>\n<p>&#8220;System Biologic&#8221; biofiltterikannet sopivat useimpiin kaksipy\u00f6r\u00e4isiin j\u00e4teastioihin DIN EN 840 -standardin mukaisesti. Kansi on varustettu integroidulla tiivisteell\u00e4 varmistaakseen, ett\u00e4 ilma kulkee aina biofiltterin l\u00e4pi. Se est\u00e4\u00e4 k\u00e4rp\u00e4set ja toukat. Haisevat yhdisteet hajotetaan biofiltteriss\u00e4 olevien mikro-organismien toimesta hajuttomiksi aineiksi, kuten hiilidioksidiksi ja vedeksi.<\/p>\n<p>&nbsp;<\/p>\n<p><strong>Kansalaisille:<\/strong><\/p>\n<p>Ei hajua j\u00e4teastian ymp\u00e4rill\u00e4<br \/>\nEi toukkia eik\u00e4 k\u00e4rp\u00e4si\u00e4 j\u00e4teastiassa<br \/>\nBiofiltterin mikro-organismit hajottavat k\u00e4ymiskaasuja<br \/>\nTerveydelle haitallisten homesienten iti\u00f6iden sitominen<\/p>\n<p>&nbsp;<\/p>\n<p><strong>Kunnille:<\/strong><\/p>\n<p>Bioj\u00e4teastioiden hyv\u00e4ksynn\u00e4n lis\u00e4\u00e4ntyminen kansalaisten keskuudessa<br \/>\nVapaaehtoisen bioj\u00e4teastioiden liittymism\u00e4\u00e4r\u00e4n kasvu<br \/>\nTieteellisesti todistettu orgaanisen j\u00e4tteen m\u00e4\u00e4r\u00e4n ja laadun kasvu<br \/>\nOngelmattomat 14 p\u00e4iv\u00e4n ker\u00e4ysintervallit kes\u00e4ll\u00e4<br \/>\nJ\u00e4tteenk\u00e4sittelyn ja typpioksidip\u00e4\u00e4st\u00f6jen v\u00e4hent\u00e4minen<br \/>\nMerkitt\u00e4v\u00e4 kustannusten v\u00e4hennys<\/p>\n<p>&nbsp;<\/p>\n<p><strong>J\u00e4tteenk\u00e4sittelij\u00f6ille:<\/strong><\/p>\n<p>Vapaaehtoisen bioj\u00e4teastioiden liittymism\u00e4\u00e4r\u00e4n kasvu<br \/>\nTehokkaampi ker\u00e4yssuunnittelu<br \/>\nJ\u00e4teastian tyhjennyskustannusten v\u00e4hent\u00e4minen<br \/>\n&#8220;System Biologic&#8221; biofiltterikansi on t\u00e4ll\u00e4 hetkell\u00e4 tehokkain tekninen ratkaisu erillisker\u00e4tyn bioj\u00e4tteen aiheuttaman k\u00e4rp\u00e4sten ja toukkien ongelman minimoimiseksi.<\/p>\n<p>&nbsp;<\/p>\n<div class=\"video-wrapper \"><iframe loading=\"lazy\" title=\"Bio-Filter toiduj\u00e4\u00e4tmete konteinerile\" width=\"500\" height=\"281\" src=\"https:\/\/www.youtube.com\/embed\/xuujavoUrJc?feature=oembed\" frameborder=\"0\" allow=\"accelerometer; autoplay; clipboard-write; encrypted-media; gyroscope; picture-in-picture; web-share\" referrerpolicy=\"strict-origin-when-cross-origin\" allowfullscreen><\/iframe><\/div>\n","protected":false},"excerpt":{"rendered":"<p>&#8220;System Biologic&#8221; biofiltterikannet sopivat useimpiin kaksipy\u00f6r\u00e4isiin j\u00e4teastioihin DIN EN 840 -standardin mukaisesti. Kansi on varustettu integroidulla tiivisteell\u00e4 varmistaakseen, ett\u00e4 ilma kulkee aina biofiltterin l\u00e4pi. Se est\u00e4\u00e4 k\u00e4rp\u00e4set ja toukat. Haisevat yhdisteet hajotetaan biofiltteriss\u00e4 olevien mikro-organismien toimesta hajuttomiksi aineiksi, kuten hiilidioksidiksi ja vedeksi.<\/p>\n","protected":false},"featured_media":60458,"comment_status":"open","ping_status":"closed","template":"","meta":{"_acf_changed":false},"factory":[],"free-shipment":[],"product_brand":[],"product_cat":[2734,997],"product_tag":[],"class_list":{"0":"post-60482","1":"product","2":"type-product","3":"status-publish","4":"has-post-thumbnail","6":"product_cat-kompostorit","7":"product_cat-piha-puutarha-fi","9":"first","10":"instock","11":"sale","12":"taxable","13":"shipping-taxable","14":"purchasable","15":"product-type-simple"},"acf":[],"_links":{"self":[{"href":"https:\/\/factory.sale\/fi\/wp-json\/wp\/v2\/product\/60482","targetHints":{"allow":["GET"]}}],"collection":[{"href":"https:\/\/factory.sale\/fi\/wp-json\/wp\/v2\/product"}],"about":[{"href":"https:\/\/factory.sale\/fi\/wp-json\/wp\/v2\/types\/product"}],"replies":[{"embeddable":true,"href":"https:\/\/factory.sale\/fi\/wp-json\/wp\/v2\/comments?post=60482"}],"wp:featuredmedia":[{"embeddable":true,"href":"https:\/\/factory.sale\/fi\/wp-json\/wp\/v2\/media\/60458"}],"wp:attachment":[{"href":"https:\/\/factory.sale\/fi\/wp-json\/wp\/v2\/media?parent=60482"}],"wp:term":[{"taxonomy":"factory","embeddable":true,"href":"https:\/\/factory.sale\/fi\/wp-json\/wp\/v2\/factory?post=60482"},{"taxonomy":"free-shipment","embeddable":true,"href":"https:\/\/factory.sale\/fi\/wp-json\/wp\/v2\/free-shipment?post=60482"},{"taxonomy":"product_brand","embeddable":true,"href":"https:\/\/factory.sale\/fi\/wp-json\/wp\/v2\/product_brand?post=60482"},{"taxonomy":"product_cat","embeddable":true,"href":"https:\/\/factory.sale\/fi\/wp-json\/wp\/v2\/product_cat?post=60482"},{"taxonomy":"product_tag","embeddable":true,"href":"https:\/\/factory.sale\/fi\/wp-json\/wp\/v2\/product_tag?post=60482"}],"curies":[{"name":"wp","href":"https:\/\/api.w.org\/{rel}","templated":true}]}}