{"id":60417,"date":"2024-01-04T09:24:19","date_gmt":"2024-01-04T09:44:26","guid":{"rendered":"https:\/\/factory.sale\/?post_type=product&#038;p=60417"},"modified":"2024-06-26T17:56:52","modified_gmt":"2024-06-26T17:56:52","slug":"hotbin-200l-nopea-kompostori-lisaalustalla","status":"publish","type":"product","link":"https:\/\/factory.sale\/fi\/tuote\/hotbin-200l-nopea-kompostori-lisaalustalla\/","title":{"rendered":"HotBin 200L Nopea Kompostori Lis\u00e4alustalla"},"content":{"rendered":"<p><strong>Tuotekoodi:<\/strong> <span id=\"sku-str\">HB200 alus<\/span><\/p>\n<p>&nbsp;<\/p>\n<p>&nbsp;<\/p>\n<p>HOTBIN on markkinoiden paras nopea kompostori, joka kompostoi nopeasti kaikki ruoka- ja puutarhaj\u00e4tteesi rikkaaksi orgaaniseksi kompostiksi, jota puutarhasi rakastaa.<\/p>\n<p>Innovatiivinen suunnittelu ja eristys pit\u00e4v\u00e4t HOTBINin KUUMANA, luoden ymp\u00e4rist\u00f6n, joka sulattaa sis\u00e4ll\u00f6n nopeasti, tehden nopeasta kompostoinnista helppoa &#8211; ilman, ett\u00e4 tarvitset lis\u00e4t\u00e4 mit\u00e4\u00e4n kompostin kiihdyttimi\u00e4 tai aktivaattoreita!<\/p>\n<p>HOTBIN v\u00e4hent\u00e4\u00e4 polttamiseen l\u00e4hetett\u00e4vien j\u00e4tteiden m\u00e4\u00e4r\u00e4\u00e4 kompostoimalla erilaisia ruokaj\u00e4tteit\u00e4. Ole v\u00e4hemm\u00e4n valikoiva, kompostoi 100% kaikista ruoka- ja puutarhaj\u00e4tteist\u00e4 ilman perinteisi\u00e4 kompostointiongelmia, jotka liittyv\u00e4t hajuun, k\u00e4rp\u00e4siin ja sekoittamiseen.<\/p>\n<p>HOTBIN on testattu itsen\u00e4isesti Garden Organicin toimesta ja \u00e4\u00e4nestetty parhaaksi kompostointituotteeksi Iso-Britannian puutarhanhoito palkinnoissa. HOTBINill\u00e4 on tuhansia tyytyv\u00e4isi\u00e4 asiakkaita Iso-Britanniassa, Sveitsiss\u00e4 ja Yhdysvalloissa, ja melko paljon my\u00f6s Virossa, mik\u00e4 todistaa, ett\u00e4 HOTBIN on todella KUUMA kompostilaatikko, joka toimii.<\/p>\n<p>&nbsp;<\/p>\n<p><strong>HOTBIN Kompostoinnin Edut:<\/strong><\/p>\n<ul>\n<li>Rikas komposti nopeasti &#8211; 30-90 p\u00e4iv\u00e4\u00e4<\/li>\n<li>Enemm\u00e4n kompostia &#8211; kierr\u00e4t\u00e4 kaikki ruoka- ja puutarhaj\u00e4tteet<\/li>\n<li>Helppo asentaa ja k\u00e4ytt\u00e4\u00e4 &#8211; kevyt ja vakaa, ei haise, ei k\u00e4rp\u00e4si\u00e4<\/li>\n<li>Aseta mille tahansa tasaiselle pinnalle &#8211; aurinkoon tai varjoon<\/li>\n<li>Itsen\u00e4inen roskalaatikko (pohjalla)<\/li>\n<li>Parempi ymp\u00e4rist\u00f6lle<\/li>\n<li>Ei tarvitse kiihdyttimi\u00e4 tai aktivaattoreita<\/li>\n<li>K\u00e4ytett\u00e4viss\u00e4 ymp\u00e4ri vuoden. Kompostointi hidastuu talvella.<\/li>\n<\/ul>\n<p>&nbsp;<\/p>\n<p><strong>Oikean Paikan L\u00f6yt\u00e4minen?<\/strong><\/p>\n<p>Aseta HOTBIN tasaiselle pinnalle, aurinkoon tai varjoon, ja saavuta nopea kompostointi ymp\u00e4ri vuoden ja rikas komposti 30-90 p\u00e4iv\u00e4ss\u00e4.<\/p>\n<p>&nbsp;<\/p>\n<div class=\"video-wrapper \"><iframe loading=\"lazy\" title=\"HotBin kiirkompostri k\u00e4ivitamisjuhend EST\" width=\"500\" height=\"281\" src=\"https:\/\/www.youtube.com\/embed\/XOj8QoGA8II?feature=oembed\" frameborder=\"0\" allow=\"accelerometer; autoplay; clipboard-write; encrypted-media; gyroscope; picture-in-picture; web-share\" referrerpolicy=\"strict-origin-when-cross-origin\" allowfullscreen><\/iframe><\/div>\n<div class=\"video-wrapper \"><iframe loading=\"lazy\" title=\"HOTBIN Explained in 90 seconds EST\" width=\"500\" height=\"281\" src=\"https:\/\/www.youtube.com\/embed\/GyiwL7z5QRs?feature=oembed\" frameborder=\"0\" allow=\"accelerometer; autoplay; clipboard-write; encrypted-media; gyroscope; picture-in-picture; web-share\" referrerpolicy=\"strict-origin-when-cross-origin\" allowfullscreen><\/iframe><\/div>\n","protected":false},"excerpt":{"rendered":"<p>HOTBIN on markkinoiden paras nopea kompostori, joka kompostoi nopeasti kaikki ruoka- ja puutarhaj\u00e4tteesi rikkaaksi orgaaniseksi kompostiksi, jota puutarhasi rakastaa.<\/p>\n<p>Innovatiivinen suunnittelu ja eristys pit\u00e4v\u00e4t HOTBINin KUUMANA, luoden ymp\u00e4rist\u00f6n, joka sulattaa sis\u00e4ll\u00f6n nopeasti, tehden nopeasta kompostoinnista helppoa &#8211; ilman, ett\u00e4 tarvitset lis\u00e4t\u00e4 mit\u00e4\u00e4n kompostin kiihdyttimi\u00e4 tai aktivaattoreita!<\/p>\n","protected":false},"featured_media":60405,"comment_status":"open","ping_status":"closed","template":"","meta":{"_acf_changed":false},"factory":[],"free-shipment":[],"product_brand":[],"product_cat":[2734,997],"product_tag":[],"class_list":{"0":"post-60417","1":"product","2":"type-product","3":"status-publish","4":"has-post-thumbnail","6":"product_cat-kompostorit","7":"product_cat-piha-puutarha-fi","9":"first","10":"instock","11":"sale","12":"taxable","13":"shipping-taxable","14":"purchasable","15":"product-type-simple"},"acf":[],"_links":{"self":[{"href":"https:\/\/factory.sale\/fi\/wp-json\/wp\/v2\/product\/60417","targetHints":{"allow":["GET"]}}],"collection":[{"href":"https:\/\/factory.sale\/fi\/wp-json\/wp\/v2\/product"}],"about":[{"href":"https:\/\/factory.sale\/fi\/wp-json\/wp\/v2\/types\/product"}],"replies":[{"embeddable":true,"href":"https:\/\/factory.sale\/fi\/wp-json\/wp\/v2\/comments?post=60417"}],"wp:featuredmedia":[{"embeddable":true,"href":"https:\/\/factory.sale\/fi\/wp-json\/wp\/v2\/media\/60405"}],"wp:attachment":[{"href":"https:\/\/factory.sale\/fi\/wp-json\/wp\/v2\/media?parent=60417"}],"wp:term":[{"taxonomy":"factory","embeddable":true,"href":"https:\/\/factory.sale\/fi\/wp-json\/wp\/v2\/factory?post=60417"},{"taxonomy":"free-shipment","embeddable":true,"href":"https:\/\/factory.sale\/fi\/wp-json\/wp\/v2\/free-shipment?post=60417"},{"taxonomy":"product_brand","embeddable":true,"href":"https:\/\/factory.sale\/fi\/wp-json\/wp\/v2\/product_brand?post=60417"},{"taxonomy":"product_cat","embeddable":true,"href":"https:\/\/factory.sale\/fi\/wp-json\/wp\/v2\/product_cat?post=60417"},{"taxonomy":"product_tag","embeddable":true,"href":"https:\/\/factory.sale\/fi\/wp-json\/wp\/v2\/product_tag?post=60417"}],"curies":[{"name":"wp","href":"https:\/\/api.w.org\/{rel}","templated":true}]}}