{"id":60393,"date":"2024-01-04T09:03:45","date_gmt":"2024-01-04T09:13:00","guid":{"rendered":"https:\/\/factory.sale\/?post_type=product&#038;p=60393"},"modified":"2024-06-25T14:36:18","modified_gmt":"2024-06-25T14:36:18","slug":"hotbin-200l-pikakompostori","status":"publish","type":"product","link":"https:\/\/factory.sale\/fi\/tuote\/hotbin-200l-pikakompostori\/","title":{"rendered":"HotBin 200L pikakompostori"},"content":{"rendered":"<p><strong>Product code:<\/strong> A_HotHot<\/p>\n<p>&nbsp;<\/p>\n<p>HOTBIN on markkinoiden paras pikakompostori, joka kompostoi nopeasti kaikki ruoka- ja puutarhaj\u00e4tteesi rikkaaksi orgaaniseksi kompostiksi, jota puutarhasi rakastaa.<\/p>\n<p>Innovatiivinen suunnittelu ja eristys pit\u00e4v\u00e4t HOTBINin KUUMANA, luoden ymp\u00e4rist\u00f6n, joka sulattaa sis\u00e4ll\u00f6n nopeasti, mik\u00e4 tekee nopeasta kompostoinnista helppoa &#8211; kaikki ilman kompostointikiihdyttimi\u00e4 tai aktivaattoreita!<\/p>\n<p>HOTBIN v\u00e4hent\u00e4\u00e4 poltettavan j\u00e4tteen m\u00e4\u00e4r\u00e4\u00e4 kompostoimalla erilaisia ruokaj\u00e4tteit\u00e4. Valikoi v\u00e4hemm\u00e4n, kompostoi 100 % kaikesta ruoka- ja puutarhaj\u00e4tteest\u00e4 ilman perinteisi\u00e4 kompostointiongelmia, jotka liittyv\u00e4t hajuun, k\u00e4rp\u00e4siin ja sekoittumiseen.<\/p>\n<p>Garden Organic on testannut HOTBINin itsen\u00e4isesti, ja se on valittu parhaaksi kompostointituotteeksi UK Gardening Awardsissa. HOTBINilla on tuhansia tyytyv\u00e4isi\u00e4 asiakkaita Isossa-Britanniassa, Sveitsiss\u00e4 ja USA:ssa ja jonkun verran my\u00f6s Virossa, mik\u00e4 todistaa, ett\u00e4 HOTBIN on todellakin toimiva HOT-kompostiastia.<\/p>\n<p>&nbsp;<\/p>\n<p><strong>HOTBIN-kompostoinnin edut:<\/strong><\/p>\n<ul>\n<li>Runsas komposti nopeasti &#8211; 30-90 p\u00e4iv\u00e4\u00e4<\/li>\n<li>Enemm\u00e4n kompostia \u2013 kierr\u00e4t\u00e4 kaikki ruoka- ja puutarhaj\u00e4tteet<\/li>\n<li>Helppo asentaa ja k\u00e4ytt\u00e4\u00e4 &#8211; kevyt ja vakaa, ei hajua, ei k\u00e4rp\u00e4si\u00e4<\/li>\n<li>Aseta mille tahansa tasaiselle pinnalle &#8211; aurinko tai varjo<\/li>\n<li>Itsen\u00e4inen roskakori (jalustalla)<\/li>\n<li>Parempi ymp\u00e4rist\u00f6lle<\/li>\n<li>Kiihdyttimi\u00e4 tai aktivaattoreita ei tarvita<\/li>\n<li>K\u00e4yt\u00f6ss\u00e4 ymp\u00e4ri vuoden. Talvella kompostointi hidastuu.<\/li>\n<\/ul>\n<p>&nbsp;<\/p>\n<p><strong>Oikean paikan l\u00f6yt\u00e4minen?<\/strong><\/p>\n<p>Aseta HOTBIN tasaiselle alustalle, aurinkoon tai varjoon, niin saat nopean kompostoitumisen ymp\u00e4ri vuoden ja runsaan kompostin 30-90 p\u00e4iv\u00e4ss\u00e4.<\/p>\n<p>&nbsp;<\/p>\n<p>&nbsp;<\/p>\n<p>&nbsp;<\/p>\n<div class=\"video-wrapper \"><iframe loading=\"lazy\" title=\"HotBin kiirkompostri k\u00e4ivitamisjuhend EST\" width=\"500\" height=\"281\" src=\"https:\/\/www.youtube.com\/embed\/XOj8QoGA8II?feature=oembed\" frameborder=\"0\" allow=\"accelerometer; autoplay; clipboard-write; encrypted-media; gyroscope; picture-in-picture; web-share\" referrerpolicy=\"strict-origin-when-cross-origin\" allowfullscreen><\/iframe><\/div>\n<div class=\"video-wrapper \"><iframe loading=\"lazy\" title=\"HOTBIN Explained in 90 seconds EST\" width=\"500\" height=\"281\" src=\"https:\/\/www.youtube.com\/embed\/GyiwL7z5QRs?feature=oembed\" frameborder=\"0\" allow=\"accelerometer; autoplay; clipboard-write; encrypted-media; gyroscope; picture-in-picture; web-share\" referrerpolicy=\"strict-origin-when-cross-origin\" allowfullscreen><\/iframe><\/div>\n","protected":false},"excerpt":{"rendered":"<p>HOTBIN on markkinoiden paras pikakompostori, joka kompostoi nopeasti kaikki ruoka- ja puutarhaj\u00e4tteesi rikkaaksi orgaaniseksi kompostiksi, jota puutarhasi rakastaa.<\/p>\n<p>Innovatiivinen suunnittelu ja eristys pit\u00e4v\u00e4t HOTBINin KUUMANA, luoden ymp\u00e4rist\u00f6n, joka sulattaa sis\u00e4ll\u00f6n nopeasti, mik\u00e4 tekee nopeasta kompostoinnista helppoa &#8211; kaikki ilman kompostointikiihdyttimi\u00e4 tai aktivaattoreita!<\/p>\n","protected":false},"featured_media":60379,"comment_status":"open","ping_status":"closed","template":"","meta":{"_acf_changed":false},"factory":[],"free-shipment":[],"product_brand":[],"product_cat":[2734,997],"product_tag":[],"class_list":{"0":"post-60393","1":"product","2":"type-product","3":"status-publish","4":"has-post-thumbnail","6":"product_cat-kompostorit","7":"product_cat-piha-puutarha-fi","9":"first","10":"instock","11":"sale","12":"taxable","13":"shipping-taxable","14":"purchasable","15":"product-type-simple"},"acf":[],"_links":{"self":[{"href":"https:\/\/factory.sale\/fi\/wp-json\/wp\/v2\/product\/60393","targetHints":{"allow":["GET"]}}],"collection":[{"href":"https:\/\/factory.sale\/fi\/wp-json\/wp\/v2\/product"}],"about":[{"href":"https:\/\/factory.sale\/fi\/wp-json\/wp\/v2\/types\/product"}],"replies":[{"embeddable":true,"href":"https:\/\/factory.sale\/fi\/wp-json\/wp\/v2\/comments?post=60393"}],"wp:featuredmedia":[{"embeddable":true,"href":"https:\/\/factory.sale\/fi\/wp-json\/wp\/v2\/media\/60379"}],"wp:attachment":[{"href":"https:\/\/factory.sale\/fi\/wp-json\/wp\/v2\/media?parent=60393"}],"wp:term":[{"taxonomy":"factory","embeddable":true,"href":"https:\/\/factory.sale\/fi\/wp-json\/wp\/v2\/factory?post=60393"},{"taxonomy":"free-shipment","embeddable":true,"href":"https:\/\/factory.sale\/fi\/wp-json\/wp\/v2\/free-shipment?post=60393"},{"taxonomy":"product_brand","embeddable":true,"href":"https:\/\/factory.sale\/fi\/wp-json\/wp\/v2\/product_brand?post=60393"},{"taxonomy":"product_cat","embeddable":true,"href":"https:\/\/factory.sale\/fi\/wp-json\/wp\/v2\/product_cat?post=60393"},{"taxonomy":"product_tag","embeddable":true,"href":"https:\/\/factory.sale\/fi\/wp-json\/wp\/v2\/product_tag?post=60393"}],"curies":[{"name":"wp","href":"https:\/\/api.w.org\/{rel}","templated":true}]}}