{"id":60244,"date":"2024-01-03T21:11:53","date_gmt":"2024-01-03T21:28:31","guid":{"rendered":"https:\/\/factory.sale\/?post_type=product&#038;p=60244"},"modified":"2025-11-28T13:19:18","modified_gmt":"2025-11-28T10:19:18","slug":"helo-sahkokiuas-vienna-600-d","status":"publish","type":"product","link":"https:\/\/factory.sale\/fi\/tuote\/helo-sahkokiuas-vienna-600-d\/","title":{"rendered":"Helo s\u00e4hk\u00f6kiuas Vienna 600 D"},"content":{"rendered":"<p><strong>Tuotekoodi:<\/strong> 000521<\/p>\n<p>&nbsp;<\/p>\n<p>Sein\u00e4\u00e4n kiinnitett\u00e4v\u00e4 Helo Vienna s\u00e4hk\u00f6kiuas on tyylik\u00e4s vaihtoehto pienille ja keskikokoisille kotisaunoille. Vienna-sarjan asentaminen ja k\u00e4ytt\u00f6 on helppoa. Tunnelmasi ja saunahuoneesi mukaan Vienna on saatavilla kolmessa eri v\u00e4riss\u00e4.<\/p>\n<p>\u2022 \u00a0Tarjoaa oikean tehon 3-13 kuutiometrin tilaan.<br \/>\n\u2022 \u00a0Sein\u00e4\u00e4n kiinnitett\u00e4v\u00e4 rakenne vapauttaa arvokasta lattiapinta-alaa pienemmiss\u00e4 saunoissa.<br \/>\n\u2022 \u00a0D-malli erillisell\u00e4 WE 40 -relelaatikolla ja Pure tai Elite Free -ohjauspaneelilla.<br \/>\n\u2022 \u00a0Harmaa, musta tai kromi.<\/p>\n<p>&nbsp;<\/p>\n<p>&nbsp;<\/p>\n<p><strong>Tekniset tiedot:<\/strong><\/p>\n<ul>\n<li>V\u00e4ri: Harmaa, musta tai kromi<\/li>\n<li>Paino (kg): 11.0<\/li>\n<li>Teho (kW): 6,0<\/li>\n<li>Mitat (LxKxS): 400 x 615 x 270<\/li>\n<\/ul>\n<p>&nbsp;<\/p>\n<p>&nbsp;<\/p>\n<p><a href=\"https:\/\/factory.sale\/wp-content\/uploads\/2024\/01\/Vienna-D-Installation-manual-and-user-guide.pdf\" target=\"_blank\" rel=\"noopener\">Vienna D &#8211; asennus- ja k\u00e4ytt\u00f6ohje<\/a><\/p>\n<p><a href=\"https:\/\/factory.sale\/wp-content\/uploads\/2024\/01\/Vienna-D-Elite-and-Pure-Installation-manual-and-user-guide.pdf\" target=\"_blank\" rel=\"noopener\">Vienna D &#8211; Elite and Pure asennus- ja k\u00e4ytt\u00f6ohje<\/a><\/p>\n<p><a href=\"https:\/\/factory.sale\/wp-content\/uploads\/2023\/12\/Warranty-policy.pdf\" target=\"_blank\" rel=\"noopener\">Takuu<\/a><\/p>\n<p>&nbsp;<\/p>\n","protected":false},"excerpt":{"rendered":"<p>Sein\u00e4\u00e4n kiinnitett\u00e4v\u00e4 Helo Vienna s\u00e4hk\u00f6kiuas on tyylik\u00e4s vaihtoehto pienille ja keskikokoisille kotisaunoille. Vienna-sarjan asentaminen ja k\u00e4ytt\u00f6 on helppoa. Tunnelmasi ja saunahuoneesi mukaan Vienna on saatavilla kolmessa eri v\u00e4riss\u00e4.<\/p>\n","protected":false},"featured_media":60074,"comment_status":"open","ping_status":"closed","template":"","meta":{"_acf_changed":false},"factory":[],"free-shipment":[],"product_brand":[],"product_cat":[2639,484],"product_tag":[],"class_list":{"0":"post-60244","1":"product","2":"type-product","3":"status-publish","4":"has-post-thumbnail","6":"product_cat-helo-fi","7":"product_cat-saunan-kiukaat","9":"first","10":"instock","11":"sale","12":"taxable","13":"shipping-taxable","14":"purchasable","15":"product-type-simple"},"acf":[],"_links":{"self":[{"href":"https:\/\/factory.sale\/fi\/wp-json\/wp\/v2\/product\/60244","targetHints":{"allow":["GET"]}}],"collection":[{"href":"https:\/\/factory.sale\/fi\/wp-json\/wp\/v2\/product"}],"about":[{"href":"https:\/\/factory.sale\/fi\/wp-json\/wp\/v2\/types\/product"}],"replies":[{"embeddable":true,"href":"https:\/\/factory.sale\/fi\/wp-json\/wp\/v2\/comments?post=60244"}],"wp:featuredmedia":[{"embeddable":true,"href":"https:\/\/factory.sale\/fi\/wp-json\/wp\/v2\/media\/60074"}],"wp:attachment":[{"href":"https:\/\/factory.sale\/fi\/wp-json\/wp\/v2\/media?parent=60244"}],"wp:term":[{"taxonomy":"factory","embeddable":true,"href":"https:\/\/factory.sale\/fi\/wp-json\/wp\/v2\/factory?post=60244"},{"taxonomy":"free-shipment","embeddable":true,"href":"https:\/\/factory.sale\/fi\/wp-json\/wp\/v2\/free-shipment?post=60244"},{"taxonomy":"product_brand","embeddable":true,"href":"https:\/\/factory.sale\/fi\/wp-json\/wp\/v2\/product_brand?post=60244"},{"taxonomy":"product_cat","embeddable":true,"href":"https:\/\/factory.sale\/fi\/wp-json\/wp\/v2\/product_cat?post=60244"},{"taxonomy":"product_tag","embeddable":true,"href":"https:\/\/factory.sale\/fi\/wp-json\/wp\/v2\/product_tag?post=60244"}],"curies":[{"name":"wp","href":"https:\/\/api.w.org\/{rel}","templated":true}]}}