{"id":60068,"date":"2024-01-02T14:18:11","date_gmt":"2024-01-03T10:28:57","guid":{"rendered":"https:\/\/factory.sale\/?post_type=product&#038;p=60068"},"modified":"2025-11-28T13:19:18","modified_gmt":"2025-11-28T10:19:18","slug":"helo-sahkokiuas-vienna-450-d-musta","status":"publish","type":"product","link":"https:\/\/factory.sale\/fi\/tuote\/helo-sahkokiuas-vienna-450-d-musta\/","title":{"rendered":"Helo s\u00e4hk\u00f6kiuas Vienna 450 D Musta"},"content":{"rendered":"<p><strong>Tuotekoodi:<\/strong> 000520<\/p>\n<p>&nbsp;<\/p>\n<p>Sein\u00e4\u00e4n kiinnitett\u00e4v\u00e4 Helo Vienna s\u00e4hk\u00f6kiuas on tyylik\u00e4s vaihtoehto pienille ja keskikokoisille kotisaunoille. Vienna-sarjan asentaminen ja k\u00e4ytt\u00f6 on helppoa. Tunnelmasi ja saunahuoneesi mukaan Vienna on saatavilla kolmessa eri v\u00e4riss\u00e4.<\/p>\n<p>\u2022 \u00a0Tarjoaa oikean tehon 3-13 kuutiometrin tilaan.<br \/>\n\u2022 \u00a0Sein\u00e4\u00e4n kiinnitett\u00e4v\u00e4 rakenne vapauttaa arvokasta lattiapinta-alaa pienemmiss\u00e4 saunoissa.<br \/>\n\u2022 \u00a0D-malli erillisell\u00e4 WE 40 -relelaatikolla ja Pure tai Elite Free -ohjauspaneelilla<br \/>\n\u2022 \u00a0Harmaa, musta tai kromi. Valinta on sinun.<\/p>\n<p>&nbsp;<\/p>\n<p><strong>Tekniset tiedot:<\/strong><\/p>\n<ul>\n<li>V\u00e4ri: Musta<\/li>\n<li>Paino (kg): 11.0<\/li>\n<li>Teho (kW): 4,5<\/li>\n<li>Mitat (LxKxS): 400 x 615 x 270<\/li>\n<\/ul>\n<p>&nbsp;<\/p>\n<p>&nbsp;<\/p>\n<p><a href=\"https:\/\/factory.sale\/wp-content\/uploads\/2024\/01\/Vienna-STS-Installation-manual-and-user-guide.pdf\" target=\"_blank\" rel=\"noopener\">K\u00e4ytt\u00f6- ja asennusohje<\/a><\/p>\n<p><a href=\"https:\/\/factory.sale\/wp-content\/uploads\/2023\/12\/Warranty-policy.pdf\" target=\"_blank\" rel=\"noopener\">Takuu<\/a><\/p>\n","protected":false},"excerpt":{"rendered":"<p>Sein\u00e4\u00e4n kiinnitett\u00e4v\u00e4 Helo Vienna s\u00e4hk\u00f6kiuas on tyylik\u00e4s vaihtoehto pienille ja keskikokoisille kotisaunoille. Vienna-sarjan asentaminen ja k\u00e4ytt\u00f6 on helppoa. Tunnelmasi ja saunahuoneesi mukaan Vienna on saatavilla kolmessa eri v\u00e4riss\u00e4.<\/p>\n","protected":false},"featured_media":60074,"comment_status":"open","ping_status":"closed","template":"","meta":{"_acf_changed":false},"factory":[],"free-shipment":[],"product_brand":[],"product_cat":[2639,484],"product_tag":[2106],"class_list":{"0":"post-60068","1":"product","2":"type-product","3":"status-publish","4":"has-post-thumbnail","6":"product_cat-helo-fi","7":"product_cat-saunan-kiukaat","8":"product_tag-sauna-fi","10":"first","11":"instock","12":"sale","13":"taxable","14":"shipping-taxable","15":"purchasable","16":"product-type-simple"},"acf":[],"_links":{"self":[{"href":"https:\/\/factory.sale\/fi\/wp-json\/wp\/v2\/product\/60068","targetHints":{"allow":["GET"]}}],"collection":[{"href":"https:\/\/factory.sale\/fi\/wp-json\/wp\/v2\/product"}],"about":[{"href":"https:\/\/factory.sale\/fi\/wp-json\/wp\/v2\/types\/product"}],"replies":[{"embeddable":true,"href":"https:\/\/factory.sale\/fi\/wp-json\/wp\/v2\/comments?post=60068"}],"wp:featuredmedia":[{"embeddable":true,"href":"https:\/\/factory.sale\/fi\/wp-json\/wp\/v2\/media\/60074"}],"wp:attachment":[{"href":"https:\/\/factory.sale\/fi\/wp-json\/wp\/v2\/media?parent=60068"}],"wp:term":[{"taxonomy":"factory","embeddable":true,"href":"https:\/\/factory.sale\/fi\/wp-json\/wp\/v2\/factory?post=60068"},{"taxonomy":"free-shipment","embeddable":true,"href":"https:\/\/factory.sale\/fi\/wp-json\/wp\/v2\/free-shipment?post=60068"},{"taxonomy":"product_brand","embeddable":true,"href":"https:\/\/factory.sale\/fi\/wp-json\/wp\/v2\/product_brand?post=60068"},{"taxonomy":"product_cat","embeddable":true,"href":"https:\/\/factory.sale\/fi\/wp-json\/wp\/v2\/product_cat?post=60068"},{"taxonomy":"product_tag","embeddable":true,"href":"https:\/\/factory.sale\/fi\/wp-json\/wp\/v2\/product_tag?post=60068"}],"curies":[{"name":"wp","href":"https:\/\/api.w.org\/{rel}","templated":true}]}}