{"id":59894,"date":"2024-01-02T13:24:37","date_gmt":"2024-01-02T13:40:14","guid":{"rendered":"https:\/\/factory.sale\/?post_type=product&#038;p=59894"},"modified":"2025-11-28T13:21:15","modified_gmt":"2025-11-28T10:21:15","slug":"helo-sahkokiuas-vienna-45-sts-musta","status":"publish","type":"product","link":"https:\/\/factory.sale\/fi\/tuote\/helo-sahkokiuas-vienna-45-sts-musta\/","title":{"rendered":"Helo s\u00e4hk\u00f6kiuas Vienna 45 STS musta"},"content":{"rendered":"<p><strong>Tuotekoodi:<\/strong> 000508<\/p>\n<p>&nbsp;<\/p>\n<p>Sein\u00e4\u00e4n kiinnitett\u00e4v\u00e4 Helo Vienna s\u00e4hk\u00f6kiuas on tyylik\u00e4s vaihtoehto pienille ja keskikokoisille kotisaunoille. Vienna-sarjan asentaminen ja k\u00e4ytt\u00f6 on helppoa. Tunnelmasi ja saunahuoneesi mukaan Vienna on saatavilla kolmessa eri v\u00e4riss\u00e4.<\/p>\n<p>\u2022 Tarjoaa oikean tehon 3-13 kuutiometrin tilaan.<br \/>\n\u2022 Sein\u00e4\u00e4n kiinnitett\u00e4v\u00e4 rakenne vapauttaa arvokasta lattiapinta-alaa pienemmiss\u00e4 saunoissa.<br \/>\n\u2022 STJ-mallissa on sis\u00e4\u00e4nrakennettu termostaatti korkean l\u00e4mp\u00f6tilan nollauksella ja ajastimella 3 + 9 h.<br \/>\n\u2022 Harmaa, musta tai kromi. Valinta on sinun.<\/p>\n<p>Vienna s\u00e4hk\u00f6kiuas on tyylik\u00e4s valinta moderniin saunahuoneeseen. Vienna-kiuas kiinnitet\u00e4\u00e4n sein\u00e4\u00e4n, joten se vapauttaa arvokasta tilaa saunassa. Se on monipuolinen ja helppok\u00e4ytt\u00f6inen. Sen suosion salaisuus piilee sen innovatiivisissa ominaisuuksissa.<\/p>\n<p>Jokainen Vienna s\u00e4hk\u00f6kiuas on CE-merkitty ja tarjoaa tehokkaasti l\u00e4mmint\u00e4 ja pehme\u00e4\u00e4 l\u00f6yly\u00e4 3-13 kuutiometrin saunahuoneille.<\/p>\n<p>T\u00e4m\u00e4 kiuas sopii monenlaisiin tarpeisiin ja muuttuviin tilanteisiin. Taattua suomalaista Helo-laatua yli 100 vuoden kokemuksella.<\/p>\n<p>&nbsp;<\/p>\n<p><strong>Tekniset tiedot:<\/strong><\/p>\n<ul>\n<li>V\u00e4ri: Musta<\/li>\n<li>Paino (kg): 11.5<\/li>\n<li>Kivien m\u00e4\u00e4r\u00e4 (kg): 12<\/li>\n<li>Teho (kW): 4,5<\/li>\n<li>Mitat (LxKxS): 420 x 615 x 270<\/li>\n<li>Saunan koko (m\u00b3): 3-6<\/li>\n<li>Turvaet\u00e4isyys, takaa: 0<\/li>\n<li>Turvaet\u00e4isyys, yl\u00f6sp\u00e4in: 1200<\/li>\n<li>Turvaet\u00e4isyys, sivuille: 40<\/li>\n<li>Turvaet\u00e4isyys, eteen: 60<\/li>\n<\/ul>\n<p>&nbsp;<\/p>\n<p><a href=\"https:\/\/factory.sale\/wp-content\/uploads\/2024\/01\/Vienna-STS-Installation-manual-and-user-guide.pdf\" target=\"_blank\" rel=\"noopener\">K\u00e4ytt\u00f6- ja asennusohje<\/a><\/p>\n<p><a href=\"https:\/\/factory.sale\/wp-content\/uploads\/2023\/12\/Warranty-policy.pdf\" target=\"_blank\" rel=\"noopener\">Takuu<\/a><\/p>\n","protected":false},"excerpt":{"rendered":"<p>Sein\u00e4\u00e4n kiinnitett\u00e4v\u00e4 Helo Vienna s\u00e4hk\u00f6kiuas on tyylik\u00e4s vaihtoehto pienille ja keskikokoisille kotisaunoille. Vienna-sarjan asentaminen ja k\u00e4ytt\u00f6 on helppoa. Tunnelmasi ja saunahuoneesi mukaan Vienna on saatavilla kolmessa eri v\u00e4riss\u00e4.<\/p>\n","protected":false},"featured_media":59881,"comment_status":"open","ping_status":"closed","template":"","meta":{"_acf_changed":false},"factory":[],"free-shipment":[],"product_brand":[],"product_cat":[2639,484],"product_tag":[3162,4987,2106],"class_list":{"0":"post-59894","1":"product","2":"type-product","3":"status-publish","4":"has-post-thumbnail","6":"product_cat-helo-fi","7":"product_cat-saunan-kiukaat","8":"product_tag-electric-heater-fi","9":"product_tag-sahkokiuas-fi","10":"product_tag-sauna-fi","12":"first","13":"instock","14":"sale","15":"taxable","16":"shipping-taxable","17":"purchasable","18":"product-type-simple"},"acf":[],"_links":{"self":[{"href":"https:\/\/factory.sale\/fi\/wp-json\/wp\/v2\/product\/59894","targetHints":{"allow":["GET"]}}],"collection":[{"href":"https:\/\/factory.sale\/fi\/wp-json\/wp\/v2\/product"}],"about":[{"href":"https:\/\/factory.sale\/fi\/wp-json\/wp\/v2\/types\/product"}],"replies":[{"embeddable":true,"href":"https:\/\/factory.sale\/fi\/wp-json\/wp\/v2\/comments?post=59894"}],"wp:featuredmedia":[{"embeddable":true,"href":"https:\/\/factory.sale\/fi\/wp-json\/wp\/v2\/media\/59881"}],"wp:attachment":[{"href":"https:\/\/factory.sale\/fi\/wp-json\/wp\/v2\/media?parent=59894"}],"wp:term":[{"taxonomy":"factory","embeddable":true,"href":"https:\/\/factory.sale\/fi\/wp-json\/wp\/v2\/factory?post=59894"},{"taxonomy":"free-shipment","embeddable":true,"href":"https:\/\/factory.sale\/fi\/wp-json\/wp\/v2\/free-shipment?post=59894"},{"taxonomy":"product_brand","embeddable":true,"href":"https:\/\/factory.sale\/fi\/wp-json\/wp\/v2\/product_brand?post=59894"},{"taxonomy":"product_cat","embeddable":true,"href":"https:\/\/factory.sale\/fi\/wp-json\/wp\/v2\/product_cat?post=59894"},{"taxonomy":"product_tag","embeddable":true,"href":"https:\/\/factory.sale\/fi\/wp-json\/wp\/v2\/product_tag?post=59894"}],"curies":[{"name":"wp","href":"https:\/\/api.w.org\/{rel}","templated":true}]}}