{"id":59852,"date":"2024-01-02T12:32:54","date_gmt":"2024-01-02T12:38:19","guid":{"rendered":"https:\/\/factory.sale\/?post_type=product&#038;p=59852"},"modified":"2025-11-28T13:21:16","modified_gmt":"2025-11-28T10:21:16","slug":"helo-saunakiuas-hanko-60-d","status":"publish","type":"product","link":"https:\/\/factory.sale\/fi\/tuote\/helo-saunakiuas-hanko-60-d\/","title":{"rendered":"Helo saunakiuas Hanko 60 D"},"content":{"rendered":"<p><strong>Tuotekoodi<\/strong>: 000210 (Kromi)<\/p>\n<p><strong>Tuotekoodi: <\/strong>000214 (Musta)<\/p>\n<p>Hanko s\u00e4hk\u00f6kiuas on uusi kompakti kiuas, jossa on moderni muotoilu. Se sopii pieniin tiloihin ja tuottaa lempe\u00e4\u00e4 l\u00e4mp\u00f6\u00e4. Hanko on huolellisen suunnitteluprosessin tulos. Huippusuunnittelijamme ovat luoneet kiukaan vaativimmillekin saunaharrastajille. Uusi Hanko on valmistettu k\u00e4sity\u00f6n\u00e4 tehtaallamme parhaita materiaaleja k\u00e4ytt\u00e4en.<\/p>\n<p>\u2022 D-malli erillisell\u00e4 WE 40 relelaatikolla ja Pure tai Elite Free -ohjauspaneelilla.<\/p>\n<p>Digitaalinen ohjaus:<br \/>\nOhjauspaneeli Pure\/Elite + Kontaktoriboksi W-30 (ei sis\u00e4lly toimitukseen).<\/p>\n<p>Kiukaskivien paino 32kg (ei sis\u00e4lly toimitukseen).<\/p>\n<p><strong>Tekniset tiedot:<\/strong><\/p>\n<ul>\n<li>V\u00e4ri: Musta, Kromi<\/li>\n<li>Paino (kg): 6,7<\/li>\n<li>Kivien m\u00e4\u00e4r\u00e4 (kg): 32<\/li>\n<li>Teho (kW): 6.0<\/li>\n<li>Mitat (LxKxS): 365 x 575 x 250<\/li>\n<li>Saunan koko (m\u00b3): 5-9<\/li>\n<li>Turvaet\u00e4isyys yl\u00f6sp\u00e4in: 1300<\/li>\n<li>Turvaet\u00e4isyys sivulle: 70<\/li>\n<li>Turvaet\u00e4isyys eteen: 100<\/li>\n<\/ul>\n<p>&nbsp;<\/p>\n<p>&nbsp;<\/p>\n<p><a href=\"https:\/\/factory.sale\/wp-content\/uploads\/2023\/12\/Hanko-STJ-Installation-manual-and-user-guide.pdf\" target=\"_blank\" rel=\"noopener\">Hanko STJ &#8211; asennus- ja k\u00e4ytt\u00f6ohjeet<\/a><\/p>\n<p><a href=\"https:\/\/factory.sale\/wp-content\/uploads\/2023\/12\/Hanko-STJ-Installation-manual-and-user-guide.pdf\" target=\"_blank\" rel=\"noopener\">Takuu<\/a><\/p>\n<p><a href=\"https:\/\/factory.sale\/wp-content\/uploads\/2023\/12\/Hanko-STJ-Installation-manual-and-user-guide.pdf\" target=\"_blank\" rel=\"noopener\">Hanko &#8211; tuote-esite<\/a><\/p>\n","protected":false},"excerpt":{"rendered":"<p>Hanko s\u00e4hk\u00f6kiuas on uusi kompakti kiuas, jossa on moderni muotoilu. Se sopii pieniin tiloihin ja tuottaa lempe\u00e4\u00e4 l\u00e4mp\u00f6\u00e4. Hanko on huolellisen suunnitteluprosessin tulos. Huippusuunnittelijamme ovat luoneet kiukaan vaativimmillekin saunaharrastajille. Uusi Hanko on valmistettu k\u00e4sity\u00f6n\u00e4 tehtaallamme parhaita materiaaleja k\u00e4ytt\u00e4en.<\/p>\n","protected":false},"featured_media":59846,"comment_status":"open","ping_status":"closed","template":"","meta":{"_acf_changed":false},"factory":[],"free-shipment":[],"product_brand":[],"product_cat":[2639,484],"product_tag":[3162],"class_list":{"0":"post-59852","1":"product","2":"type-product","3":"status-publish","4":"has-post-thumbnail","6":"product_cat-helo-fi","7":"product_cat-saunan-kiukaat","8":"product_tag-electric-heater-fi","10":"first","11":"instock","12":"sale","13":"taxable","14":"shipping-taxable","15":"purchasable","16":"product-type-simple"},"acf":[],"_links":{"self":[{"href":"https:\/\/factory.sale\/fi\/wp-json\/wp\/v2\/product\/59852","targetHints":{"allow":["GET"]}}],"collection":[{"href":"https:\/\/factory.sale\/fi\/wp-json\/wp\/v2\/product"}],"about":[{"href":"https:\/\/factory.sale\/fi\/wp-json\/wp\/v2\/types\/product"}],"replies":[{"embeddable":true,"href":"https:\/\/factory.sale\/fi\/wp-json\/wp\/v2\/comments?post=59852"}],"wp:featuredmedia":[{"embeddable":true,"href":"https:\/\/factory.sale\/fi\/wp-json\/wp\/v2\/media\/59846"}],"wp:attachment":[{"href":"https:\/\/factory.sale\/fi\/wp-json\/wp\/v2\/media?parent=59852"}],"wp:term":[{"taxonomy":"factory","embeddable":true,"href":"https:\/\/factory.sale\/fi\/wp-json\/wp\/v2\/factory?post=59852"},{"taxonomy":"free-shipment","embeddable":true,"href":"https:\/\/factory.sale\/fi\/wp-json\/wp\/v2\/free-shipment?post=59852"},{"taxonomy":"product_brand","embeddable":true,"href":"https:\/\/factory.sale\/fi\/wp-json\/wp\/v2\/product_brand?post=59852"},{"taxonomy":"product_cat","embeddable":true,"href":"https:\/\/factory.sale\/fi\/wp-json\/wp\/v2\/product_cat?post=59852"},{"taxonomy":"product_tag","embeddable":true,"href":"https:\/\/factory.sale\/fi\/wp-json\/wp\/v2\/product_tag?post=59852"}],"curies":[{"name":"wp","href":"https:\/\/api.w.org\/{rel}","templated":true}]}}