{"id":59615,"date":"2024-01-01T14:46:46","date_gmt":"2024-01-01T20:37:56","guid":{"rendered":"https:\/\/factory.sale\/?post_type=product&#038;p=59615"},"modified":"2025-11-28T13:21:16","modified_gmt":"2025-11-28T10:21:16","slug":"helo-saunakamiina-hanko-80-stj","status":"publish","type":"product","link":"https:\/\/factory.sale\/fi\/tuote\/helo-saunakamiina-hanko-80-stj\/","title":{"rendered":"Helo saunakamiina Hanko 80 STJ"},"content":{"rendered":"<p><strong>Tuotekoodi:<\/strong> 000206 (must)<\/p>\n<p><strong>Tuotekoodi:\u00a0<\/strong>000202 (kroom)<\/p>\n<p>&nbsp;<\/p>\n<p>Hanko-s\u00e4hk\u00f6kiuas on uusi kompakti kiuas, jossa on moderni muotoilu. Se sopii pieniin tiloihin ja tarjoaa lempe\u00e4\u00e4 l\u00e4mp\u00f6\u00e4. Hanko on huolellisen muotoiluprosessin tulos. Huippusuunnittelijamme loivat kiukaan jopa vaativimmalle saunaharrastajalle. Aivan uusi Hanko on valmistettu k\u00e4sity\u00f6n\u00e4 tehtaallamme k\u00e4ytt\u00e4en parhaita materiaaleja.<\/p>\n<p>\u2022 STJ-mallissa on sis\u00e4\u00e4nrakennettu termostaatti korkean rajan nollaustoiminnolla ja ajastimella 3 + 9 tuntia.<\/p>\n<p>&nbsp;<\/p>\n<p><strong>Tekniset tiedot:<\/strong><\/p>\n<ul>\n<li>V\u00e4ri: Musta, Kromi<\/li>\n<li>Paino (kg): 7.7<\/li>\n<li>Kivien m\u00e4\u00e4r\u00e4 (kg): 32<\/li>\n<li>Teho (kW): 8.0<\/li>\n<li>Mitat (LxKxS): 365 x 575 x 250<\/li>\n<li>Saunan koko (m3): 8-12<\/li>\n<li>Turvaet\u00e4isyys yl\u00e4puolella: 1300<\/li>\n<li>Turvaet\u00e4isyys sivulla: 100<\/li>\n<li>Turvaet\u00e4isyys edess\u00e4: 150<\/li>\n<\/ul>\n<p>&nbsp;<\/p>\n<p><a href=\"https:\/\/factory.sale\/wp-content\/uploads\/2023\/12\/Hanko-STJ-Installation-manual-and-user-guide.pdf\" target=\"_blank\" rel=\"noopener\">Hanko STJ \u2013 asennus- ja k\u00e4ytt\u00f6ohjeet<\/a><\/p>\n<p><a href=\"https:\/\/factory.sale\/wp-content\/uploads\/2023\/12\/Hanko-STJ-Installation-manual-and-user-guide.pdf\" target=\"_blank\" rel=\"noopener\">Takuu<\/a><\/p>\n<p><a href=\"https:\/\/factory.sale\/wp-content\/uploads\/2023\/12\/Hanko-STJ-Installation-manual-and-user-guide.pdf\" target=\"_blank\" rel=\"noopener\">Hanko \u2013 tuote-esite<\/a><\/p>\n","protected":false},"excerpt":{"rendered":"<p>Hanko-s\u00e4hk\u00f6kiuas on uusi kompakti kiuas, jossa on moderni muotoilu. Se sopii pieniin tiloihin ja tarjoaa lempe\u00e4\u00e4 l\u00e4mp\u00f6\u00e4. Hanko on huolellisen muotoiluprosessin tulos. Huippusuunnittelijamme loivat kiukaan jopa vaativimmalle saunaharrastajalle. Aivan uusi Hanko on valmistettu k\u00e4sity\u00f6n\u00e4 tehtaallamme k\u00e4ytt\u00e4en parhaita materiaaleja.<\/p>\n","protected":false},"featured_media":59846,"comment_status":"open","ping_status":"closed","template":"","meta":{"_acf_changed":false},"factory":[],"free-shipment":[],"product_brand":[],"product_cat":[2639,484],"product_tag":[],"class_list":{"0":"post-59615","1":"product","2":"type-product","3":"status-publish","4":"has-post-thumbnail","6":"product_cat-helo-fi","7":"product_cat-saunan-kiukaat","9":"first","10":"instock","11":"sale","12":"taxable","13":"shipping-taxable","14":"purchasable","15":"product-type-simple"},"acf":[],"_links":{"self":[{"href":"https:\/\/factory.sale\/fi\/wp-json\/wp\/v2\/product\/59615","targetHints":{"allow":["GET"]}}],"collection":[{"href":"https:\/\/factory.sale\/fi\/wp-json\/wp\/v2\/product"}],"about":[{"href":"https:\/\/factory.sale\/fi\/wp-json\/wp\/v2\/types\/product"}],"replies":[{"embeddable":true,"href":"https:\/\/factory.sale\/fi\/wp-json\/wp\/v2\/comments?post=59615"}],"wp:featuredmedia":[{"embeddable":true,"href":"https:\/\/factory.sale\/fi\/wp-json\/wp\/v2\/media\/59846"}],"wp:attachment":[{"href":"https:\/\/factory.sale\/fi\/wp-json\/wp\/v2\/media?parent=59615"}],"wp:term":[{"taxonomy":"factory","embeddable":true,"href":"https:\/\/factory.sale\/fi\/wp-json\/wp\/v2\/factory?post=59615"},{"taxonomy":"free-shipment","embeddable":true,"href":"https:\/\/factory.sale\/fi\/wp-json\/wp\/v2\/free-shipment?post=59615"},{"taxonomy":"product_brand","embeddable":true,"href":"https:\/\/factory.sale\/fi\/wp-json\/wp\/v2\/product_brand?post=59615"},{"taxonomy":"product_cat","embeddable":true,"href":"https:\/\/factory.sale\/fi\/wp-json\/wp\/v2\/product_cat?post=59615"},{"taxonomy":"product_tag","embeddable":true,"href":"https:\/\/factory.sale\/fi\/wp-json\/wp\/v2\/product_tag?post=59615"}],"curies":[{"name":"wp","href":"https:\/\/api.w.org\/{rel}","templated":true}]}}