{"id":59254,"date":"2023-12-30T21:28:25","date_gmt":"2023-12-30T22:01:32","guid":{"rendered":"https:\/\/factory.sale\/?post_type=product&#038;p=59254"},"modified":"2025-09-28T23:51:32","modified_gmt":"2025-09-28T20:51:32","slug":"andrewpol-kerroksellinen-tammi-lattialankku-luokka-iii","status":"publish","type":"product","link":"https:\/\/factory.sale\/fi\/tuote\/andrewpol-kerroksellinen-tammi-lattialankku-luokka-iii\/","title":{"rendered":"Andrewpol kerroksellinen tammi lattialankku, Luokka III"},"content":{"rendered":"<p>Kerroksellinen parkettilauta on saatavilla leveyksiss\u00e4 70 mm &#8211; 230 mm, pituuksissa 500 mm &#8211; 2500 mm ja paksuuksissa 12 mm &#8211; 22 mm tai muita mittoja pyydett\u00e4ess\u00e4.<\/p>\n<p>&nbsp;<\/p>\n<p><strong>Valmistamamme kerrokselliset parkettilaudat koostuvat kahdesta kerroksesta:<\/strong><\/p>\n<p>\u2013 P\u00e4\u00e4llimm\u00e4inen kulutuskerros<\/p>\n<p>\u2013 Alin vesitiivis vanerikerros (koivuvaneri)<\/p>\n<p>Kahden erityyppisen puun kerrosten k\u00e4ytt\u00f6 tekee laudasta eritt\u00e4in kest\u00e4v\u00e4n, joustavan ja stabiilin vallitsevissa ymp\u00e4rist\u00f6olosuhteissa (liiallinen tai riitt\u00e4m\u00e4t\u00f6n kosteus).<\/p>\n<p>Kulutuskerroksen paksuus on noin 3 mm &#8211; 6 mm ja se on valmistettu tammesta, joka on tunnettu korkeasta kest\u00e4vyydest\u00e4\u00e4n ja ajattomasta ulkon\u00e4\u00f6st\u00e4\u00e4n. Tarjoamme my\u00f6s kerroksellisia saarnilautalattioita ja muita puulajeja yksil\u00f6llisten asiakastilausten mukaan. Alustasta kosteuden tunkeutumisen v\u00e4hent\u00e4miseksi ja suuremman vakauden saavuttamiseksi k\u00e4yt\u00e4mme alimmaisena kerroksena vesitiivist\u00e4 koivuvaneria. N\u00e4m\u00e4 kaksi kerrosta liimataan yhteen k\u00e4ytt\u00e4en tarkasti leikattua materiaalia, joka vastaa teknologisia standardeja ja markkinoiden parhaita liimoja.<\/p>\n<p>Kahden kerroksen k\u00e4ytt\u00f6, jossa alin osa on ristisidottu, lis\u00e4\u00e4 kerroksellisen parketin kest\u00e4vyytt\u00e4. Parketti muuttuu stabiilimmaksi ja sopii paremmin tiloihin, joissa massiiviparketin asentaminen ei ole tuonut toivottua tulosta, esim. alueilla, joilla kosteuden ja l\u00e4mp\u00f6tilan vaihtelu on suurta.<\/p>\n<p>Tammesta valmistettu kerroksellinen parkettilauta, III luokka, luonnollinen<\/p>\n<p>Solmut korkeintaan noin 30 mm, luonnollinen puun v\u00e4ri, luonnollinen puunsyykuvio, v\u00e4h\u00e4n syd\u00e4npuuta sallittu, luonnolliset ja ep\u00e4luonnolliset v\u00e4rimuutokset, kosteus 9% +\/- 2%.<\/p>\n<p>Lis\u00e4ksi on mahdollista tilata lauta laajennusleikkauksilla kerroksellisen laudan alapuolella.<\/p>\n<p>&nbsp;<\/p>\n<p>&nbsp;<\/p>\n<h3>Kerrokselliset parkettilaudat &#8211; paksuus 21\/6 mm tai 17\/6 mm<\/h3>\n<p><strong>Kulutuskerroksen paksuus tammea 6mm koivuvanerilla (vesitiivis)<\/strong><\/p>\n<p>&nbsp;<\/p>\n<table>\n<tbody>\n<tr>\n<td rowspan=\"2\"><b>Puu<\/b><\/td>\n<td rowspan=\"2\"><strong>\u00a0Mitat (mm) leveys x pituus<\/strong><\/td>\n<td colspan=\"2\"><\/td>\n<\/tr>\n<tr>\n<td><b>Hinta<\/b><\/td>\n<td><\/td>\n<\/tr>\n<tr>\n<td><span style=\"font-weight: 400;\">Oak\u00a0<\/span><\/td>\n<td><span style=\"font-weight: 400;\">220 x (500 \u2013 2400)\u00a0<\/span><\/td>\n<td><b>94,8 \u00a0<\/b><\/td>\n<td><\/td>\n<\/tr>\n<tr>\n<td><span style=\"font-weight: 400;\">Oak\u00a0<\/span><\/td>\n<td><span style=\"font-weight: 400;\">200 x (500 \u2013 2400)\u00a0<\/span><\/td>\n<td><b>92,4<\/b><\/td>\n<td><\/td>\n<\/tr>\n<tr>\n<td><span style=\"font-weight: 400;\">Oak\u00a0<\/span><\/td>\n<td><span style=\"font-weight: 400;\">180 x (500 \u2013 2400)\u00a0<\/span><\/td>\n<td><b>89,4\u00a0<\/b><\/td>\n<td><\/td>\n<\/tr>\n<tr>\n<td><span style=\"font-weight: 400;\">Oak\u00a0<\/span><\/p>\n<p>Oak<\/td>\n<td><span style=\"font-weight: 400;\">160 x (500 \u2013 2400)\u00a0<\/span><\/p>\n<p>150 x (500 \u2013 2400)<\/td>\n<td><b>76,5<\/b><\/p>\n<p><b>74,1\u00a0<\/b><\/td>\n<td><\/td>\n<\/tr>\n<tr>\n<td>Oak<\/td>\n<td>120 x (500 \u2013 2400)<\/td>\n<td><b>71,4<\/b><\/td>\n<td><\/td>\n<\/tr>\n<tr>\n<td>Oak<\/td>\n<td>100 x (500 \u2013 1400)<\/td>\n<td><b>66,9\u00a0<\/b><\/td>\n<td><\/td>\n<\/tr>\n<\/tbody>\n<\/table>\n<p>&nbsp;<\/p>\n<h3>Kerrokselliset parkettilaudat &#8211; paksuus 15\/4 mm<\/h3>\n<p><strong>Kulutuskerroksen paksuus tammea 4mm koivuvanerilla (vesitiivis)<\/strong><\/p>\n<table>\n<tbody>\n<tr>\n<td><strong>Puu<\/strong><\/p>\n<p><span style=\"font-weight: 400;\">Oak\u00a0<\/span><\/td>\n<td><strong>\u00a0Mitat (mm) leveys x pituus<\/strong><\/p>\n<p><span style=\"font-weight: 400;\">220 x (500 \u2013 2400)\u00a0<\/span><\/td>\n<td><strong>Hinta<\/strong><\/p>\n<p><b>93,6\u00a0<\/b><\/td>\n<\/tr>\n<tr>\n<td><span style=\"font-weight: 400;\">Oak\u00a0<\/span><\/td>\n<td><span style=\"font-weight: 400;\">200 x (500 \u2013 2400)\u00a0<\/span><\/td>\n<td><b>79,2\u00a0<\/b><\/td>\n<\/tr>\n<tr>\n<td><span style=\"font-weight: 400;\">Oak\u00a0<\/span><\/td>\n<td><span style=\"font-weight: 400;\">180 x (500 \u2013 2400)\u00a0<\/span><\/td>\n<td><b>77,7\u00a0<\/b><\/td>\n<\/tr>\n<tr>\n<td><span style=\"font-weight: 400;\">Oak\u00a0<\/span><\/p>\n<p>Oak<\/td>\n<td><span style=\"font-weight: 400;\">160 x (500 \u2013 2400)\u00a0<\/span><\/p>\n<p>150 x (500 \u2013 2400)<\/td>\n<td><b>70,2<\/b><\/p>\n<p><b>61,56<\/b><\/td>\n<\/tr>\n<tr>\n<td>Oak<\/td>\n<td>(120 \u2013 130) x (500 \u2013 2400)<\/td>\n<td><b>57,0\u00a0<\/b><\/td>\n<\/tr>\n<\/tbody>\n<\/table>\n","protected":false},"excerpt":{"rendered":"<p>Kahden erityyppisen puun kerrosten k\u00e4ytt\u00f6 tekee laudasta eritt\u00e4in kest\u00e4v\u00e4n, joustavan ja stabiilin vallitsevissa ymp\u00e4rist\u00f6olosuhteissa (liiallinen tai riitt\u00e4m\u00e4t\u00f6n kosteus).<\/p>\n","protected":false},"featured_media":59240,"comment_status":"open","ping_status":"closed","template":"","meta":{"_acf_changed":false},"factory":[],"free-shipment":[],"product_brand":[],"product_cat":[446,450],"product_tag":[],"class_list":{"0":"post-59254","1":"product","2":"type-product","3":"status-publish","4":"has-post-thumbnail","6":"product_cat-lattiat","7":"product_cat-parketti","9":"first","10":"instock","11":"sale","12":"taxable","13":"shipping-taxable","14":"purchasable","15":"product-type-simple"},"acf":[],"_links":{"self":[{"href":"https:\/\/factory.sale\/fi\/wp-json\/wp\/v2\/product\/59254","targetHints":{"allow":["GET"]}}],"collection":[{"href":"https:\/\/factory.sale\/fi\/wp-json\/wp\/v2\/product"}],"about":[{"href":"https:\/\/factory.sale\/fi\/wp-json\/wp\/v2\/types\/product"}],"replies":[{"embeddable":true,"href":"https:\/\/factory.sale\/fi\/wp-json\/wp\/v2\/comments?post=59254"}],"wp:featuredmedia":[{"embeddable":true,"href":"https:\/\/factory.sale\/fi\/wp-json\/wp\/v2\/media\/59240"}],"wp:attachment":[{"href":"https:\/\/factory.sale\/fi\/wp-json\/wp\/v2\/media?parent=59254"}],"wp:term":[{"taxonomy":"factory","embeddable":true,"href":"https:\/\/factory.sale\/fi\/wp-json\/wp\/v2\/factory?post=59254"},{"taxonomy":"free-shipment","embeddable":true,"href":"https:\/\/factory.sale\/fi\/wp-json\/wp\/v2\/free-shipment?post=59254"},{"taxonomy":"product_brand","embeddable":true,"href":"https:\/\/factory.sale\/fi\/wp-json\/wp\/v2\/product_brand?post=59254"},{"taxonomy":"product_cat","embeddable":true,"href":"https:\/\/factory.sale\/fi\/wp-json\/wp\/v2\/product_cat?post=59254"},{"taxonomy":"product_tag","embeddable":true,"href":"https:\/\/factory.sale\/fi\/wp-json\/wp\/v2\/product_tag?post=59254"}],"curies":[{"name":"wp","href":"https:\/\/api.w.org\/{rel}","templated":true}]}}