{"id":59127,"date":"2023-12-30T15:26:15","date_gmt":"2023-12-30T16:10:39","guid":{"rendered":"https:\/\/factory.sale\/?post_type=product&#038;p=59127"},"modified":"2025-09-28T23:48:00","modified_gmt":"2025-09-28T20:48:00","slug":"andrewpol-kerroksellinen-tammi-lattialankku-luokka-i","status":"publish","type":"product","link":"https:\/\/factory.sale\/fi\/tuote\/andrewpol-kerroksellinen-tammi-lattialankku-luokka-i\/","title":{"rendered":"Andrewpol kerroksellinen tammi lattialankku, Luokka I"},"content":{"rendered":"<p>Kerroksellinen lattialankku on saatavilla leveydelt\u00e4\u00e4n 70 mm:st\u00e4 230 mm:iin, pituudeltaan 500 mm:st\u00e4 2500 mm:iin, paksuudeltaan 12 mm:st\u00e4 22 mm:iin tai muut pyydett\u00e4ess\u00e4.<\/p>\n<p>&nbsp;<\/p>\n<p><strong>Valmistamamme kerrokselliset lattialankut koostuvat kahdesta kerroksesta:<\/strong><\/p>\n<p>\u2013 P\u00e4\u00e4llimm\u00e4inen kulutuskerros<\/p>\n<p>\u2013 Alin koivuvanerista valmistettu vesitiivis kerros<\/p>\n<p>Kahden puulajin (erilaiset tyypit) k\u00e4ytt\u00f6 tekee lankusta eritt\u00e4in kest\u00e4v\u00e4n, joustavan ja stabiilin vallitsevissa ymp\u00e4rist\u00f6olosuhteissa (liiallinen tai riitt\u00e4m\u00e4t\u00f6n kosteus).<\/p>\n<p>Kulutuskerroksen paksuus on noin 3 mm &#8211; 6 mm ja se on valmistettu tammesta, joka on tunnettu korkeasta kest\u00e4vyydest\u00e4\u00e4n ja ajattomasta ulkon\u00e4\u00f6st\u00e4\u00e4n. Tarjoamme my\u00f6s kerroksellisia saarnilankkuja ja muita puulajeja yksitt\u00e4isten asiakkaiden tilauksille. Kostauden tunkeutumisen v\u00e4hent\u00e4miseksi alustasta ja vakauden lis\u00e4\u00e4miseksi k\u00e4ytimme alimmaisena kerroksena vesitiivist\u00e4 koivuvaneria. N\u00e4iden kahden kerroksen liimaamiseen k\u00e4yt\u00e4mme markkinoiden parhaita liimoja ja tarkasti teknologian mukaisesti leikattua materiaalia.<\/p>\n<p>Kahden kerroksen k\u00e4ytt\u00f6, jossa alaosa on ristiin sidottu, lis\u00e4\u00e4 kerroksellisen lattian kest\u00e4vyytt\u00e4. Parketti muuttuu vakaammaksi ja soveltuu paremmin tiloihin, joissa massiiviparkettin asentaminen ei ole tuottanut erityist\u00e4 tulosta, esim. alueilla, joilla kosteuden ja l\u00e4mp\u00f6tilan vaihtelu on suurta.<\/p>\n<p>Tammikerroksellinen lattialankku luokka I, luonnollinen<\/p>\n<p>Solmut korkeintaan noin 2 mm, luonnollinen puunv\u00e4ri, luonnollinen puunsyykuvio, ei syd\u00e4npuuta, kosteus 9% +\/- 2%.<\/p>\n<p>Lis\u00e4ksi voit tilata lankun laajennusleikkauksilla kerroksellisen lankun alapuolella.<\/p>\n<p>&nbsp;<\/p>\n<p>&nbsp;<\/p>\n<h3>Kerrokselliset lattialankut &#8211; paksuus 21\/6 mm tai 17\/6 mm<\/h3>\n<p><strong>Kulutuskerroksen paksuus tammea 6mm koivuvanerilla (vesitiivis)<\/strong><\/p>\n<table>\n<tbody>\n<tr>\n<td rowspan=\"2\"><b>Puu<\/b><\/td>\n<td rowspan=\"2\"><strong>Mitat (mm) leveys x pituus\u00a0<\/strong><\/td>\n<td colspan=\"2\"><\/td>\n<\/tr>\n<tr>\n<td><strong>Hinta<\/strong><\/td>\n<td><\/td>\n<\/tr>\n<tr>\n<td><span style=\"font-weight: 400;\">Oak\u00a0<\/span><\/td>\n<td><span style=\"font-weight: 400;\">220 x (500 \u2013 2400)\u00a0<\/span><\/td>\n<td><b>129,9 \u20ac<\/b><\/td>\n<td><\/td>\n<\/tr>\n<tr>\n<td><span style=\"font-weight: 400;\">Oak\u00a0<\/span><\/td>\n<td><span style=\"font-weight: 400;\">200 x (500 \u2013 2400)\u00a0<\/span><\/td>\n<td><b>123,95 \u20ac<\/b><\/td>\n<td><\/td>\n<\/tr>\n<tr>\n<td><span style=\"font-weight: 400;\">Oak\u00a0<\/span><\/td>\n<td><span style=\"font-weight: 400;\">180 x (500 \u2013 2400)\u00a0<\/span><\/td>\n<td><b>122,44 \u20ac\u00a0<\/b><\/td>\n<td><\/td>\n<\/tr>\n<tr>\n<td><span style=\"font-weight: 400;\">Oak\u00a0<\/span><\/p>\n<p>Oak<\/td>\n<td><span style=\"font-weight: 400;\">160 x (500 \u2013 2400)\u00a0<\/span><\/p>\n<p>150 x (500 \u2013 2400)<\/td>\n<td><b>106,5 \u00a0\u20ac<\/b><\/p>\n<p><b>96,6 \u20ac<\/b><\/td>\n<td><\/td>\n<\/tr>\n<tr>\n<td>Oak<\/td>\n<td>120 x (500 \u2013 2400)<\/td>\n<td><b>93,0 \u20ac<\/b><\/td>\n<td><\/td>\n<\/tr>\n<tr>\n<td>Oak<\/td>\n<td>100 x (500 \u2013 1400)<\/td>\n<td><b>83,4 \u20ac<\/b><\/td>\n<td><\/td>\n<\/tr>\n<\/tbody>\n<\/table>\n<p>&nbsp;<\/p>\n<p>&nbsp;<\/p>\n<p>&nbsp;<\/p>\n<h3>Kerrokselliset lattialankut &#8211; paksuus 15\/4 mm<\/h3>\n<p><strong>Kulutuskerroksen paksuus tammea 4mm koivuvanerilla (vesitiivis)<\/strong><\/p>\n<table>\n<tbody>\n<tr>\n<td><b>Puu<\/b><\/p>\n<p><span style=\"font-weight: 400;\">Oak\u00a0<\/span><\/td>\n<td><strong>Mitat (mm) leveys x pituus\u00a0<\/strong><\/p>\n<p><span style=\"font-weight: 400;\">220 x (500 \u2013 2400)\u00a0<\/span><\/td>\n<td><b>Hinta\u00a0<\/b><\/p>\n<p><b>125,1 \u20ac\u00a0<\/b><\/td>\n<\/tr>\n<tr>\n<td><span style=\"font-weight: 400;\">Oak\u00a0<\/span><\/td>\n<td><span style=\"font-weight: 400;\">200 x (500 \u2013 2400)\u00a0<\/span><\/td>\n<td><b>120,6 \u20ac<\/b><\/td>\n<\/tr>\n<tr>\n<td><span style=\"font-weight: 400;\">Oak\u00a0<\/span><\/td>\n<td><span style=\"font-weight: 400;\">180 x (500 \u2013 2400)\u00a0<\/span><\/td>\n<td><b>119,1 \u20ac<\/b><\/td>\n<\/tr>\n<tr>\n<td><span style=\"font-weight: 400;\">Oak\u00a0<\/span><\/p>\n<p>Oak<\/td>\n<td><span style=\"font-weight: 400;\">160 x (500 \u2013 2400)\u00a0<\/span><\/p>\n<p>150 x (500 \u2013 2400)<\/td>\n<td><strong>99,9 \u20ac<\/strong><\/p>\n<p><strong>90,00<\/strong>\u00a0 \u20ac<\/td>\n<\/tr>\n<tr>\n<td>Oak<\/td>\n<td>(120 \u2013 130) x (500 \u2013 2400)<\/td>\n<td><b>85,8 \u20ac<\/b><\/td>\n<\/tr>\n<\/tbody>\n<\/table>\n","protected":false},"excerpt":{"rendered":"<p>Kahden puulajin (erilaiset tyypit) k\u00e4ytt\u00f6 tekee lankusta eritt\u00e4in kest\u00e4v\u00e4n, joustavan ja stabiilin vallitsevissa ymp\u00e4rist\u00f6olosuhteissa (liiallinen tai riitt\u00e4m\u00e4t\u00f6n kosteus).<\/p>\n","protected":false},"featured_media":59108,"comment_status":"open","ping_status":"closed","template":"","meta":{"_acf_changed":false},"factory":[],"free-shipment":[],"product_brand":[],"product_cat":[446,450],"product_tag":[],"class_list":{"0":"post-59127","1":"product","2":"type-product","3":"status-publish","4":"has-post-thumbnail","6":"product_cat-lattiat","7":"product_cat-parketti","9":"first","10":"instock","11":"sale","12":"taxable","13":"shipping-taxable","14":"purchasable","15":"product-type-simple"},"acf":[],"_links":{"self":[{"href":"https:\/\/factory.sale\/fi\/wp-json\/wp\/v2\/product\/59127","targetHints":{"allow":["GET"]}}],"collection":[{"href":"https:\/\/factory.sale\/fi\/wp-json\/wp\/v2\/product"}],"about":[{"href":"https:\/\/factory.sale\/fi\/wp-json\/wp\/v2\/types\/product"}],"replies":[{"embeddable":true,"href":"https:\/\/factory.sale\/fi\/wp-json\/wp\/v2\/comments?post=59127"}],"wp:featuredmedia":[{"embeddable":true,"href":"https:\/\/factory.sale\/fi\/wp-json\/wp\/v2\/media\/59108"}],"wp:attachment":[{"href":"https:\/\/factory.sale\/fi\/wp-json\/wp\/v2\/media?parent=59127"}],"wp:term":[{"taxonomy":"factory","embeddable":true,"href":"https:\/\/factory.sale\/fi\/wp-json\/wp\/v2\/factory?post=59127"},{"taxonomy":"free-shipment","embeddable":true,"href":"https:\/\/factory.sale\/fi\/wp-json\/wp\/v2\/free-shipment?post=59127"},{"taxonomy":"product_brand","embeddable":true,"href":"https:\/\/factory.sale\/fi\/wp-json\/wp\/v2\/product_brand?post=59127"},{"taxonomy":"product_cat","embeddable":true,"href":"https:\/\/factory.sale\/fi\/wp-json\/wp\/v2\/product_cat?post=59127"},{"taxonomy":"product_tag","embeddable":true,"href":"https:\/\/factory.sale\/fi\/wp-json\/wp\/v2\/product_tag?post=59127"}],"curies":[{"name":"wp","href":"https:\/\/api.w.org\/{rel}","templated":true}]}}