{"id":58891,"date":"2023-12-29T22:35:07","date_gmt":"2023-12-29T22:44:27","guid":{"rendered":"https:\/\/factory.sale\/?post_type=product&#038;p=58891"},"modified":"2024-06-27T13:19:13","modified_gmt":"2024-06-27T13:19:13","slug":"koirankoppi-eteisella-ja-huoneella","status":"publish","type":"product","link":"https:\/\/factory.sale\/fi\/tuote\/koirankoppi-eteisella-ja-huoneella\/","title":{"rendered":"Koirankoppi eteisell\u00e4 ja huoneella"},"content":{"rendered":"<p><strong>Tu<\/strong><strong>otekoodi:<\/strong> 13230012<\/p>\n<p>&nbsp;<\/p>\n<p>Koirankopin takahuoneen sein\u00e4t ja katto on eristetty 25 mm:n vaahtopolyesterolilla.<br \/>\nLattiassa on kaksinkertainen laudoitus.<br \/>\nKopin katto on irrotettava.<\/p>\n<p>&nbsp;<\/p>\n<p><strong>Tuotetiedot:<\/strong><\/p>\n<ul>\n<li>Pakkauksen mitat: 110 \u00d7 142 \u00d7 175 cm (P\/L\/K)<\/li>\n<li>Paino: 90 kg<\/li>\n<\/ul>\n<p>&nbsp;<\/p>\n","protected":false},"excerpt":{"rendered":"<p>Varmista karvaisen yst\u00e4v\u00e4si mukavuus ja turvallisuus premium-luokan koirankopeillamme! Kest\u00e4vyytt\u00e4 silm\u00e4ll\u00e4 pit\u00e4en valmistettu ja tyylikk\u00e4\u00e4sti muotoiltu, n\u00e4m\u00e4 koirankopit ovat t\u00e4ydellisi\u00e4 mihin tahansa pihaan. S\u00e4\u00e4nkest\u00e4vist\u00e4 materiaaleista ja viihtyis\u00e4ll\u00e4 sis\u00e4tilalla varustettuna, ne tarjoavat t\u00e4ydellisen suojapaikan uskolliselle kumppanillesi. Valitse paras lemmikillesi.<\/p>\n","protected":false},"featured_media":58881,"comment_status":"open","ping_status":"closed","template":"","meta":{"_acf_changed":false},"factory":[],"free-shipment":[],"product_brand":[],"product_cat":[997,2466],"product_tag":[],"class_list":{"0":"post-58891","1":"product","2":"type-product","3":"status-publish","4":"has-post-thumbnail","6":"product_cat-piha-puutarha-fi","7":"product_cat-puutarhakalusteet","9":"first","10":"instock","11":"sale","12":"taxable","13":"shipping-taxable","14":"purchasable","15":"product-type-simple"},"acf":[],"_links":{"self":[{"href":"https:\/\/factory.sale\/fi\/wp-json\/wp\/v2\/product\/58891","targetHints":{"allow":["GET"]}}],"collection":[{"href":"https:\/\/factory.sale\/fi\/wp-json\/wp\/v2\/product"}],"about":[{"href":"https:\/\/factory.sale\/fi\/wp-json\/wp\/v2\/types\/product"}],"replies":[{"embeddable":true,"href":"https:\/\/factory.sale\/fi\/wp-json\/wp\/v2\/comments?post=58891"}],"wp:featuredmedia":[{"embeddable":true,"href":"https:\/\/factory.sale\/fi\/wp-json\/wp\/v2\/media\/58881"}],"wp:attachment":[{"href":"https:\/\/factory.sale\/fi\/wp-json\/wp\/v2\/media?parent=58891"}],"wp:term":[{"taxonomy":"factory","embeddable":true,"href":"https:\/\/factory.sale\/fi\/wp-json\/wp\/v2\/factory?post=58891"},{"taxonomy":"free-shipment","embeddable":true,"href":"https:\/\/factory.sale\/fi\/wp-json\/wp\/v2\/free-shipment?post=58891"},{"taxonomy":"product_brand","embeddable":true,"href":"https:\/\/factory.sale\/fi\/wp-json\/wp\/v2\/product_brand?post=58891"},{"taxonomy":"product_cat","embeddable":true,"href":"https:\/\/factory.sale\/fi\/wp-json\/wp\/v2\/product_cat?post=58891"},{"taxonomy":"product_tag","embeddable":true,"href":"https:\/\/factory.sale\/fi\/wp-json\/wp\/v2\/product_tag?post=58891"}],"curies":[{"name":"wp","href":"https:\/\/api.w.org\/{rel}","templated":true}]}}