{"id":58865,"date":"2023-12-29T21:59:58","date_gmt":"2023-12-29T22:28:55","guid":{"rendered":"https:\/\/factory.sale\/?post_type=product&#038;p=58865"},"modified":"2024-06-26T19:14:21","modified_gmt":"2024-06-26T19:14:21","slug":"koirankoppi-harjakatolla","status":"publish","type":"product","link":"https:\/\/factory.sale\/fi\/tuote\/koirankoppi-harjakatolla\/","title":{"rendered":"Koirankoppi harjakatolla"},"content":{"rendered":"<p><strong>Tuotekoodi:<\/strong> 13230011<\/p>\n<p>&nbsp;<\/p>\n<p><strong>Tuotekoodi:<\/strong><\/p>\n<ul>\n<li>Pakkauksen mitat: 90 \u00d7 75 \u00d7 80 cm (L\/K\/S)<\/li>\n<li>Paino: 20 kg<\/li>\n<li>Oviaukon koko: 30 x 45 cm<\/li>\n<\/ul>\n","protected":false},"excerpt":{"rendered":"<p>Varmista karvaisen yst\u00e4v\u00e4si mukavuus ja turvallisuus premium-luokan koirankopeillamme! Kest\u00e4vyytt\u00e4 silm\u00e4ll\u00e4 pit\u00e4en valmistettu ja tyylikk\u00e4\u00e4sti muotoiltu, n\u00e4m\u00e4 koirankopit ovat t\u00e4ydellisi\u00e4 mihin tahansa pihaan. S\u00e4\u00e4nkest\u00e4vist\u00e4 materiaaleista ja viihtyis\u00e4ll\u00e4 sis\u00e4tilalla varustettuna, ne tarjoavat t\u00e4ydellisen suojapaikan uskolliselle kumppanillesi. Valitse paras lemmikillesi.<\/p>\n","protected":false},"featured_media":58859,"comment_status":"open","ping_status":"closed","template":"","meta":{"_acf_changed":false},"factory":[],"free-shipment":[],"product_brand":[],"product_cat":[997,2466],"product_tag":[1488,1489],"class_list":{"0":"post-58865","1":"product","2":"type-product","3":"status-publish","4":"has-post-thumbnail","6":"product_cat-piha-puutarha-fi","7":"product_cat-puutarhakalusteet","8":"product_tag-garden-fi","9":"product_tag-yard-fi","11":"first","12":"instock","13":"sale","14":"taxable","15":"shipping-taxable","16":"purchasable","17":"product-type-simple"},"acf":[],"_links":{"self":[{"href":"https:\/\/factory.sale\/fi\/wp-json\/wp\/v2\/product\/58865","targetHints":{"allow":["GET"]}}],"collection":[{"href":"https:\/\/factory.sale\/fi\/wp-json\/wp\/v2\/product"}],"about":[{"href":"https:\/\/factory.sale\/fi\/wp-json\/wp\/v2\/types\/product"}],"replies":[{"embeddable":true,"href":"https:\/\/factory.sale\/fi\/wp-json\/wp\/v2\/comments?post=58865"}],"wp:featuredmedia":[{"embeddable":true,"href":"https:\/\/factory.sale\/fi\/wp-json\/wp\/v2\/media\/58859"}],"wp:attachment":[{"href":"https:\/\/factory.sale\/fi\/wp-json\/wp\/v2\/media?parent=58865"}],"wp:term":[{"taxonomy":"factory","embeddable":true,"href":"https:\/\/factory.sale\/fi\/wp-json\/wp\/v2\/factory?post=58865"},{"taxonomy":"free-shipment","embeddable":true,"href":"https:\/\/factory.sale\/fi\/wp-json\/wp\/v2\/free-shipment?post=58865"},{"taxonomy":"product_brand","embeddable":true,"href":"https:\/\/factory.sale\/fi\/wp-json\/wp\/v2\/product_brand?post=58865"},{"taxonomy":"product_cat","embeddable":true,"href":"https:\/\/factory.sale\/fi\/wp-json\/wp\/v2\/product_cat?post=58865"},{"taxonomy":"product_tag","embeddable":true,"href":"https:\/\/factory.sale\/fi\/wp-json\/wp\/v2\/product_tag?post=58865"}],"curies":[{"name":"wp","href":"https:\/\/api.w.org\/{rel}","templated":true}]}}