{"id":58838,"date":"2023-12-29T21:13:00","date_gmt":"2023-12-29T21:22:38","guid":{"rendered":"https:\/\/factory.sale\/?post_type=product&#038;p=58838"},"modified":"2026-03-28T12:13:44","modified_gmt":"2026-03-28T09:13:44","slug":"puutarhapoyta-valkoinen","status":"publish","type":"product","link":"https:\/\/factory.sale\/fi\/tuote\/puutarhapoyta-valkoinen\/","title":{"rendered":"Puutarhap\u00f6yt\u00e4 valkoinen"},"content":{"rendered":"<p><strong>Tuotekood:<\/strong> 13240029<\/p>\n<p>&nbsp;<\/p>\n<p>M\u00e4ntypuusta valmistettu puutarhap\u00f6yt\u00e4 sopii sek\u00e4 puutarhaan ett\u00e4 terassille.<\/p>\n<p>Talven tullessa on t\u00e4rke\u00e4\u00e4 suojata puutarhakalusteet kylm\u00e4lt\u00e4, kosteudelta ja lumelta aiheutuvilta vahingoilta. Siirr\u00e4 puutarhakalusteet talveksi suojaan, k\u00e4ytt\u00e4en suojapeitteit\u00e4 tai siirt\u00e4m\u00e4ll\u00e4 ne varastoon tai autotalliin, jotta niiden kauneus s\u00e4ilyy ja k\u00e4ytt\u00f6ik\u00e4 pitenee.<\/p>\n<p>&nbsp;<\/p>\n<p>&nbsp;<\/p>\n<p>&nbsp;<\/p>\n<p><strong>Tuotetiedot:<\/strong><\/p>\n<ul>\n<li>Pakkauksen mitat 77 \u00d7 77 \u00d7 13 cm (P\/L\/K)<\/li>\n<li>Paino 14 kg<\/li>\n<li>Pituus: 750 mm<\/li>\n<li>Syvyys: 750 mm<\/li>\n<li>Korkeus: 750 mm<\/li>\n<li>Viimeistely: v\u00e4ri valkoinen<\/li>\n<\/ul>\n","protected":false},"excerpt":{"rendered":"<p>M\u00e4ntypuusta valmistettu puutarhap\u00f6yt\u00e4 sopii sek\u00e4 puutarhaan ett\u00e4 terassille.<\/p>\n","protected":false},"featured_media":58827,"comment_status":"open","ping_status":"closed","template":"","meta":{"_acf_changed":false},"factory":[],"free-shipment":[],"product_brand":[],"product_cat":[997,2466],"product_tag":[1488],"class_list":{"0":"post-58838","1":"product","2":"type-product","3":"status-publish","4":"has-post-thumbnail","6":"product_cat-piha-puutarha-fi","7":"product_cat-puutarhakalusteet","8":"product_tag-garden-fi","10":"first","11":"instock","12":"sale","13":"taxable","14":"shipping-taxable","15":"purchasable","16":"product-type-simple"},"acf":[],"_links":{"self":[{"href":"https:\/\/factory.sale\/fi\/wp-json\/wp\/v2\/product\/58838","targetHints":{"allow":["GET"]}}],"collection":[{"href":"https:\/\/factory.sale\/fi\/wp-json\/wp\/v2\/product"}],"about":[{"href":"https:\/\/factory.sale\/fi\/wp-json\/wp\/v2\/types\/product"}],"replies":[{"embeddable":true,"href":"https:\/\/factory.sale\/fi\/wp-json\/wp\/v2\/comments?post=58838"}],"wp:featuredmedia":[{"embeddable":true,"href":"https:\/\/factory.sale\/fi\/wp-json\/wp\/v2\/media\/58827"}],"wp:attachment":[{"href":"https:\/\/factory.sale\/fi\/wp-json\/wp\/v2\/media?parent=58838"}],"wp:term":[{"taxonomy":"factory","embeddable":true,"href":"https:\/\/factory.sale\/fi\/wp-json\/wp\/v2\/factory?post=58838"},{"taxonomy":"free-shipment","embeddable":true,"href":"https:\/\/factory.sale\/fi\/wp-json\/wp\/v2\/free-shipment?post=58838"},{"taxonomy":"product_brand","embeddable":true,"href":"https:\/\/factory.sale\/fi\/wp-json\/wp\/v2\/product_brand?post=58838"},{"taxonomy":"product_cat","embeddable":true,"href":"https:\/\/factory.sale\/fi\/wp-json\/wp\/v2\/product_cat?post=58838"},{"taxonomy":"product_tag","embeddable":true,"href":"https:\/\/factory.sale\/fi\/wp-json\/wp\/v2\/product_tag?post=58838"}],"curies":[{"name":"wp","href":"https:\/\/api.w.org\/{rel}","templated":true}]}}