{"id":58728,"date":"2023-12-29T16:29:47","date_gmt":"2023-12-29T16:35:48","guid":{"rendered":"https:\/\/factory.sale\/?post_type=product&#038;p=58728"},"modified":"2024-06-29T04:51:38","modified_gmt":"2024-06-29T04:51:38","slug":"puutarhatuoli","status":"publish","type":"product","link":"https:\/\/factory.sale\/fi\/tuote\/puutarhatuoli\/","title":{"rendered":"Puutarhatuoli"},"content":{"rendered":"<p><strong>Tuotekood:<\/strong> 13240022<\/p>\n<p>M\u00e4ntypuusta valmistettu puutarhatuoli sopii sek\u00e4 puutarhaan ett\u00e4 terassille.<\/p>\n<p>Talven tullessa on t\u00e4rke\u00e4\u00e4 suojata puutarhakalusteet kylm\u00e4lt\u00e4, kosteudelta ja lumelta aiheutuvilta vahingoilta. Siirr\u00e4 puutarhakalusteet talveksi suojaan, k\u00e4ytt\u00e4en suojapeitteit\u00e4 tai siirt\u00e4m\u00e4ll\u00e4 ne varastoon tai autotalliin, jotta niiden kauneus s\u00e4ilyy ja k\u00e4ytt\u00f6ik\u00e4 pitenee.<\/p>\n<p><strong>Yleistiedot<\/strong><\/p>\n<ul>\n<li>Pakkauksen mitat 93 \u00d7 68 \u00d7 20 cm (P\/L\/K)<\/li>\n<li>Paino 8,5 kg<\/li>\n<li>Pituus: 630 mm<\/li>\n<li>Syvyys 500 mm<\/li>\n<li>Korkeus 920 mm<\/li>\n<li>V\u00e4ri: valkoinen (Voi tilata my\u00f6s vihre\u00e4n\u00e4. Toive tulee mainita erikseen huomautuksissa)<\/li>\n<\/ul>\n","protected":false},"excerpt":{"rendered":"<p>Tuotekood: 13240022 M\u00e4ntypuusta valmistettu puutarhatuoli sopii sek\u00e4 puutarhaan ett\u00e4 terassille. Talven tullessa on t\u00e4rke\u00e4\u00e4 suojata puutarhakalusteet kylm\u00e4lt\u00e4, kosteudelta ja lumelta aiheutuvilta vahingoilta. Siirr\u00e4 puutarhakalusteet talveksi suojaan, k\u00e4ytt\u00e4en suojapeitteit\u00e4 tai siirt\u00e4m\u00e4ll\u00e4 ne varastoon tai autotalliin, jotta niiden kauneus s\u00e4ilyy ja k\u00e4ytt\u00f6ik\u00e4 pitenee. Yleistiedot Pakkauksen mitat 93 \u00d7 68 \u00d7 20 cm (P\/L\/K) Paino 8,5 kg Pituus: [&hellip;]<\/p>\n","protected":false},"featured_media":58718,"comment_status":"open","ping_status":"closed","template":"","meta":{"_acf_changed":false},"factory":[],"free-shipment":[],"product_brand":[],"product_cat":[997,2466],"product_tag":[1488],"class_list":{"0":"post-58728","1":"product","2":"type-product","3":"status-publish","4":"has-post-thumbnail","6":"product_cat-piha-puutarha-fi","7":"product_cat-puutarhakalusteet","8":"product_tag-garden-fi","10":"first","11":"instock","12":"sale","13":"taxable","14":"shipping-taxable","15":"purchasable","16":"product-type-simple"},"acf":[],"_links":{"self":[{"href":"https:\/\/factory.sale\/fi\/wp-json\/wp\/v2\/product\/58728","targetHints":{"allow":["GET"]}}],"collection":[{"href":"https:\/\/factory.sale\/fi\/wp-json\/wp\/v2\/product"}],"about":[{"href":"https:\/\/factory.sale\/fi\/wp-json\/wp\/v2\/types\/product"}],"replies":[{"embeddable":true,"href":"https:\/\/factory.sale\/fi\/wp-json\/wp\/v2\/comments?post=58728"}],"wp:featuredmedia":[{"embeddable":true,"href":"https:\/\/factory.sale\/fi\/wp-json\/wp\/v2\/media\/58718"}],"wp:attachment":[{"href":"https:\/\/factory.sale\/fi\/wp-json\/wp\/v2\/media?parent=58728"}],"wp:term":[{"taxonomy":"factory","embeddable":true,"href":"https:\/\/factory.sale\/fi\/wp-json\/wp\/v2\/factory?post=58728"},{"taxonomy":"free-shipment","embeddable":true,"href":"https:\/\/factory.sale\/fi\/wp-json\/wp\/v2\/free-shipment?post=58728"},{"taxonomy":"product_brand","embeddable":true,"href":"https:\/\/factory.sale\/fi\/wp-json\/wp\/v2\/product_brand?post=58728"},{"taxonomy":"product_cat","embeddable":true,"href":"https:\/\/factory.sale\/fi\/wp-json\/wp\/v2\/product_cat?post=58728"},{"taxonomy":"product_tag","embeddable":true,"href":"https:\/\/factory.sale\/fi\/wp-json\/wp\/v2\/product_tag?post=58728"}],"curies":[{"name":"wp","href":"https:\/\/api.w.org\/{rel}","templated":true}]}}