{"id":58544,"date":"2023-12-29T08:13:36","date_gmt":"2023-12-29T08:20:18","guid":{"rendered":"https:\/\/factory.sale\/?post_type=product&#038;p=58544"},"modified":"2024-06-26T16:27:39","modified_gmt":"2024-06-26T16:27:39","slug":"polttopuuteline-2","status":"publish","type":"product","link":"https:\/\/factory.sale\/fi\/tuote\/polttopuuteline-2\/","title":{"rendered":"Polttopuuteline"},"content":{"rendered":"<p><strong>Tuotekoodi<\/strong>: 12130210<\/p>\n<p>&nbsp;<\/p>\n<p>Stoveman polttopuuteline on valmistettu k\u00e4sin neli\u00f6m\u00e4isest\u00e4 putkesta puun varastointiin.<\/p>\n<p>&nbsp;<\/p>\n<p>&nbsp;<\/p>\n<p><strong>Tuotetiedot:<\/strong><\/p>\n<ul>\n<li>Pakkauksen mittat: 25 \u00d7 53 \u00d7 150 cm (p\/l\/k)<\/li>\n<li>Paino: 6 kg (kilogramma)<\/li>\n<\/ul>\n","protected":false},"excerpt":{"rendered":"<p>Stoveman polttopuuteline on valmistettu k\u00e4sin neli\u00f6m\u00e4isest\u00e4 putkesta puun varastointiin.<\/p>\n","protected":false},"featured_media":58541,"comment_status":"open","ping_status":"closed","template":"","meta":{"_acf_changed":false},"factory":[],"free-shipment":[],"product_brand":[],"product_cat":[1121,2270],"product_tag":[],"class_list":{"0":"post-58544","1":"product","2":"type-product","3":"status-publish","4":"has-post-thumbnail","6":"product_cat-saniteetti","7":"product_cat-saunakalusteet","9":"first","10":"instock","11":"sale","12":"taxable","13":"shipping-taxable","14":"purchasable","15":"product-type-simple"},"acf":[],"_links":{"self":[{"href":"https:\/\/factory.sale\/fi\/wp-json\/wp\/v2\/product\/58544","targetHints":{"allow":["GET"]}}],"collection":[{"href":"https:\/\/factory.sale\/fi\/wp-json\/wp\/v2\/product"}],"about":[{"href":"https:\/\/factory.sale\/fi\/wp-json\/wp\/v2\/types\/product"}],"replies":[{"embeddable":true,"href":"https:\/\/factory.sale\/fi\/wp-json\/wp\/v2\/comments?post=58544"}],"wp:featuredmedia":[{"embeddable":true,"href":"https:\/\/factory.sale\/fi\/wp-json\/wp\/v2\/media\/58541"}],"wp:attachment":[{"href":"https:\/\/factory.sale\/fi\/wp-json\/wp\/v2\/media?parent=58544"}],"wp:term":[{"taxonomy":"factory","embeddable":true,"href":"https:\/\/factory.sale\/fi\/wp-json\/wp\/v2\/factory?post=58544"},{"taxonomy":"free-shipment","embeddable":true,"href":"https:\/\/factory.sale\/fi\/wp-json\/wp\/v2\/free-shipment?post=58544"},{"taxonomy":"product_brand","embeddable":true,"href":"https:\/\/factory.sale\/fi\/wp-json\/wp\/v2\/product_brand?post=58544"},{"taxonomy":"product_cat","embeddable":true,"href":"https:\/\/factory.sale\/fi\/wp-json\/wp\/v2\/product_cat?post=58544"},{"taxonomy":"product_tag","embeddable":true,"href":"https:\/\/factory.sale\/fi\/wp-json\/wp\/v2\/product_tag?post=58544"}],"curies":[{"name":"wp","href":"https:\/\/api.w.org\/{rel}","templated":true}]}}