{"id":58255,"date":"2023-12-28T09:36:24","date_gmt":"2023-12-28T09:39:06","guid":{"rendered":"https:\/\/factory.sale\/?post_type=product&#038;p=58255"},"modified":"2024-06-26T12:40:17","modified_gmt":"2024-06-26T12:40:17","slug":"polttopuut-hylly","status":"publish","type":"product","link":"https:\/\/factory.sale\/fi\/tuote\/polttopuut-hylly\/","title":{"rendered":"Polttopuut hylly"},"content":{"rendered":"<p><strong>Tootekood:<\/strong> 12130231<\/p>\n<p>&nbsp;<\/p>\n<p>Polttopuuteline on k\u00e4yt\u00e4nn\u00f6llisyytens\u00e4 lis\u00e4ksi my\u00f6s upea sisustuselementti kotiisi, sopii niin moderniin kuin retrotyyliseen sisustukseen.<\/p>\n<p>&nbsp;<\/p>\n<p><strong>Yleistietoja:<\/strong><\/p>\n<ul>\n<li>Pakkauksen mittat: 25 \u00d7 46 \u00d7 101 cm (p\/l\/k)<\/li>\n<li>Paino: 27 kg (kilogramma)<\/li>\n<\/ul>\n","protected":false},"excerpt":{"rendered":"<p>Polttopuuteline on k\u00e4yt\u00e4nn\u00f6llisyytens\u00e4 lis\u00e4ksi my\u00f6s upea sisustuselementti kotiisi, sopii niin moderniin kuin retrotyyliseen sisustukseen.<\/p>\n","protected":false},"featured_media":58252,"comment_status":"open","ping_status":"closed","template":"","meta":{"_acf_changed":false},"factory":[],"free-shipment":[],"product_brand":[],"product_cat":[1121,1334],"product_tag":[617],"class_list":{"0":"post-58255","1":"product","2":"type-product","3":"status-publish","4":"has-post-thumbnail","6":"product_cat-saniteetti","7":"product_cat-saunatarvikkeet","8":"product_tag-wood-fi","10":"first","11":"instock","12":"sale","13":"taxable","14":"shipping-taxable","15":"purchasable","16":"product-type-simple"},"acf":[],"_links":{"self":[{"href":"https:\/\/factory.sale\/fi\/wp-json\/wp\/v2\/product\/58255","targetHints":{"allow":["GET"]}}],"collection":[{"href":"https:\/\/factory.sale\/fi\/wp-json\/wp\/v2\/product"}],"about":[{"href":"https:\/\/factory.sale\/fi\/wp-json\/wp\/v2\/types\/product"}],"replies":[{"embeddable":true,"href":"https:\/\/factory.sale\/fi\/wp-json\/wp\/v2\/comments?post=58255"}],"wp:featuredmedia":[{"embeddable":true,"href":"https:\/\/factory.sale\/fi\/wp-json\/wp\/v2\/media\/58252"}],"wp:attachment":[{"href":"https:\/\/factory.sale\/fi\/wp-json\/wp\/v2\/media?parent=58255"}],"wp:term":[{"taxonomy":"factory","embeddable":true,"href":"https:\/\/factory.sale\/fi\/wp-json\/wp\/v2\/factory?post=58255"},{"taxonomy":"free-shipment","embeddable":true,"href":"https:\/\/factory.sale\/fi\/wp-json\/wp\/v2\/free-shipment?post=58255"},{"taxonomy":"product_brand","embeddable":true,"href":"https:\/\/factory.sale\/fi\/wp-json\/wp\/v2\/product_brand?post=58255"},{"taxonomy":"product_cat","embeddable":true,"href":"https:\/\/factory.sale\/fi\/wp-json\/wp\/v2\/product_cat?post=58255"},{"taxonomy":"product_tag","embeddable":true,"href":"https:\/\/factory.sale\/fi\/wp-json\/wp\/v2\/product_tag?post=58255"}],"curies":[{"name":"wp","href":"https:\/\/api.w.org\/{rel}","templated":true}]}}