{"id":58223,"date":"2023-12-28T08:57:50","date_gmt":"2023-12-28T09:07:05","guid":{"rendered":"https:\/\/factory.sale\/?post_type=product&#038;p=58223"},"modified":"2024-06-26T21:06:59","modified_gmt":"2024-06-26T21:06:59","slug":"kotikomposteri-230-l-kestava","status":"publish","type":"product","link":"https:\/\/factory.sale\/fi\/tuote\/kotikomposteri-230-l-kestava\/","title":{"rendered":"Kotikomposteri 230 L Kest\u00e4va+"},"content":{"rendered":"<p><strong>Laadukas, p\u00e4ivitetty kotikompostori l\u00e4mp\u00f6eristyksell\u00e4<\/strong><\/p>\n<p>Kekkil\u00e4 Kotikompostori 230 L Sustainable+ on korkealaatuinen ja tuholaiskest\u00e4v\u00e4, j\u00e4teasetuksen vaatimukset t\u00e4ytt\u00e4v\u00e4 l\u00e4mp\u00f6kompostori.<br \/>\nKotikompostori on muotoilultaan siisti ja py\u00f6re\u00e4 muoto jakaa l\u00e4mm\u00f6n tasaisesti ymp\u00e4rivuotiseen kompostointiin.<br \/>\nKotikompostori on ergonominen. Se on helppo t\u00e4ytt\u00e4\u00e4 ja tyhjent\u00e4\u00e4 suuren kannen ja tyhjennysluukun ansiosta.<br \/>\nTuote on valmistettu kierr\u00e4tysmuovista (PE) ja siin\u00e4 on markkinoiden paksuin l\u00e4mp\u00f6eristys (PS).<br \/>\nUudelleensuunniteltu muotoilu: Kova muovinen l\u00e4mp\u00f6kansi ja suuri poistoluukku, tehokas kaksiventtiilinen tuuletus, kannen lukitussalpa ja tukisarana tekev\u00e4t kompostorista helppok\u00e4ytt\u00f6isen ja varmistavat ilmatiiviin rakenteen.<br \/>\nUV-suojattu runko ja paksu eristys sis\u00e4ll\u00e4 tekev\u00e4t tuotteesta toimivan ja pitk\u00e4ik\u00e4isen. Sek\u00e4 kannessa ett\u00e4 tyhjennysluukussa on tuuletus.<br \/>\nPohjan kallistuksen ansiosta nesteet ohjataan ulos kompostorista yhden suodattimen l\u00e4pi.<br \/>\nAnnamme Kodukompostrille 25 vuoden rungotakuun \u2013 \u00e4l\u00e4 unohda rekister\u00f6id\u00e4 tuotetta.<br \/>\nMateriaali: kierr\u00e4tetty muovi (PE), muovi (PE + EPS)<\/p>\n<p>&nbsp;<\/p>\n<p><strong>Tekninen informaatio:<\/strong><\/p>\n<ul>\n<li>V\u00e4ri: tummanharmaa<\/li>\n<li>Tuotteen mitat: 710 x 710 x 1090 mm<\/li>\n<li>Tuotteen paino: 18 kg<\/li>\n<li>Tilavuus: 230 l<\/li>\n<li>EAN: 6433000355254<\/li>\n<\/ul>\n<p><strong>Paketti sis\u00e4lt\u00e4\u00e4:<\/strong> tuuletusventtiilin, kotelon, kannen, tyhjennysluukun, ikkunaluukut (2 kpl), vuotonesteen liit\u00e4nt\u00e4 \u2013 suodatin, letku.<\/p>\n<p>&nbsp;<\/p>\n<p><strong>Tuotteen ymp\u00e4rist\u00f6vastuutekij\u00e4t<\/strong><\/p>\n<p>Pienenn\u00e4 hiilijalanj\u00e4lke\u00e4si valitsemalla bioj\u00e4tteen kompostointi.<br \/>\nLajittele bioj\u00e4tteet kierr\u00e4tyksen ja j\u00e4tetyyppien kierr\u00e4tyksen parantamiseksi<br \/>\nKompostoimalla bioj\u00e4tett\u00e4 edist\u00e4t kiertotaloutta.<br \/>\nSuomessa valmistetut tuotteet on suunniteltu kest\u00e4viksi ja niill\u00e4 on pitk\u00e4 takuuaika.<br \/>\nTuotteen valmistuksessa on k\u00e4ytetty kierr\u00e4tysmuovia.<br \/>\nKekkil\u00e4-tuotteisiin on saatavilla laaja valikoima varaosia.<\/p>\n<p>&nbsp;<\/p>\n<p><strong>Aloita bioj\u00e4tteen kompostointi t\u00e4n\u00e4\u00e4n<\/strong><\/p>\n<p>Tarkista kuntasi j\u00e4tehuoltom\u00e4\u00e4r\u00e4ykset, jotka voivat vaihdella paikkakunnittain. Ota selv\u00e4\u00e4, mit\u00e4 kompostointi vaatii alueellasi.<br \/>\nValitse itsellesi sopivin malli, suosittelemme Kekkil\u00e4 Home -kompostoria tai Kekkil\u00e4 Thermal -kompostoria. Laadukkaan kompostorin ostaminen on investointi, joka maksaa itsens\u00e4 takaisin nopeasti.<br \/>\nLaadi kompostointiilmoitus alueellasi tarvittaessa. Lomakkeen l\u00f6yd\u00e4t yleens\u00e4 kunnan verkkosivuilta.<br \/>\nValitse kompostorille sopiva paikka, joka ei ole liian l\u00e4hell\u00e4 tontin rajaa. Helppo p\u00e4\u00e4sy on t\u00e4rke\u00e4\u00e4, joten sijoita kompostori kulkureittien varrelle.<br \/>\nT\u00e4rkeint\u00e4 on keskitty\u00e4 j\u00e4tteiden kierr\u00e4tykseen ja oman maan tuottamiseen uudella kompostorillasi. T\u00e4yt\u00e4 kompostori s\u00e4\u00e4nn\u00f6llisesti ja \u00e4l\u00e4 unohda k\u00e4ytt\u00e4\u00e4 v\u00e4likerroksena Kompostiturvetta, joka on imukykyinen seos, joka pit\u00e4\u00e4 kompostin ilmavana ja tuoksuvana.<\/p>\n<p>&nbsp;<\/p>\n<p><strong>L\u00e4mp\u00f6tilan kannen avaaminen ja sulkeminen<\/strong><\/p>\n<p>Kotikompostorin kannen lukitussalpa ja tukisaranat helpottavat k\u00e4ytt\u00f6\u00e4 ja varmistavat ilmatiiviin rakenteen. Lukitussalpa avautuu helposti vet\u00e4m\u00e4ll\u00e4 kumiosasta ja tukisarana vapautuu liikuttamalla sit\u00e4 hieman edestakaisin. Kansi voidaan asettaa k\u00e4tev\u00e4sti pidikkeen reunaan t\u00e4ytt\u00f6\u00e4 varten. Kun kompostori on t\u00e4ytetty bioj\u00e4tteell\u00e4 ja kompostimassalla, tukiholkki asetetaan paikalleen kantta nostamalla ja laskemalla. Lukitussalpa on hyvin kiinni ja kompostointi voi jatkua viel\u00e4kin nopeammin, jos mikro-organismeilla on tarpeeksi ty\u00f6t\u00e4 sen hajottamiseen.<\/p>\n<p>&nbsp;<\/p>\n<p><strong>Poistoluukun avaaminen ja sulkeminen<\/strong><\/p>\n<p>Tyhjennysluukku on helppo avata k\u00e4tevien lukitussalvojen ansiosta. Suuren aukon ansiosta komposti on helppo nostaa esimerkiksi puutarhak\u00e4rryyn. Koska kompostoitava massa on kompostorin yl\u00e4osassa, kompostori voidaan tyhjent\u00e4\u00e4 milloin tahansa. Sulje kansi ja anna massan vajota pohjaan omalla voimallaan.<\/p>\n<p>&nbsp;<\/p>\n<p><strong>Kompostorin t\u00e4ytt\u00f6<\/strong><\/p>\n<p>Kompostorin k\u00e4ytt\u00f6 on helppoa. Pohjalle laitetaan 5 cm paksu kerros haketta, ohuita oksia tai Kekkil\u00e4n kuorimutetta. Lis\u00e4\u00e4 talousj\u00e4tteit\u00e4 kompostoriin s\u00e4\u00e4nn\u00f6llisesti, muutaman kerran viikossa. Levit\u00e4 kotitalousj\u00e4tteet tasaisesti ja lis\u00e4\u00e4 aina bulkkimateriaalia (esim. Kekkil\u00e4n kompostia ja k\u00e4ym\u00e4l\u00e4turvetta) 30-50 % kotitalousj\u00e4tteen m\u00e4\u00e4r\u00e4st\u00e4.<br \/>\nKompostorin toiminnan kannalta on t\u00e4rke\u00e4\u00e4 lis\u00e4t\u00e4 s\u00e4\u00e4nn\u00f6llisesti keitti\u00f6j\u00e4tteit\u00e4 ja yll\u00e4pit\u00e4\u00e4 oikeaa kosteustasoa. Kosteustaso on oikea, kun kourallisesta kompostista voi puristaa muutama tippa vett\u00e4. Jos komposti on liian kuivaa, se on kasteltava. Jos komposti on liian m\u00e4rk\u00e4\u00e4, tulee irtotavaraa be lis\u00e4tty. Keitti\u00f6j\u00e4tteen lis\u00e4ksi kompostori soveltuu my\u00f6s puutarhaj\u00e4tteen ja kuivak\u00e4ym\u00e4l\u00e4j\u00e4tteen j\u00e4lkikompostointiin. J\u00e4lkikompostoinnin aikana k\u00e4ym\u00e4l\u00e4j\u00e4tteet tulee peitt\u00e4\u00e4 irtomateriaalilla.<br \/>\nKomposti sekoitetaan ja k\u00e4\u00e4nnet\u00e4\u00e4n kahden viikon v\u00e4lein sopivalla sekoittimella, jotta ilma p\u00e4\u00e4see kulkemaan kompostin l\u00e4pi. Kerran kuukaudessa pohjalle tulee lis\u00e4t\u00e4 kompostia<\/p>\n","protected":false},"excerpt":{"rendered":"<p>Erinomainen l\u00e4mp\u00f6kompostori kotitalousj\u00e4tteen ymp\u00e4rivuotiseen kompostointiin. Kotikompostorin suuri kansi ja tyhjennysluukku takaavat k\u00e4yt\u00f6n helppouden. Tuotteen valmistuksessa on k\u00e4ytetty kierr\u00e4tysmuovia.<\/p>\n<ul>\n<li>T\u00e4ytt\u00e4\u00e4 kotitalousj\u00e4tteen kompostointiin soveltuvan kompostorin vaatimukset<\/li>\n<li>Markkinoiden paksuin l\u00e4mp\u00f6eristys ja tehokas ilmanvaihto kahdella venttiilill\u00e4<\/li>\n<li>P\u00e4ivitetty, entist\u00e4 parempi malli \u2013 annamme tuotteelle 25 vuoden rungotakuun<\/li>\n<\/ul>\n<p><img loading=\"lazy\" decoding=\"async\" class=\"alignnone  wp-image-27956\" src=\"https:\/\/factory.sale\/wp-content\/uploads\/2023\/05\/made-in-finland-300x240.png\" alt=\"\" width=\"208\" height=\"166\" srcset=\"https:\/\/factory.sale\/wp-content\/uploads\/2023\/05\/made-in-finland-300x240.png 300w, https:\/\/factory.sale\/wp-content\/uploads\/2023\/05\/made-in-finland-150x120.png 150w, https:\/\/factory.sale\/wp-content\/uploads\/2023\/05\/made-in-finland-600x480.png 600w, https:\/\/factory.sale\/wp-content\/uploads\/2023\/05\/made-in-finland.png 750w\" sizes=\"auto, (max-width: 208px) 100vw, 208px\" \/><\/p>\n","protected":false},"featured_media":58212,"comment_status":"open","ping_status":"closed","template":"","meta":{"_acf_changed":false},"factory":[],"free-shipment":[],"product_brand":[],"product_cat":[2734,997],"product_tag":[],"class_list":{"0":"post-58223","1":"product","2":"type-product","3":"status-publish","4":"has-post-thumbnail","6":"product_cat-kompostorit","7":"product_cat-piha-puutarha-fi","9":"first","10":"instock","11":"sale","12":"taxable","13":"shipping-taxable","14":"purchasable","15":"product-type-simple"},"acf":[],"_links":{"self":[{"href":"https:\/\/factory.sale\/fi\/wp-json\/wp\/v2\/product\/58223","targetHints":{"allow":["GET"]}}],"collection":[{"href":"https:\/\/factory.sale\/fi\/wp-json\/wp\/v2\/product"}],"about":[{"href":"https:\/\/factory.sale\/fi\/wp-json\/wp\/v2\/types\/product"}],"replies":[{"embeddable":true,"href":"https:\/\/factory.sale\/fi\/wp-json\/wp\/v2\/comments?post=58223"}],"wp:featuredmedia":[{"embeddable":true,"href":"https:\/\/factory.sale\/fi\/wp-json\/wp\/v2\/media\/58212"}],"wp:attachment":[{"href":"https:\/\/factory.sale\/fi\/wp-json\/wp\/v2\/media?parent=58223"}],"wp:term":[{"taxonomy":"factory","embeddable":true,"href":"https:\/\/factory.sale\/fi\/wp-json\/wp\/v2\/factory?post=58223"},{"taxonomy":"free-shipment","embeddable":true,"href":"https:\/\/factory.sale\/fi\/wp-json\/wp\/v2\/free-shipment?post=58223"},{"taxonomy":"product_brand","embeddable":true,"href":"https:\/\/factory.sale\/fi\/wp-json\/wp\/v2\/product_brand?post=58223"},{"taxonomy":"product_cat","embeddable":true,"href":"https:\/\/factory.sale\/fi\/wp-json\/wp\/v2\/product_cat?post=58223"},{"taxonomy":"product_tag","embeddable":true,"href":"https:\/\/factory.sale\/fi\/wp-json\/wp\/v2\/product_tag?post=58223"}],"curies":[{"name":"wp","href":"https:\/\/api.w.org\/{rel}","templated":true}]}}