{"id":56191,"date":"2023-12-20T15:47:32","date_gmt":"2023-12-20T16:26:20","guid":{"rendered":"https:\/\/factory.sale\/?post_type=product&#038;p=56191"},"modified":"2024-06-29T12:22:55","modified_gmt":"2024-06-29T12:22:55","slug":"katajapuupaneeli-50x100-cm-kehyksella","status":"publish","type":"product","link":"https:\/\/factory.sale\/fi\/tuote\/katajapuupaneeli-50x100-cm-kehyksella\/","title":{"rendered":"Katajapuupaneeli 50\u00d7100 cm kehyksell\u00e4"},"content":{"rendered":"<p><strong>Tuotekoodi: 13290079<\/strong><\/p>\n<p>&nbsp;<\/p>\n<p>Katajapuupaneeli on koriste-elementti, joka on tarkoitettu ensisijaisesti h\u00f6yrysaunan sein\u00e4lle, mutta sit\u00e4 voidaan k\u00e4ytt\u00e4\u00e4 my\u00f6s huoneiden sein\u00e4koristeena.<\/p>\n<p>Paneeli on valmistettu kosteutta kest\u00e4v\u00e4st\u00e4 vanerista ja katajan rungosta leikatuista aluslevyist\u00e4.<\/p>\n<p>Koska puunrungot ovat muodoltaan ja ulkon\u00e4\u00f6lt\u00e4\u00e4n erilaisia, jokainen paneeli on ainutlaatuinen ja siin\u00e4 on ainutlaatuinen kuvio.<\/p>\n<p>Erikoisen kuvionsa lis\u00e4ksi siit\u00e4 tulee my\u00f6s miellytt\u00e4v\u00e4 tuoksu.<\/p>\n<p>&nbsp;<\/p>\n<p><strong>Yleist\u00e4 tietoa:<\/strong><\/p>\n<ul>\n<li>Pakkauksen mitat: 50 \u00d7 100 \u00d7 1,5 cm (P\/L\/K)<\/li>\n<li>Paino: 6,1 kg<\/li>\n<\/ul>\n","protected":false},"excerpt":{"rendered":"<p>Katajapuupaneeli on koriste-elementti, joka on tarkoitettu ensisijaisesti h\u00f6yrysaunan sein\u00e4lle, mutta sit\u00e4 voidaan k\u00e4ytt\u00e4\u00e4 my\u00f6s huoneiden sein\u00e4koristeena.\u00a0Paneeli on valmistettu kosteutta kest\u00e4v\u00e4st\u00e4 vanerista ja katajan rungosta leikatuista aluslevyist\u00e4.<\/p>\n","protected":false},"featured_media":56179,"comment_status":"open","ping_status":"closed","template":"","meta":{"_acf_changed":false},"factory":[],"free-shipment":[],"product_brand":[],"product_cat":[1121,2270],"product_tag":[2106],"class_list":{"0":"post-56191","1":"product","2":"type-product","3":"status-publish","4":"has-post-thumbnail","6":"product_cat-saniteetti","7":"product_cat-saunakalusteet","8":"product_tag-sauna-fi","10":"first","11":"instock","12":"sale","13":"taxable","14":"shipping-taxable","15":"purchasable","16":"product-type-simple"},"acf":[],"_links":{"self":[{"href":"https:\/\/factory.sale\/fi\/wp-json\/wp\/v2\/product\/56191","targetHints":{"allow":["GET"]}}],"collection":[{"href":"https:\/\/factory.sale\/fi\/wp-json\/wp\/v2\/product"}],"about":[{"href":"https:\/\/factory.sale\/fi\/wp-json\/wp\/v2\/types\/product"}],"replies":[{"embeddable":true,"href":"https:\/\/factory.sale\/fi\/wp-json\/wp\/v2\/comments?post=56191"}],"wp:featuredmedia":[{"embeddable":true,"href":"https:\/\/factory.sale\/fi\/wp-json\/wp\/v2\/media\/56179"}],"wp:attachment":[{"href":"https:\/\/factory.sale\/fi\/wp-json\/wp\/v2\/media?parent=56191"}],"wp:term":[{"taxonomy":"factory","embeddable":true,"href":"https:\/\/factory.sale\/fi\/wp-json\/wp\/v2\/factory?post=56191"},{"taxonomy":"free-shipment","embeddable":true,"href":"https:\/\/factory.sale\/fi\/wp-json\/wp\/v2\/free-shipment?post=56191"},{"taxonomy":"product_brand","embeddable":true,"href":"https:\/\/factory.sale\/fi\/wp-json\/wp\/v2\/product_brand?post=56191"},{"taxonomy":"product_cat","embeddable":true,"href":"https:\/\/factory.sale\/fi\/wp-json\/wp\/v2\/product_cat?post=56191"},{"taxonomy":"product_tag","embeddable":true,"href":"https:\/\/factory.sale\/fi\/wp-json\/wp\/v2\/product_tag?post=56191"}],"curies":[{"name":"wp","href":"https:\/\/api.w.org\/{rel}","templated":true}]}}