{"id":55468,"date":"2023-12-17T20:12:00","date_gmt":"2023-12-17T20:15:47","guid":{"rendered":"https:\/\/factory.sale\/?post_type=product&#038;p=55468"},"modified":"2024-06-26T05:03:32","modified_gmt":"2024-06-26T05:03:32","slug":"stoveman-boileri-120-l","status":"publish","type":"product","link":"https:\/\/factory.sale\/fi\/tuote\/stoveman-boileri-120-l\/","title":{"rendered":"Stoveman boileri 120 L"},"content":{"rendered":"<p><strong>Tuotekoodi: 13110540<\/strong><\/p>\n<p>&nbsp;<\/p>\n<p>Stoveman BOILER on ensisijaisesti tarkoitettu saunan k\u00e4ytt\u00f6veden l\u00e4mmitt\u00e4miseen kiukaan l\u00e4mm\u00f6nvaihtimen kautta.<\/p>\n<p>Kattila on suunniteltu jopa 4 baarin vedenpaineelle. Runko on valmistettu 3 mm ter\u00e4slevyst\u00e4. Kattila on varustettu nelj\u00e4ll\u00e4 liit\u00e4nt\u00e4nippalla, joiden vakiohalkaisija on \u00be tuumaa.<\/p>\n<p>Kattilan suositeltava asento on vaakasuora, mutta se voidaan asentaa my\u00f6s pystysuoraan.<\/p>\n<p>&nbsp;<\/p>\n<p>&nbsp;<\/p>\n<p><strong>Yleist\u00e4 tietoa:<\/strong><\/p>\n<ul>\n<li>Kattilan tilavuus: 120 litraa<\/li>\n<li>Pakkauksen mitat: 92 \u00d7 50 \u00d7 60 cm (P\/L\/K)<\/li>\n<li>Paino: 40 kg<\/li>\n<\/ul>\n","protected":false},"excerpt":{"rendered":"<p>Stoveman BOILER on ensisijaisesti tarkoitettu saunan k\u00e4ytt\u00f6veden l\u00e4mmitt\u00e4miseen kiukaan l\u00e4mm\u00f6nvaihtimen kautta.\u00a0Kattila on suunniteltu jopa 4 baarin vedenpaineelle. Runko on valmistettu 3 mm ter\u00e4slevyst\u00e4. Kattila on varustettu nelj\u00e4ll\u00e4 liit\u00e4nt\u00e4nippalla, joiden vakiohalkaisija on \u00be tuumaa.<\/p>\n","protected":false},"featured_media":55429,"comment_status":"open","ping_status":"closed","template":"","meta":{"_acf_changed":false},"factory":[],"free-shipment":[],"product_brand":[],"product_cat":[1334],"product_tag":[2106],"class_list":{"0":"post-55468","1":"product","2":"type-product","3":"status-publish","4":"has-post-thumbnail","6":"product_cat-saunatarvikkeet","7":"product_tag-sauna-fi","9":"first","10":"instock","11":"sale","12":"taxable","13":"shipping-taxable","14":"purchasable","15":"product-type-simple"},"acf":[],"_links":{"self":[{"href":"https:\/\/factory.sale\/fi\/wp-json\/wp\/v2\/product\/55468","targetHints":{"allow":["GET"]}}],"collection":[{"href":"https:\/\/factory.sale\/fi\/wp-json\/wp\/v2\/product"}],"about":[{"href":"https:\/\/factory.sale\/fi\/wp-json\/wp\/v2\/types\/product"}],"replies":[{"embeddable":true,"href":"https:\/\/factory.sale\/fi\/wp-json\/wp\/v2\/comments?post=55468"}],"wp:featuredmedia":[{"embeddable":true,"href":"https:\/\/factory.sale\/fi\/wp-json\/wp\/v2\/media\/55429"}],"wp:attachment":[{"href":"https:\/\/factory.sale\/fi\/wp-json\/wp\/v2\/media?parent=55468"}],"wp:term":[{"taxonomy":"factory","embeddable":true,"href":"https:\/\/factory.sale\/fi\/wp-json\/wp\/v2\/factory?post=55468"},{"taxonomy":"free-shipment","embeddable":true,"href":"https:\/\/factory.sale\/fi\/wp-json\/wp\/v2\/free-shipment?post=55468"},{"taxonomy":"product_brand","embeddable":true,"href":"https:\/\/factory.sale\/fi\/wp-json\/wp\/v2\/product_brand?post=55468"},{"taxonomy":"product_cat","embeddable":true,"href":"https:\/\/factory.sale\/fi\/wp-json\/wp\/v2\/product_cat?post=55468"},{"taxonomy":"product_tag","embeddable":true,"href":"https:\/\/factory.sale\/fi\/wp-json\/wp\/v2\/product_tag?post=55468"}],"curies":[{"name":"wp","href":"https:\/\/api.w.org\/{rel}","templated":true}]}}