{"id":55461,"date":"2023-12-17T20:00:53","date_gmt":"2023-12-17T20:08:21","guid":{"rendered":"https:\/\/factory.sale\/?post_type=product&#038;p=55461"},"modified":"2024-06-27T13:21:19","modified_gmt":"2024-06-27T13:21:19","slug":"stoveman-boileri-100-l","status":"publish","type":"product","link":"https:\/\/factory.sale\/fi\/tuote\/stoveman-boileri-100-l\/","title":{"rendered":"Stoveman boileri 100 L"},"content":{"rendered":"<p><strong>Tuotekoodi: 13110530<\/strong><\/p>\n<p>&nbsp;<\/p>\n<p>Stoveman BOILER on erityisesti sauna tarbevee soojendamiseks saunaahju l\u00e4mp\u00f6vaheti kautta.<\/p>\n<p>Boiler on arvestatud trassi veesurvele kuni 4 bari. Korpus on valmistettu 3mm ter\u00e4slehest. Kattila on varustettu nelja \u00be tollise tingl\u00e4bim\u00f5\u00f5duga sisekeermega \u00fchendusnipliga.<\/p>\n<p>Boileri mutta suositeltu asend on horisontaalne h\u00e4nt\u00e4 on mahdollista sek\u00e4 vertikaalisesti.<\/p>\n<p>&nbsp;<\/p>\n<p>&nbsp;<\/p>\n<p><strong>Tuotetiedot:<\/strong><\/p>\n<ul>\n<li>Kattilan tilavuus: 100 litraa<\/li>\n<li>Pakendin mitat 71 \u00d7 50 \u00d7 60 cm (P\/L\/K)<\/li>\n<li>Kaal: 37 kg<\/li>\n<\/ul>\n","protected":false},"excerpt":{"rendered":"<p>Stoveman BOILER on erityisesti sauna tarbevee soojendamiseks saunaahju l\u00e4mp\u00f6vaheti kautta.\u00a0Boiler on arvestatud trassi veesurvele kuni 4 bari. Korpus on valmistettu 3mm ter\u00e4slehest. Kattila on varustettu nelja \u00be tollise tingl\u00e4bim\u00f5\u00f5duga sisekeermega \u00fchendusnipliga.<\/p>\n","protected":false},"featured_media":55429,"comment_status":"open","ping_status":"closed","template":"","meta":{"_acf_changed":false},"factory":[],"free-shipment":[],"product_brand":[],"product_cat":[1334],"product_tag":[2106],"class_list":{"0":"post-55461","1":"product","2":"type-product","3":"status-publish","4":"has-post-thumbnail","6":"product_cat-saunatarvikkeet","7":"product_tag-sauna-fi","9":"first","10":"instock","11":"sale","12":"taxable","13":"shipping-taxable","14":"purchasable","15":"product-type-simple"},"acf":[],"_links":{"self":[{"href":"https:\/\/factory.sale\/fi\/wp-json\/wp\/v2\/product\/55461","targetHints":{"allow":["GET"]}}],"collection":[{"href":"https:\/\/factory.sale\/fi\/wp-json\/wp\/v2\/product"}],"about":[{"href":"https:\/\/factory.sale\/fi\/wp-json\/wp\/v2\/types\/product"}],"replies":[{"embeddable":true,"href":"https:\/\/factory.sale\/fi\/wp-json\/wp\/v2\/comments?post=55461"}],"wp:featuredmedia":[{"embeddable":true,"href":"https:\/\/factory.sale\/fi\/wp-json\/wp\/v2\/media\/55429"}],"wp:attachment":[{"href":"https:\/\/factory.sale\/fi\/wp-json\/wp\/v2\/media?parent=55461"}],"wp:term":[{"taxonomy":"factory","embeddable":true,"href":"https:\/\/factory.sale\/fi\/wp-json\/wp\/v2\/factory?post=55461"},{"taxonomy":"free-shipment","embeddable":true,"href":"https:\/\/factory.sale\/fi\/wp-json\/wp\/v2\/free-shipment?post=55461"},{"taxonomy":"product_brand","embeddable":true,"href":"https:\/\/factory.sale\/fi\/wp-json\/wp\/v2\/product_brand?post=55461"},{"taxonomy":"product_cat","embeddable":true,"href":"https:\/\/factory.sale\/fi\/wp-json\/wp\/v2\/product_cat?post=55461"},{"taxonomy":"product_tag","embeddable":true,"href":"https:\/\/factory.sale\/fi\/wp-json\/wp\/v2\/product_tag?post=55461"}],"curies":[{"name":"wp","href":"https:\/\/api.w.org\/{rel}","templated":true}]}}