{"id":55436,"date":"2023-12-17T19:20:13","date_gmt":"2023-12-17T19:26:40","guid":{"rendered":"https:\/\/factory.sale\/?post_type=product&#038;p=55436"},"modified":"2024-06-27T12:00:08","modified_gmt":"2024-06-27T12:00:08","slug":"stoveman-boileri-80-l","status":"publish","type":"product","link":"https:\/\/factory.sale\/fi\/tuote\/stoveman-boileri-80-l\/","title":{"rendered":"Stoveman boileri 80 L"},"content":{"rendered":"<p><strong>Tuotekoodi: 13110525<\/strong><\/p>\n<p>&nbsp;<\/p>\n<p>Stoveman boileri on ensisijaisesti tarkoitettu saunan k\u00e4ytt\u00f6veden l\u00e4mmitt\u00e4miseen kiukaan l\u00e4mm\u00f6nvaihtimen kautta.<\/p>\n<p>Kattila on suunniteltu jopa 4 baarin vedenpaineelle. Runko on valmistettu 3 mm ter\u00e4slevyst\u00e4. Kattila on varustettu nelj\u00e4ll\u00e4 liit\u00e4nt\u00e4nippalla, joiden vakiohalkaisija on \u00be tuumaa.<\/p>\n<p>Kattilan suositeltava asento on vaakasuora, mutta se voidaan asentaa my\u00f6s pystysuoraan.<\/p>\n<p>&nbsp;<\/p>\n<p><strong>Yleist\u00e4 tietoa:<\/strong><\/p>\n<ul>\n<li>Kattilan tilavuus: 80 litraa<\/li>\n<li>Pakkauksen mitat: 59 \u00d7 50 \u00d7 60 cm (P\/L\/K)<\/li>\n<li>Paino: 33 kg<\/li>\n<\/ul>\n","protected":false},"excerpt":{"rendered":"<p>Stoveman boileri on ensisijaisesti tarkoitettu saunan k\u00e4ytt\u00f6veden l\u00e4mmitt\u00e4miseen kiukaan l\u00e4mm\u00f6nvaihtimen kautta.\u00a0Kattila on suunniteltu jopa 4 baarin vedenpaineelle. Runko on valmistettu 3 mm ter\u00e4slevyst\u00e4. Kattila on varustettu nelj\u00e4ll\u00e4 liit\u00e4nt\u00e4nippalla, joiden vakiohalkaisija on \u00be tuumaa.<\/p>\n","protected":false},"featured_media":55429,"comment_status":"open","ping_status":"closed","template":"","meta":{"_acf_changed":false},"factory":[],"free-shipment":[],"product_brand":[],"product_cat":[1334],"product_tag":[],"class_list":{"0":"post-55436","1":"product","2":"type-product","3":"status-publish","4":"has-post-thumbnail","6":"product_cat-saunatarvikkeet","8":"first","9":"instock","10":"sale","11":"taxable","12":"shipping-taxable","13":"purchasable","14":"product-type-simple"},"acf":[],"_links":{"self":[{"href":"https:\/\/factory.sale\/fi\/wp-json\/wp\/v2\/product\/55436","targetHints":{"allow":["GET"]}}],"collection":[{"href":"https:\/\/factory.sale\/fi\/wp-json\/wp\/v2\/product"}],"about":[{"href":"https:\/\/factory.sale\/fi\/wp-json\/wp\/v2\/types\/product"}],"replies":[{"embeddable":true,"href":"https:\/\/factory.sale\/fi\/wp-json\/wp\/v2\/comments?post=55436"}],"wp:featuredmedia":[{"embeddable":true,"href":"https:\/\/factory.sale\/fi\/wp-json\/wp\/v2\/media\/55429"}],"wp:attachment":[{"href":"https:\/\/factory.sale\/fi\/wp-json\/wp\/v2\/media?parent=55436"}],"wp:term":[{"taxonomy":"factory","embeddable":true,"href":"https:\/\/factory.sale\/fi\/wp-json\/wp\/v2\/factory?post=55436"},{"taxonomy":"free-shipment","embeddable":true,"href":"https:\/\/factory.sale\/fi\/wp-json\/wp\/v2\/free-shipment?post=55436"},{"taxonomy":"product_brand","embeddable":true,"href":"https:\/\/factory.sale\/fi\/wp-json\/wp\/v2\/product_brand?post=55436"},{"taxonomy":"product_cat","embeddable":true,"href":"https:\/\/factory.sale\/fi\/wp-json\/wp\/v2\/product_cat?post=55436"},{"taxonomy":"product_tag","embeddable":true,"href":"https:\/\/factory.sale\/fi\/wp-json\/wp\/v2\/product_tag?post=55436"}],"curies":[{"name":"wp","href":"https:\/\/api.w.org\/{rel}","templated":true}]}}