{"id":55417,"date":"2023-12-17T19:03:33","date_gmt":"2023-12-17T19:12:10","guid":{"rendered":"https:\/\/factory.sale\/?post_type=product&#038;p=55417"},"modified":"2024-06-26T09:39:57","modified_gmt":"2024-06-26T09:39:57","slug":"lammonvaihdin-sv3-rv","status":"publish","type":"product","link":"https:\/\/factory.sale\/fi\/tuote\/lammonvaihdin-sv3-rv\/","title":{"rendered":"L\u00e4mm\u00f6nvaihdin SV3 RV"},"content":{"rendered":"<p><strong>Tuotekoodi: 13110724<\/strong><\/p>\n<p>&nbsp;<\/p>\n<p>L\u00e4mm\u00f6nvaihdin SV3 on tarkoitettu veden l\u00e4mmitt\u00e4miseen kattila tulisijan hukkal\u00e4mm\u00f6ll\u00e4. L\u00e4mm\u00f6nvaihdin on osa saunan k\u00e4ytt\u00f6veden l\u00e4mmitysj\u00e4rjestelm\u00e4\u00e4.<\/p>\n<p>SV3-l\u00e4mm\u00f6nvaihdin on ensisijaisesti tarkoitettu k\u00e4ytett\u00e4v\u00e4ksi &#8220;Stoveman&#8221;-kiukaiden setiss\u00e4, mutta se voidaan asentaa kaikkiin kiukaisiin, joiden savukaasujen poistoputki menee kiukaan yl\u00e4osasta yl\u00f6sp\u00e4in ja sen ulkohalkaisija on 115mm. L\u00e4mm\u00f6nsiirtimen savupiippuputken alaputken p\u00e4\u00e4 asennetaan kiukaan savukaasujen poistoputken p\u00e4\u00e4lle. Ylemm\u00e4n putken p\u00e4\u00e4n liitt\u00e4miseen hormiin k\u00e4ytet\u00e4\u00e4n erityisi\u00e4 metallisia savuputkia, jotka tiivistet\u00e4\u00e4n tarvittaessa l\u00e4mm\u00f6nkest\u00e4v\u00e4ll\u00e4 tiivistenauhalla. L\u00e4mm\u00f6nvaihtimen k\u00e4ytt\u00f6\u00e4 varten s\u00e4ili\u00f6n yl\u00e4- ja alaosassa on putkisuuttimet (3\/4&#8243;), joissa on sis\u00e4kierre.<\/p>\n<p>&nbsp;<\/p>\n<p><strong>Yleist\u00e4 tietoa:<\/strong><\/p>\n<ul>\n<li>Pakkauksen mitat: 20 \u00d7 21 \u00d7 53 cm (P\/L\/K)<\/li>\n<li>Paino: 6,5 kg<\/li>\n<\/ul>\n<p>&nbsp;<\/p>\n<p>&nbsp;<\/p>\n<p><a href=\"https:\/\/factory.sale\/wp-content\/uploads\/2023\/12\/SV-3-joonis.pdf\" target=\"_blank\" rel=\"noopener\">PDF piirustus<\/a><\/p>\n","protected":false},"excerpt":{"rendered":"<p>L\u00e4mm\u00f6nvaihdin SV3 on tarkoitettu veden l\u00e4mmitt\u00e4miseen kattila tulisijan hukkal\u00e4mm\u00f6ll\u00e4. L\u00e4mm\u00f6nvaihdin on osa saunan k\u00e4ytt\u00f6veden l\u00e4mmitysj\u00e4rjestelm\u00e4\u00e4.\u00a0SV3-l\u00e4mm\u00f6nvaihdin on ensisijaisesti tarkoitettu k\u00e4ytett\u00e4v\u00e4ksi &#8220;Stoveman&#8221;-kiukaiden setiss\u00e4, mutta se voidaan asentaa kaikkiin kiukaisiin, joiden savukaasujen poistoputki menee kiukaan yl\u00e4osasta yl\u00f6sp\u00e4in ja sen ulkohalkaisija on 115mm.<\/p>\n","protected":false},"featured_media":55405,"comment_status":"open","ping_status":"closed","template":"","meta":{"_acf_changed":false},"factory":[],"free-shipment":[],"product_brand":[],"product_cat":[1334],"product_tag":[2106],"class_list":{"0":"post-55417","1":"product","2":"type-product","3":"status-publish","4":"has-post-thumbnail","6":"product_cat-saunatarvikkeet","7":"product_tag-sauna-fi","9":"first","10":"instock","11":"sale","12":"taxable","13":"shipping-taxable","14":"purchasable","15":"product-type-simple"},"acf":[],"_links":{"self":[{"href":"https:\/\/factory.sale\/fi\/wp-json\/wp\/v2\/product\/55417","targetHints":{"allow":["GET"]}}],"collection":[{"href":"https:\/\/factory.sale\/fi\/wp-json\/wp\/v2\/product"}],"about":[{"href":"https:\/\/factory.sale\/fi\/wp-json\/wp\/v2\/types\/product"}],"replies":[{"embeddable":true,"href":"https:\/\/factory.sale\/fi\/wp-json\/wp\/v2\/comments?post=55417"}],"wp:featuredmedia":[{"embeddable":true,"href":"https:\/\/factory.sale\/fi\/wp-json\/wp\/v2\/media\/55405"}],"wp:attachment":[{"href":"https:\/\/factory.sale\/fi\/wp-json\/wp\/v2\/media?parent=55417"}],"wp:term":[{"taxonomy":"factory","embeddable":true,"href":"https:\/\/factory.sale\/fi\/wp-json\/wp\/v2\/factory?post=55417"},{"taxonomy":"free-shipment","embeddable":true,"href":"https:\/\/factory.sale\/fi\/wp-json\/wp\/v2\/free-shipment?post=55417"},{"taxonomy":"product_brand","embeddable":true,"href":"https:\/\/factory.sale\/fi\/wp-json\/wp\/v2\/product_brand?post=55417"},{"taxonomy":"product_cat","embeddable":true,"href":"https:\/\/factory.sale\/fi\/wp-json\/wp\/v2\/product_cat?post=55417"},{"taxonomy":"product_tag","embeddable":true,"href":"https:\/\/factory.sale\/fi\/wp-json\/wp\/v2\/product_tag?post=55417"}],"curies":[{"name":"wp","href":"https:\/\/api.w.org\/{rel}","templated":true}]}}