{"id":55305,"date":"2023-12-17T13:16:34","date_gmt":"2023-12-17T13:21:28","guid":{"rendered":"https:\/\/factory.sale\/?post_type=product&#038;p=55305"},"modified":"2024-06-26T13:17:07","modified_gmt":"2024-06-26T13:17:07","slug":"lammonvaihdin-sv1","status":"publish","type":"product","link":"https:\/\/factory.sale\/fi\/tuote\/lammonvaihdin-sv1\/","title":{"rendered":"L\u00e4mm\u00f6nvaihdin SV1"},"content":{"rendered":"<p><strong>Tuotekoodi: 13110720<\/strong><\/p>\n<p>&nbsp;<\/p>\n<p>L\u00e4mm\u00f6nvaihtimen avulla voit l\u00e4mmitt\u00e4\u00e4 my\u00f6s vett\u00e4 samalla kun l\u00e4mmit\u00e4t saunaa.\u00a0L\u00e4mm\u00f6nvaihdin on valmistettu 4 mm ter\u00e4ksest\u00e4 ja viimeistelty l\u00e4mm\u00f6nkest\u00e4v\u00e4ll\u00e4 maalilla.\u00a0Liit\u00e4nn\u00e4t vesivaippaan on tehty putkesta, jossa on \u00be\u201d ulkokierre.<br \/>\nL\u00e4mm\u00f6nvaihdin voidaan asentaa kiukaan tulisijan sivuille.<\/p>\n<p><strong>Soveltuu k\u00e4ytett\u00e4v\u00e4ksi Stoveman 16 -kiukaissa; 20 ja 24.<\/strong><\/p>\n<p>Ei sovellu k\u00e4ytett\u00e4v\u00e4ksi Stoveman 13 -malleissa.<\/p>\n<p>&nbsp;<\/p>\n<p><strong>Yleist\u00e4 tietoa:<\/strong><\/p>\n<ul>\n<li>Pakkauksen mitat: 18 \u00d7 9 \u00d7 50 cm (P\/L\/K)<\/li>\n<li>Paino: 6 kg<\/li>\n<\/ul>\n<p>&nbsp;<\/p>\n<p><a href=\"https:\/\/www.youtube.com\/watch?v=ggfB_7ihm24\" target=\"_blank\" rel=\"noopener\">Manuaalinen<\/a><\/p>\n","protected":false},"excerpt":{"rendered":"<p>L\u00e4mm\u00f6nvaihtimen avulla voit l\u00e4mmitt\u00e4\u00e4 my\u00f6s vett\u00e4 samalla kun l\u00e4mmit\u00e4t saunaa.\u00a0L\u00e4mm\u00f6nvaihdin on valmistettu 4 mm ter\u00e4ksest\u00e4 ja viimeistelty l\u00e4mm\u00f6nkest\u00e4v\u00e4ll\u00e4 maalilla.\u00a0Liit\u00e4nn\u00e4t vesivaippaan on tehty putkesta, jossa on \u00be\u201d ulkokierre.<br \/>\nL\u00e4mm\u00f6nvaihdin voidaan asentaa kiukaan tulisijan sivuille.<\/p>\n","protected":false},"featured_media":55301,"comment_status":"open","ping_status":"closed","template":"","meta":{"_acf_changed":false},"factory":[],"free-shipment":[],"product_brand":[],"product_cat":[1334],"product_tag":[2106],"class_list":{"0":"post-55305","1":"product","2":"type-product","3":"status-publish","4":"has-post-thumbnail","6":"product_cat-saunatarvikkeet","7":"product_tag-sauna-fi","9":"first","10":"instock","11":"sale","12":"taxable","13":"shipping-taxable","14":"purchasable","15":"product-type-simple"},"acf":[],"_links":{"self":[{"href":"https:\/\/factory.sale\/fi\/wp-json\/wp\/v2\/product\/55305","targetHints":{"allow":["GET"]}}],"collection":[{"href":"https:\/\/factory.sale\/fi\/wp-json\/wp\/v2\/product"}],"about":[{"href":"https:\/\/factory.sale\/fi\/wp-json\/wp\/v2\/types\/product"}],"replies":[{"embeddable":true,"href":"https:\/\/factory.sale\/fi\/wp-json\/wp\/v2\/comments?post=55305"}],"wp:featuredmedia":[{"embeddable":true,"href":"https:\/\/factory.sale\/fi\/wp-json\/wp\/v2\/media\/55301"}],"wp:attachment":[{"href":"https:\/\/factory.sale\/fi\/wp-json\/wp\/v2\/media?parent=55305"}],"wp:term":[{"taxonomy":"factory","embeddable":true,"href":"https:\/\/factory.sale\/fi\/wp-json\/wp\/v2\/factory?post=55305"},{"taxonomy":"free-shipment","embeddable":true,"href":"https:\/\/factory.sale\/fi\/wp-json\/wp\/v2\/free-shipment?post=55305"},{"taxonomy":"product_brand","embeddable":true,"href":"https:\/\/factory.sale\/fi\/wp-json\/wp\/v2\/product_brand?post=55305"},{"taxonomy":"product_cat","embeddable":true,"href":"https:\/\/factory.sale\/fi\/wp-json\/wp\/v2\/product_cat?post=55305"},{"taxonomy":"product_tag","embeddable":true,"href":"https:\/\/factory.sale\/fi\/wp-json\/wp\/v2\/product_tag?post=55305"}],"curies":[{"name":"wp","href":"https:\/\/api.w.org\/{rel}","templated":true}]}}