{"id":55293,"date":"2023-12-17T12:55:42","date_gmt":"2023-12-17T13:07:38","guid":{"rendered":"https:\/\/factory.sale\/?post_type=product&#038;p=55293"},"modified":"2024-06-29T05:57:31","modified_gmt":"2024-06-29T05:57:31","slug":"savupiipun-putki-vesisailio-ruostumattomasta-teraksesta-38-l","status":"publish","type":"product","link":"https:\/\/factory.sale\/fi\/tuote\/savupiipun-putki-vesisailio-ruostumattomasta-teraksesta-38-l\/","title":{"rendered":"Savupiipun putki-vesis\u00e4ili\u00f6 ruostumattomasta ter\u00e4ksest\u00e4 38 L"},"content":{"rendered":"<p><strong>Tuotekoodi: 13110510<\/strong><\/p>\n<p>&nbsp;<\/p>\n<p>Stoveman savupiipun putki-vesis\u00e4ili\u00f6 on tarkoitettu saunaveden l\u00e4mmitt\u00e4miseen oloissa, joista puuttuvat sis\u00e4\u00e4nrakennetut vesijohdot ja saunassa k\u00e4ytett\u00e4v\u00e4 vesi saadaan joesta, j\u00e4rvest\u00e4 tai kaivosta.<br \/>\nVesis\u00e4ili\u00f6 sopii kaikkiin puul\u00e4mmitteisiin kiukkaisiin, joiden savupiipun l\u00e4pimitta on 115 mm. Vesis\u00e4ili\u00f6 asennetaan suoraan savupiipun putkelle ja vesis\u00e4ili\u00f6st\u00e4 eteenp\u00e4in l\u00e4htev\u00e4t savupiipun hormiin asti vain savupiipun putket. Vesis\u00e4ili\u00f6 on lieri\u00f6m\u00e4inen kannellinen astia l\u00e4pimitalla 320 mm. Stoveman savupiipun vesis\u00e4ili\u00f6\u00f6n mahtuu 38 l vett\u00e4. Vesis\u00e4ili\u00f6 on varustettu yhdell\u00e4 putkenp\u00e4\u00e4ll\u00e4 (sis\u00e4kierre \u00be sivulla) hanon asentamista varten s\u00e4ili\u00f6\u00f6n.<br \/>\nTuotteessa on s\u00e4\u00e4dett\u00e4v\u00e4t kiinnityspidikkeet, jotka tekev\u00e4t tuotteen asentamisen helpoksi ja yksinkertaiseksi. Tuotteen vesis\u00e4ili\u00f6 on valmistettu 1,5mm ruostumattomasta ter\u00e4ksest\u00e4. S\u00e4ili\u00f6n sis\u00e4ll\u00e4 oleva l\u00e4mmitt\u00e4v\u00e4 savupiipun putki on valmistettu 2mm happo-ja kuumaakest\u00e4v\u00e4st\u00e4 ruostumattomasta erikoister\u00e4ksest\u00e4.<\/p>\n<p>&nbsp;<\/p>\n<p>&nbsp;<\/p>\n<p><strong>Kannattaa tiet\u00e4\u00e4:<\/strong><\/p>\n<p>K\u00e4yt\u00f6ss\u00e4 voi s\u00e4ili\u00f6\u00f6n muodostua kalkkikive\u00e4.<\/p>\n<p>&nbsp;<\/p>\n<p><strong>Yleisi\u00e4 tietoja:<\/strong><\/p>\n<ul>\n<li>Yleiskorkeus: 80 cm<\/li>\n<li>S\u00e4ili\u00f6n l\u00e4pimitta: 32 cm<\/li>\n<li>Tilavuus: 38 litraa<\/li>\n<li>Paino: 18,5 kg<\/li>\n<li>Pakkauksen mittat: 42 \u00d7 34 \u00d7 80 cm (p\/l\/k)<\/li>\n<li>Paino: 18.5 kg (kilogramma)<\/li>\n<\/ul>\n","protected":false},"excerpt":{"rendered":"<p>Vesis\u00e4ili\u00f6 sopii kaikkiin puul\u00e4mmitteisiin kiukkaisiin, joiden savupiipun l\u00e4pimitta on 115 mm. Vesis\u00e4ili\u00f6 asennetaan suoraan savupiipun putkelle ja vesis\u00e4ili\u00f6st\u00e4 eteenp\u00e4in l\u00e4htev\u00e4t savupiipun hormiin asti vain savupiipun putket. Vesis\u00e4ili\u00f6 on lieri\u00f6m\u00e4inen kannellinen astia l\u00e4pimitalla 320 mm. Stoveman savupiipun vesis\u00e4ili\u00f6\u00f6n mahtuu 38 l vett\u00e4. Vesis\u00e4ili\u00f6 on varustettu yhdell\u00e4 putkenp\u00e4\u00e4ll\u00e4 (sis\u00e4kierre \u00be sivulla) hanon asentamista varten s\u00e4ili\u00f6\u00f6n.<\/p>\n","protected":false},"featured_media":55288,"comment_status":"open","ping_status":"closed","template":"","meta":{"_acf_changed":false},"factory":[],"free-shipment":[],"product_brand":[],"product_cat":[1334],"product_tag":[2106],"class_list":{"0":"post-55293","1":"product","2":"type-product","3":"status-publish","4":"has-post-thumbnail","6":"product_cat-saunatarvikkeet","7":"product_tag-sauna-fi","9":"first","10":"instock","11":"sale","12":"taxable","13":"shipping-taxable","14":"purchasable","15":"product-type-simple"},"acf":[],"_links":{"self":[{"href":"https:\/\/factory.sale\/fi\/wp-json\/wp\/v2\/product\/55293","targetHints":{"allow":["GET"]}}],"collection":[{"href":"https:\/\/factory.sale\/fi\/wp-json\/wp\/v2\/product"}],"about":[{"href":"https:\/\/factory.sale\/fi\/wp-json\/wp\/v2\/types\/product"}],"replies":[{"embeddable":true,"href":"https:\/\/factory.sale\/fi\/wp-json\/wp\/v2\/comments?post=55293"}],"wp:featuredmedia":[{"embeddable":true,"href":"https:\/\/factory.sale\/fi\/wp-json\/wp\/v2\/media\/55288"}],"wp:attachment":[{"href":"https:\/\/factory.sale\/fi\/wp-json\/wp\/v2\/media?parent=55293"}],"wp:term":[{"taxonomy":"factory","embeddable":true,"href":"https:\/\/factory.sale\/fi\/wp-json\/wp\/v2\/factory?post=55293"},{"taxonomy":"free-shipment","embeddable":true,"href":"https:\/\/factory.sale\/fi\/wp-json\/wp\/v2\/free-shipment?post=55293"},{"taxonomy":"product_brand","embeddable":true,"href":"https:\/\/factory.sale\/fi\/wp-json\/wp\/v2\/product_brand?post=55293"},{"taxonomy":"product_cat","embeddable":true,"href":"https:\/\/factory.sale\/fi\/wp-json\/wp\/v2\/product_cat?post=55293"},{"taxonomy":"product_tag","embeddable":true,"href":"https:\/\/factory.sale\/fi\/wp-json\/wp\/v2\/product_tag?post=55293"}],"curies":[{"name":"wp","href":"https:\/\/api.w.org\/{rel}","templated":true}]}}