{"id":55225,"date":"2023-12-17T11:35:11","date_gmt":"2023-12-17T11:54:37","guid":{"rendered":"https:\/\/factory.sale\/?post_type=product&#038;p=55225"},"modified":"2026-02-04T17:11:07","modified_gmt":"2026-02-04T14:11:07","slug":"savupiipon-verkko-h67-cm","status":"publish","type":"product","link":"https:\/\/factory.sale\/fi\/tuote\/savupiipon-verkko-h67-cm\/","title":{"rendered":"Savupiipun verkko (h=67 cm)"},"content":{"rendered":"<p><strong>Tuotekoodi:\u00a013110604<\/strong><\/p>\n<p>&nbsp;<\/p>\n<p>Savupiipun verkko Stoveman kiukaille on tarkoitettu tilanteeseen, jossa erist\u00e4m\u00e4t\u00f6n ter\u00e4ksinen savupiipun putki kulkee suoraan kiukaasta yl\u00f6sp\u00e4in ja tarvitsee erist\u00e4mist\u00e4 infrapunas\u00e4teilyn vuoksi. Stoveman savupiipun verkko on varustettu saranoilla ja siten on se helppo asentaa my\u00f6s kiukaan ja savupiipun asentamisen j\u00e4lkeen.<\/p>\n<p>Savupiipun verkko nojataan kiukaaseen ja t\u00e4ytet\u00e4\u00e4n kivill\u00e4 samoin kuin Stoveman.in kiukaan verkkokuori. Savupiipun ymp\u00e4rill\u00e4 olevat kivet l\u00e4mpenev\u00e4t samoin kuin kiukaankin, antaen saunaan lis\u00e4inertian ja mahdollistaen l\u00f6ylyn heitt\u00e4misen niille kiville. Stoveman savupiipun verkon asentamisen j\u00e4lkeen estyy my\u00f6s ep\u00e4miellytt\u00e4v\u00e4n ja vaarallisen infrapunas\u00e4teilyn levikki ter\u00e4ksisist\u00e4 savupiipun putkista. Savupiipun verkko on my\u00f6s kivill\u00e4 t\u00e4ytettyn\u00e4 huvin koristeellinen esine kiukaanne kanssa. Valita voi kahden verkon eri korkeuden v\u00e4lill\u00e4.<\/p>\n<p>&nbsp;<\/p>\n<p><strong>Yleistietoja:<\/strong><\/p>\n<ul>\n<li>Pakkauksen mittat: 33 \u00d7 16 \u00d7 67 cm (p\/l\/k)<\/li>\n<li>Paino: 5 kg (kilogramma)<\/li>\n<\/ul>\n","protected":false},"excerpt":{"rendered":"<p>Savupiipun verkko Stoveman kiukaille on tarkoitettu tilanteeseen, jossa erist\u00e4m\u00e4t\u00f6n ter\u00e4ksinen savupiipun putki kulkee suoraan kiukaasta yl\u00f6sp\u00e4in ja tarvitsee erist\u00e4mist\u00e4 infrapunas\u00e4teilyn vuoksi. Stoveman savupiipun verkko on varustettu saranoilla ja siten on se helppo asentaa my\u00f6s kiukaan ja savupiipun asentamisen j\u00e4lkeen.<\/p>\n","protected":false},"featured_media":55217,"comment_status":"open","ping_status":"closed","template":"","meta":{"_acf_changed":false},"factory":[],"free-shipment":[],"product_brand":[],"product_cat":[1334],"product_tag":[2106],"class_list":{"0":"post-55225","1":"product","2":"type-product","3":"status-publish","4":"has-post-thumbnail","6":"product_cat-saunatarvikkeet","7":"product_tag-sauna-fi","9":"first","10":"instock","11":"sale","12":"taxable","13":"shipping-taxable","14":"purchasable","15":"product-type-simple"},"acf":[],"_links":{"self":[{"href":"https:\/\/factory.sale\/fi\/wp-json\/wp\/v2\/product\/55225","targetHints":{"allow":["GET"]}}],"collection":[{"href":"https:\/\/factory.sale\/fi\/wp-json\/wp\/v2\/product"}],"about":[{"href":"https:\/\/factory.sale\/fi\/wp-json\/wp\/v2\/types\/product"}],"replies":[{"embeddable":true,"href":"https:\/\/factory.sale\/fi\/wp-json\/wp\/v2\/comments?post=55225"}],"wp:featuredmedia":[{"embeddable":true,"href":"https:\/\/factory.sale\/fi\/wp-json\/wp\/v2\/media\/55217"}],"wp:attachment":[{"href":"https:\/\/factory.sale\/fi\/wp-json\/wp\/v2\/media?parent=55225"}],"wp:term":[{"taxonomy":"factory","embeddable":true,"href":"https:\/\/factory.sale\/fi\/wp-json\/wp\/v2\/factory?post=55225"},{"taxonomy":"free-shipment","embeddable":true,"href":"https:\/\/factory.sale\/fi\/wp-json\/wp\/v2\/free-shipment?post=55225"},{"taxonomy":"product_brand","embeddable":true,"href":"https:\/\/factory.sale\/fi\/wp-json\/wp\/v2\/product_brand?post=55225"},{"taxonomy":"product_cat","embeddable":true,"href":"https:\/\/factory.sale\/fi\/wp-json\/wp\/v2\/product_cat?post=55225"},{"taxonomy":"product_tag","embeddable":true,"href":"https:\/\/factory.sale\/fi\/wp-json\/wp\/v2\/product_tag?post=55225"}],"curies":[{"name":"wp","href":"https:\/\/api.w.org\/{rel}","templated":true}]}}