{"id":54187,"date":"2023-12-12T14:19:30","date_gmt":"2023-12-12T14:26:54","guid":{"rendered":"https:\/\/factory.sale\/?post_type=product&#038;p=54187"},"modified":"2024-06-25T11:25:05","modified_gmt":"2024-06-25T11:25:05","slug":"sauna-uunin-tulisijan-kehys-stoveman-13","status":"publish","type":"product","link":"https:\/\/factory.sale\/fi\/tuote\/sauna-uunin-tulisijan-kehys-stoveman-13\/","title":{"rendered":"Sauna-uunin tulisijan kehys Stoveman 13"},"content":{"rendered":"<p><strong>Tuotekoodi: 13110630<\/strong><\/p>\n<p>&nbsp;<\/p>\n<p>Tulisijan kehys on tarkoitettu sein\u00e4n l\u00e4pi l\u00e4mmitett\u00e4v\u00e4n sauna-uunin tulisijan ymp\u00e4rist\u00f6n viimeistelyyn ja sein\u00e4aukon tukemiseen. Tulisijan kehyksi\u00e4 l\u00f6ytyy kaikkiin uuneihin. Tulisijan kehys on valmistettu kest\u00e4v\u00e4st\u00e4 2 mm ter\u00e4ksest\u00e4 ja viimeistelty l\u00e4mp\u00f6\u00e4 kest\u00e4v\u00e4ll\u00e4 maalilla. Tulisijan kehys antaa tulisijan ja sein\u00e4n siirtym\u00e4alueelle viimeistellyn ulkon\u00e4\u00f6n.<\/p>\n<p>&nbsp;<\/p>\n<p><strong>Tuotetiedot:<\/strong><\/p>\n<ul>\n<li>Pakkauksen mittat: 36 \u00d7 5 \u00d7 48 cm (p\/l\/k)<\/li>\n<li>Paino: 2 kg (kilogramma)<\/li>\n<\/ul>\n<p>&nbsp;<\/p>\n","protected":false},"excerpt":{"rendered":"<p>Tulisijan kehys on tarkoitettu sein\u00e4n l\u00e4pi l\u00e4mmitett\u00e4v\u00e4n sauna-uunin tulisijan ymp\u00e4rist\u00f6n viimeistelyyn ja sein\u00e4aukon tukemiseen. Tulisijan kehyksi\u00e4 l\u00f6ytyy kaikkiin uuneihin. Tulisijan kehys on valmistettu kest\u00e4v\u00e4st\u00e4 2 mm ter\u00e4ksest\u00e4 ja viimeistelty l\u00e4mp\u00f6\u00e4 kest\u00e4v\u00e4ll\u00e4 maalilla. Tulisijan kehys antaa tulisijan ja sein\u00e4n siirtym\u00e4alueelle viimeistellyn ulkon\u00e4\u00f6n.<\/p>\n","protected":false},"featured_media":54180,"comment_status":"open","ping_status":"closed","template":"","meta":{"_acf_changed":false},"factory":[],"free-shipment":[],"product_brand":[],"product_cat":[1329],"product_tag":[],"class_list":{"0":"post-54187","1":"product","2":"type-product","3":"status-publish","4":"has-post-thumbnail","6":"product_cat-uunit","8":"first","9":"instock","10":"sale","11":"taxable","12":"shipping-taxable","13":"purchasable","14":"product-type-simple"},"acf":[],"_links":{"self":[{"href":"https:\/\/factory.sale\/fi\/wp-json\/wp\/v2\/product\/54187","targetHints":{"allow":["GET"]}}],"collection":[{"href":"https:\/\/factory.sale\/fi\/wp-json\/wp\/v2\/product"}],"about":[{"href":"https:\/\/factory.sale\/fi\/wp-json\/wp\/v2\/types\/product"}],"replies":[{"embeddable":true,"href":"https:\/\/factory.sale\/fi\/wp-json\/wp\/v2\/comments?post=54187"}],"wp:featuredmedia":[{"embeddable":true,"href":"https:\/\/factory.sale\/fi\/wp-json\/wp\/v2\/media\/54180"}],"wp:attachment":[{"href":"https:\/\/factory.sale\/fi\/wp-json\/wp\/v2\/media?parent=54187"}],"wp:term":[{"taxonomy":"factory","embeddable":true,"href":"https:\/\/factory.sale\/fi\/wp-json\/wp\/v2\/factory?post=54187"},{"taxonomy":"free-shipment","embeddable":true,"href":"https:\/\/factory.sale\/fi\/wp-json\/wp\/v2\/free-shipment?post=54187"},{"taxonomy":"product_brand","embeddable":true,"href":"https:\/\/factory.sale\/fi\/wp-json\/wp\/v2\/product_brand?post=54187"},{"taxonomy":"product_cat","embeddable":true,"href":"https:\/\/factory.sale\/fi\/wp-json\/wp\/v2\/product_cat?post=54187"},{"taxonomy":"product_tag","embeddable":true,"href":"https:\/\/factory.sale\/fi\/wp-json\/wp\/v2\/product_tag?post=54187"}],"curies":[{"name":"wp","href":"https:\/\/api.w.org\/{rel}","templated":true}]}}