{"id":53893,"date":"2023-12-11T09:58:02","date_gmt":"2023-12-11T10:12:14","guid":{"rendered":"https:\/\/factory.sale\/?post_type=product&#038;p=53893"},"modified":"2025-09-28T23:45:51","modified_gmt":"2025-09-28T20:45:51","slug":"andrewpol-lattialaudat-rebusta-erittain-maalainen","status":"publish","type":"product","link":"https:\/\/factory.sale\/fi\/tuote\/andrewpol-lattialaudat-rebusta-erittain-maalainen\/","title":{"rendered":"Andrewpol lattialaudat Rebusta \u2013 Eritt\u00e4in maalainen"},"content":{"rendered":"<p>Rebusta on vanhaa kulunutta lattiaa muistuttava lattia jyv\u00e4ll\u00e4\u00e4n ja luonnollisella rakenteellaan. Se luo huoneisiin l\u00e4mp\u00f6\u00e4 ja viihtyisyytt\u00e4. Karheus, oksat ja halkeamat luovat ainutlaatuisia pintoja, jotka tekev\u00e4t lattiasta eritt\u00e4in maalaismaisen. Ei ole ongelma, jos lattia naarmuuntuu vahingossa, koska se on melkein n\u00e4kym\u00e4t\u00f6n t\u00e4m\u00e4n tyyppisell\u00e4 lattialla!!!! Siin\u00e4 ei n\u00e4y vaurioita ja se on helppo huoltaa ja kunnostaa. T\u00e4llaiset laudat sopivat erinomaisesti paikkoihin, joissa lattian tulee t\u00e4ytt\u00e4\u00e4 suurempia vaatimuksia, ravintolalattioista hotelleihin ja usein taloihin.<\/p>\n<p>&nbsp;<\/p>\n<p>Hinnat alkaen 81.9 \u20ac.<\/p>\n<p>&nbsp;<\/p>\n<div class=\"enigma_blog_full\">\n<div class=\"enigma_blog_post_content\">\n<table border=\"0\" cellspacing=\"0\" cellpadding=\"0\">\n<tbody>\n<tr>\n<td width=\"24%\"><strong>Tammi:<\/strong><\/td>\n<td><strong>leveys<\/strong><\/td>\n<td><strong>korkeus<\/strong><\/td>\n<td><strong>paksuus<\/strong><\/td>\n<\/tr>\n<tr>\n<td width=\"24%\" height=\"30\"><\/td>\n<td width=\"16%\">\u00a0 160<\/td>\n<td width=\"28%\">\u00a0\u00a0 500 \u2013 2500 (3000)<\/td>\n<td width=\"21%\">\u00a0\u00a0\u00a0\u00a0\u00a0 21 mm<\/td>\n<\/tr>\n<tr>\n<td width=\"24%\" height=\"30\"><\/td>\n<td width=\"16%\">\u00a0 180<\/td>\n<td width=\"28%\">\u00a0\u00a0 500 \u2013 2500 (3000)<\/td>\n<td width=\"21%\">\u00a0\u00a0\u00a0\u00a0\u00a0 21 mm<\/td>\n<\/tr>\n<tr>\n<td width=\"24%\" height=\"10\"><\/td>\n<td width=\"16%\">\u00a0 200<\/td>\n<td width=\"28%\">\u00a0\u00a0 500 \u2013 2500 (3000)<\/td>\n<td width=\"21%\">\u00a0\u00a0\u00a0\u00a0\u00a0 21 mm<\/td>\n<\/tr>\n<\/tbody>\n<\/table>\n<\/div>\n<\/div>\n<div class=\"push-right\"><\/div>\n<div><\/div>\n<p><em>Jos et l\u00f6yd\u00e4 lattialautaa, joka vastaa vaatimuksiasi mittojen, luokan tai lopullisen visuaalisen vaikutelman suhteen, ota yhteytt\u00e4, niin voimme tehd\u00e4 tarjouksen yksil\u00f6llisten tarpeidesi mukaan!<\/em><\/p>\n<p>&nbsp;<\/p>\n<p>&nbsp;<\/p>\n","protected":false},"excerpt":{"rendered":"<p>Rebusta on vanhaa kulunutta lattiaa muistuttava lattia jyv\u00e4ll\u00e4\u00e4n ja luonnollisella rakenteellaan. Se luo huoneisiin l\u00e4mp\u00f6\u00e4 ja viihtyisyytt\u00e4. Karheus, oksat ja halkeamat luovat ainutlaatuisia pintoja, jotka tekev\u00e4t lattiasta eritt\u00e4in maalaismaisen. Ei ole ongelma, jos lattia naarmuuntuu vahingossa, koska se on melkein n\u00e4kym\u00e4t\u00f6n t\u00e4m\u00e4n tyyppisell\u00e4 lattialla!!!! Siin\u00e4 ei n\u00e4y vaurioita ja se on helppo huoltaa ja kunnostaa. T\u00e4llaiset laudat sopivat erinomaisesti paikkoihin, joissa lattian tulee t\u00e4ytt\u00e4\u00e4 suurempia vaatimuksia, ravintolalattioista hotelleihin ja usein taloihin.<\/p>\n","protected":false},"featured_media":53879,"comment_status":"open","ping_status":"closed","template":"","meta":{"_acf_changed":false},"factory":[],"free-shipment":[],"product_brand":[],"product_cat":[450,446],"product_tag":[504],"class_list":{"0":"post-53893","1":"product","2":"type-product","3":"status-publish","4":"has-post-thumbnail","6":"product_cat-parketti","7":"product_cat-lattiat","8":"product_tag-floor-fi","10":"first","11":"instock","12":"sale","13":"taxable","14":"shipping-taxable","15":"purchasable","16":"product-type-simple"},"acf":[],"_links":{"self":[{"href":"https:\/\/factory.sale\/fi\/wp-json\/wp\/v2\/product\/53893","targetHints":{"allow":["GET"]}}],"collection":[{"href":"https:\/\/factory.sale\/fi\/wp-json\/wp\/v2\/product"}],"about":[{"href":"https:\/\/factory.sale\/fi\/wp-json\/wp\/v2\/types\/product"}],"replies":[{"embeddable":true,"href":"https:\/\/factory.sale\/fi\/wp-json\/wp\/v2\/comments?post=53893"}],"wp:featuredmedia":[{"embeddable":true,"href":"https:\/\/factory.sale\/fi\/wp-json\/wp\/v2\/media\/53879"}],"wp:attachment":[{"href":"https:\/\/factory.sale\/fi\/wp-json\/wp\/v2\/media?parent=53893"}],"wp:term":[{"taxonomy":"factory","embeddable":true,"href":"https:\/\/factory.sale\/fi\/wp-json\/wp\/v2\/factory?post=53893"},{"taxonomy":"free-shipment","embeddable":true,"href":"https:\/\/factory.sale\/fi\/wp-json\/wp\/v2\/free-shipment?post=53893"},{"taxonomy":"product_brand","embeddable":true,"href":"https:\/\/factory.sale\/fi\/wp-json\/wp\/v2\/product_brand?post=53893"},{"taxonomy":"product_cat","embeddable":true,"href":"https:\/\/factory.sale\/fi\/wp-json\/wp\/v2\/product_cat?post=53893"},{"taxonomy":"product_tag","embeddable":true,"href":"https:\/\/factory.sale\/fi\/wp-json\/wp\/v2\/product_tag?post=53893"}],"curies":[{"name":"wp","href":"https:\/\/api.w.org\/{rel}","templated":true}]}}